{"id":42896,"date":"2022-03-04T08:53:35","date_gmt":"2022-03-04T08:53:35","guid":{"rendered":"https:\/\/bellaugello.com\/la-cucina\/"},"modified":"2025-03-27T15:45:26","modified_gmt":"2025-03-27T15:45:26","slug":"la-cucina","status":"publish","type":"page","link":"https:\/\/bellaugello.com\/it\/la-cucina\/","title":{"rendered":"La cucina"},"content":{"rendered":"\t\t<div data-elementor-type=\"wp-page\" data-elementor-id=\"42896\" class=\"elementor elementor-42896 elementor-31\">\n\t\t\t\t\t\t<section class=\"elementor-section elementor-top-section elementor-element elementor-element-8a019c5 elementor-section-stretched elementor-section-content-middle elementor-reverse-tablet elementor-reverse-mobile elementor-section-boxed elementor-section-height-default elementor-section-height-default\" data-id=\"8a019c5\" data-element_type=\"section\" data-settings=\"{&quot;stretch_section&quot;:&quot;section-stretched&quot;,&quot;background_background&quot;:&quot;classic&quot;}\">\n\t\t\t\t\t\t<div class=\"elementor-container elementor-column-gap-default\">\n\t\t\t\t\t<div class=\"elementor-column elementor-col-50 elementor-top-column elementor-element elementor-element-d6e4279\" data-id=\"d6e4279\" data-element_type=\"column\">\n\t\t\t<div class=\"elementor-widget-wrap elementor-element-populated\">\n\t\t\t\t\t\t<div class=\"elementor-element elementor-element-932d50e elementor-widget elementor-widget-heading\" data-id=\"932d50e\" data-element_type=\"widget\" data-widget_type=\"heading.default\">\n\t\t\t\t<div class=\"elementor-widget-container\">\n\t\t\t\t\t<div class=\"elementor-heading-wrapper\" ><div class=\"elementor-heading-wrapper-inner\"><h2 class=\"elementor-heading-title elementor-size-default\"><span class=\"elementor-heading-title elementor-size-default elementor-inline-editing pen\" data-elementor-setting-key=\"title\" data-pen-placeholder=\"Type Here...\" style=\"font-family: Alkatra; font-size: 2.66667rem; max-width: 100%; clear: both; outline-color: currentcolor; outline-style: none;\">\"A tavola!\"<\/span><\/h2><\/div><\/div>\t\t\t\t<\/div>\n\t\t\t\t<\/div>\n\t\t\t\t<div class=\"elementor-element elementor-element-6b905b5 elementor-widget elementor-widget-text-editor\" data-id=\"6b905b5\" data-element_type=\"widget\" data-widget_type=\"text-editor.default\">\n\t\t\t\t<div class=\"elementor-widget-container\">\n\t\t\t\t\t        <div class=\"elementor-text-editor elementor-clearfix\"><p>\u00c8 cos\u00ec che le mamme di tutta Italia chiamano a tavola le loro famiglie. Condividere la tavola e mangiare del buon cibo insieme ha un valore speciale qui. Ci prendiamo cura di noi stessi e dei nostri ospiti utilizzando i migliori ingredienti possibili. Ecco perch\u00e9 abbiamo un orto biologico dove coltiviamo verdure e insalate di stagione. In tutto il giardino si incontrano erbe aromatiche come rosmarino, lavanda e salvia. L&#8217;aria estiva \u00e8 sempre profumata dai loro sapori inebrianti. Poich\u00e9 abbiamo un uliveto, produciamo il nostro olio extravergine di oliva biologico, un&#8217;attivit\u00e0 rilassante che ti fa vedere la vita con occhi diversi.<\/p>\n<\/div>\n        \t\t\t\t<\/div>\n\t\t\t\t<\/div>\n\t\t\t\t\t<\/div>\n\t\t<\/div>\n\t\t\t\t<div class=\"elementor-column elementor-col-50 elementor-top-column elementor-element elementor-element-d5e850e paddingactivitiesright\" data-id=\"d5e850e\" data-element_type=\"column\">\n\t\t\t<div class=\"elementor-widget-wrap elementor-element-populated\">\n\t\t\t\t\t\t<div class=\"elementor-element elementor-element-24fbf13 gallery-spacing-custom elementor-invisible elementor-widget elementor-widget-image-gallery\" data-id=\"24fbf13\" data-element_type=\"widget\" data-settings=\"{&quot;_animation&quot;:&quot;opal-move-up&quot;}\" data-widget_type=\"image-gallery.default\">\n\t\t\t\t<div class=\"elementor-widget-container\">\n\t\t\t\t\t\t\t<div class=\"elementor-image-gallery\">\n\t\t\t<div id='gallery-1' class='gallery galleryid-42896 gallery-columns-2 gallery-size-rehomes-featured-image-large'><figure class='gallery-item'>\n\t\t\t<div class='gallery-icon portrait'>\n\t\t\t\t<a data-elementor-open-lightbox=\"yes\" data-elementor-lightbox-slideshow=\"24fbf13\" data-e-action-hash=\"#elementor-action%3Aaction%3Dlightbox%26settings%3DeyJpZCI6NDI4MDAsInVybCI6Imh0dHBzOlwvXC9iZWxsYXVnZWxsby5jb21cL3dwLWNvbnRlbnRcL3VwbG9hZHNcLzIwMjRcLzAzXC9EU0NfNDIwNS1zY2FsZWQuanBnIiwic2xpZGVzaG93IjoiMjRmYmYxMyJ9\" href='https:\/\/bellaugello.com\/wp-content\/uploads\/2024\/03\/DSC_4205-scaled.jpg'><img fetchpriority=\"high\" decoding=\"async\" width=\"850\" height=\"480\" src=\"https:\/\/bellaugello.com\/wp-content\/uploads\/2024\/03\/DSC_4205-850x480.jpg\" class=\"attachment-rehomes-featured-image-large size-rehomes-featured-image-large\" alt=\"\" \/><\/a>\n\t\t\t<\/div><\/figure><figure class='gallery-item'>\n\t\t\t<div class='gallery-icon landscape'>\n\t\t\t\t<a data-elementor-open-lightbox=\"yes\" data-elementor-lightbox-slideshow=\"24fbf13\" data-e-action-hash=\"#elementor-action%3Aaction%3Dlightbox%26settings%3DeyJpZCI6NDI4MTUsInVybCI6Imh0dHBzOlwvXC9iZWxsYXVnZWxsby5jb21cL3dwLWNvbnRlbnRcL3VwbG9hZHNcLzIwMjRcLzAzXC9LaXRjaGVuX0EtdGF2b2xhMS5qcGVnIiwic2xpZGVzaG93IjoiMjRmYmYxMyJ9\" href='https:\/\/bellaugello.com\/wp-content\/uploads\/2024\/03\/Kitchen_A-tavola1.jpeg'><img decoding=\"async\" width=\"850\" height=\"480\" src=\"https:\/\/bellaugello.com\/wp-content\/uploads\/2024\/03\/Kitchen_A-tavola1-850x480.jpeg\" class=\"attachment-rehomes-featured-image-large size-rehomes-featured-image-large\" alt=\"\" \/><\/a>\n\t\t\t<\/div><\/figure><figure class='gallery-item'>\n\t\t\t<div class='gallery-icon landscape'>\n\t\t\t\t<a data-elementor-open-lightbox=\"yes\" data-elementor-lightbox-slideshow=\"24fbf13\" data-e-action-hash=\"#elementor-action%3Aaction%3Dlightbox%26settings%3DeyJpZCI6NDI4MTYsInVybCI6Imh0dHBzOlwvXC9iZWxsYXVnZWxsby5jb21cL3dwLWNvbnRlbnRcL3VwbG9hZHNcLzIwMjRcLzAzXC9LaXRjaGVuX0EtdGF2b2xhMi1zY2FsZWQuanBnIiwic2xpZGVzaG93IjoiMjRmYmYxMyJ9\" href='https:\/\/bellaugello.com\/wp-content\/uploads\/2024\/03\/Kitchen_A-tavola2-scaled.jpg'><img decoding=\"async\" width=\"850\" height=\"480\" src=\"https:\/\/bellaugello.com\/wp-content\/uploads\/2024\/03\/Kitchen_A-tavola2-850x480.jpg\" class=\"attachment-rehomes-featured-image-large size-rehomes-featured-image-large\" alt=\"\" srcset=\"https:\/\/bellaugello.com\/wp-content\/uploads\/2024\/03\/Kitchen_A-tavola2-850x480.jpg 850w, https:\/\/bellaugello.com\/wp-content\/uploads\/2024\/03\/Kitchen_A-tavola2-300x169.jpg 300w, https:\/\/bellaugello.com\/wp-content\/uploads\/2024\/03\/Kitchen_A-tavola2-700x394.jpg 700w\" sizes=\"(max-width: 850px) 100vw, 850px\" \/><\/a>\n\t\t\t<\/div><\/figure><figure class='gallery-item'>\n\t\t\t<div class='gallery-icon landscape'>\n\t\t\t\t<a data-elementor-open-lightbox=\"yes\" data-elementor-lightbox-slideshow=\"24fbf13\" data-e-action-hash=\"#elementor-action%3Aaction%3Dlightbox%26settings%3DeyJpZCI6NDMzMDAsInVybCI6Imh0dHBzOlwvXC9iZWxsYXVnZWxsby5jb21cL3dwLWNvbnRlbnRcL3VwbG9hZHNcLzIwMjVcLzAzXC9JTUdfMjY5OS1zY2FsZWQuanBlZyIsInNsaWRlc2hvdyI6IjI0ZmJmMTMifQ%3D%3D\" href='https:\/\/bellaugello.com\/wp-content\/uploads\/2025\/03\/IMG_2699-scaled.jpeg'><img loading=\"lazy\" decoding=\"async\" width=\"850\" height=\"480\" src=\"https:\/\/bellaugello.com\/wp-content\/uploads\/2025\/03\/IMG_2699-850x480.jpeg\" class=\"attachment-rehomes-featured-image-large size-rehomes-featured-image-large\" alt=\"\" \/><\/a>\n\t\t\t<\/div><\/figure>\n\t\t<\/div>\n\t\t<\/div>\n\t\t\t\t\t\t<\/div>\n\t\t\t\t<\/div>\n\t\t\t\t\t<\/div>\n\t\t<\/div>\n\t\t\t\t\t<\/div>\n\t\t<\/section>\n\t\t<div class=\"elementor-element elementor-element-f36f99a e-flex e-con-boxed e-con e-parent\" data-id=\"f36f99a\" data-element_type=\"container\">\n\t\t\t\t\t<div class=\"e-con-inner\">\n\t\t\t\t<div class=\"elementor-element elementor-element-f32ee3e elementor-invisible elementor-widget elementor-widget-heading\" data-id=\"f32ee3e\" data-element_type=\"widget\" data-settings=\"{&quot;_animation&quot;:&quot;opal-move-up&quot;}\" data-widget_type=\"heading.default\">\n\t\t\t\t<div class=\"elementor-widget-container\">\n\t\t\t\t\t<div class=\"elementor-heading-wrapper\" ><span class=\"sub-title\">BREAKFAST AT BELLAUGELLO<\/span><div class=\"elementor-heading-wrapper-inner\"><h1 class=\"elementor-heading-title elementor-size-default\">L'amicizia nasce in un batter d'occhio<\/h1><\/div><\/div>\t\t\t\t<\/div>\n\t\t\t\t<\/div>\n\t\t\t\t\t<\/div>\n\t\t\t\t<\/div>\n\t\t<div class=\"elementor-element elementor-element-668122b e-grid e-con-boxed e-con e-parent\" data-id=\"668122b\" data-element_type=\"container\">\n\t\t\t\t\t<div class=\"e-con-inner\">\n\t\t\t\t<div class=\"elementor-element elementor-element-066fd5c elementor-widget elementor-widget-text-editor\" data-id=\"066fd5c\" data-element_type=\"widget\" data-widget_type=\"text-editor.default\">\n\t\t\t\t<div class=\"elementor-widget-container\">\n\t\t\t\t\t        <div class=\"elementor-text-editor elementor-clearfix\"><p>Amiamo i pasti mattutini abbondanti e confortanti, perci\u00f2 la colazione viene servita ogni giorno sulla terrazza o nella sala da pranzo. \u00c8 un modo bellissimo di iniziare la giornata. Immagina altri sette o otto ragazzi come te che condividono i loro programmi e che, nel momento in cui si rendono conto di essere diretti nella stessa direzione, diventano amici. Immagina che questo accada nel miglior contesto possibile: un lungo tavolo pieno dei prodotti pi\u00f9 gustosi dell&#8217;Umbria, marmellate, pane e torte fatte in casa, formaggi e salumi locali, frutta fresca, cereali e yogurt fatti in casa, miele delle nostre api e un&#8217;eclettica variet\u00e0 di t\u00e8 e, ovviamente, caff\u00e8 italiano appena fatto.<\/p>\n<\/div>\n        \t\t\t\t<\/div>\n\t\t\t\t<\/div>\n\t\t\t\t<div class=\"elementor-element elementor-element-df53d07 elementor-widget elementor-widget-image\" data-id=\"df53d07\" data-element_type=\"widget\" data-widget_type=\"image.default\">\n\t\t\t\t<div class=\"elementor-widget-container\">\n\t\t\t\t\t\t\t\t\t\t\t\t\t\t\t<img loading=\"lazy\" decoding=\"async\" width=\"850\" height=\"480\" src=\"https:\/\/bellaugello.com\/wp-content\/uploads\/2024\/03\/Kitchen_Friendship-850x480.jpg\" class=\"attachment-rehomes-featured-image-large size-rehomes-featured-image-large wp-image-42818\" alt=\"\" \/>\t\t\t\t\t\t\t\t\t\t\t\t\t\t\t<\/div>\n\t\t\t\t<\/div>\n\t\t\t\t\t<\/div>\n\t\t\t\t<\/div>\n\t\t<div class=\"elementor-element elementor-element-ad53567 e-flex e-con-boxed e-con e-parent\" data-id=\"ad53567\" data-element_type=\"container\">\n\t\t\t\t\t<div class=\"e-con-inner\">\n\t\t\t\t<div class=\"elementor-element elementor-element-69e1381 elementor-widget elementor-widget-heading\" data-id=\"69e1381\" data-element_type=\"widget\" data-widget_type=\"heading.default\">\n\t\t\t\t<div class=\"elementor-widget-container\">\n\t\t\t\t\t<div class=\"elementor-heading-wrapper\" ><div class=\"elementor-heading-wrapper-inner\"><h2 class=\"elementor-heading-title elementor-size-default\">Condividere \u00e8 amorevole, ma fai in modo di essere a casa tua<\/h2><\/div><\/div>\t\t\t\t<\/div>\n\t\t\t\t<\/div>\n\t\t\t\t\t<\/div>\n\t\t\t\t<\/div>\n\t\t<div class=\"elementor-element elementor-element-5049757 e-grid e-con-boxed e-con e-parent\" data-id=\"5049757\" data-element_type=\"container\">\n\t\t\t\t\t<div class=\"e-con-inner\">\n\t\t\t\t<div class=\"elementor-element elementor-element-5d1786f elementor-widget elementor-widget-text-editor\" data-id=\"5d1786f\" data-element_type=\"widget\" data-widget_type=\"text-editor.default\">\n\t\t\t\t<div class=\"elementor-widget-container\">\n\t\t\t\t\t        <div class=\"elementor-text-editor elementor-clearfix\"><p>Non c&#8217;\u00e8 niente di meglio di una tavola piena di cibo e di persone intorno ad essa. Il nostro amore per i pasti lunghi e calorosi ci spinge a condividerli con i nostri ospiti. Tuttavia, se vuoi goderti un po&#8217; di intimit\u00e0 con il tuo partner, c&#8217;\u00e8 un angolo privato ben nascosto in giardino per una cena a due a lume di candela. Puoi anche fare da solo: tutte le suite sono completamente attrezzate con una piccola cucina, cos\u00ec potrai sempre cucinare ci\u00f2 che hai comprato al mercato e organizzare una cena romantica sulla tua terrazza privata! Possiamo acquistare per il tuo arrivo un cesto di generi alimentari con una selezione di ottimi prodotti italiani, tutti eco-compatibili e molti bio di Libera Terra o Fattoria La Vialla. Infine, ma non meno importante, alcuni prodotti provengono direttamente da Bellaugello! Dai un&#8217;occhiata al nostro cesto di benvenuto e dicci cosa ne pensi!<\/p>\n<\/div>\n        \t\t\t\t<\/div>\n\t\t\t\t<\/div>\n\t\t\t\t<div class=\"elementor-element elementor-element-594a3fd elementor-widget elementor-widget-image\" data-id=\"594a3fd\" data-element_type=\"widget\" data-widget_type=\"image.default\">\n\t\t\t\t<div class=\"elementor-widget-container\">\n\t\t\t\t\t\t\t\t\t\t\t\t\t\t\t<img loading=\"lazy\" decoding=\"async\" width=\"600\" height=\"800\" src=\"https:\/\/bellaugello.com\/wp-content\/uploads\/2025\/03\/IMG_1871-768x1024.jpeg\" class=\"attachment-large size-large wp-image-43315\" alt=\"\" srcset=\"https:\/\/bellaugello.com\/wp-content\/uploads\/2025\/03\/IMG_1871-768x1024.jpeg 768w, https:\/\/bellaugello.com\/wp-content\/uploads\/2025\/03\/IMG_1871-225x300.jpeg 225w, https:\/\/bellaugello.com\/wp-content\/uploads\/2025\/03\/IMG_1871-1152x1536.jpeg 1152w, https:\/\/bellaugello.com\/wp-content\/uploads\/2025\/03\/IMG_1871-700x933.jpeg 700w, https:\/\/bellaugello.com\/wp-content\/uploads\/2025\/03\/IMG_1871.jpeg 1500w\" sizes=\"(max-width: 600px) 100vw, 600px\" \/>\t\t\t\t\t\t\t\t\t\t\t\t\t\t\t<\/div>\n\t\t\t\t<\/div>\n\t\t\t\t\t<\/div>\n\t\t\t\t<\/div>\n\t\t\t\t<section class=\"elementor-section elementor-top-section elementor-element elementor-element-ad2d7e2 elementor-section-stretched elementor-section-content-middle elementor-reverse-tablet elementor-reverse-mobile elementor-section-boxed elementor-section-height-default elementor-section-height-default\" data-id=\"ad2d7e2\" data-element_type=\"section\" data-settings=\"{&quot;stretch_section&quot;:&quot;section-stretched&quot;,&quot;background_background&quot;:&quot;classic&quot;}\">\n\t\t\t\t\t\t<div class=\"elementor-container elementor-column-gap-default\">\n\t\t\t\t\t<div class=\"elementor-column elementor-col-50 elementor-top-column elementor-element elementor-element-065a363\" data-id=\"065a363\" data-element_type=\"column\">\n\t\t\t<div class=\"elementor-widget-wrap elementor-element-populated\">\n\t\t\t\t\t\t<div class=\"elementor-element elementor-element-ed6ad86 elementor-widget elementor-widget-image\" data-id=\"ed6ad86\" data-element_type=\"widget\" data-widget_type=\"image.default\">\n\t\t\t\t<div class=\"elementor-widget-container\">\n\t\t\t\t\t\t\t\t\t\t\t\t\t\t\t<img loading=\"lazy\" decoding=\"async\" width=\"600\" height=\"620\" src=\"https:\/\/bellaugello.com\/wp-content\/uploads\/2024\/03\/Kitchen_What-will-it-be1-991x1024.jpg\" class=\"attachment-large size-large wp-image-42819\" alt=\"\" srcset=\"https:\/\/bellaugello.com\/wp-content\/uploads\/2024\/03\/Kitchen_What-will-it-be1-991x1024.jpg 991w, https:\/\/bellaugello.com\/wp-content\/uploads\/2024\/03\/Kitchen_What-will-it-be1-290x300.jpg 290w, https:\/\/bellaugello.com\/wp-content\/uploads\/2024\/03\/Kitchen_What-will-it-be1-768x794.jpg 768w, https:\/\/bellaugello.com\/wp-content\/uploads\/2024\/03\/Kitchen_What-will-it-be1-1487x1536.jpg 1487w, https:\/\/bellaugello.com\/wp-content\/uploads\/2024\/03\/Kitchen_What-will-it-be1-1982x2048.jpg 1982w, https:\/\/bellaugello.com\/wp-content\/uploads\/2024\/03\/Kitchen_What-will-it-be1-700x723.jpg 700w\" sizes=\"(max-width: 600px) 100vw, 600px\" \/>\t\t\t\t\t\t\t\t\t\t\t\t\t\t\t<\/div>\n\t\t\t\t<\/div>\n\t\t\t\t\t<\/div>\n\t\t<\/div>\n\t\t\t\t<div class=\"elementor-column elementor-col-50 elementor-top-column elementor-element elementor-element-65d750d\" data-id=\"65d750d\" data-element_type=\"column\">\n\t\t\t<div class=\"elementor-widget-wrap elementor-element-populated\">\n\t\t\t\t\t\t<div class=\"elementor-element elementor-element-4ca2f92 elementor-invisible elementor-widget elementor-widget-heading\" data-id=\"4ca2f92\" data-element_type=\"widget\" data-settings=\"{&quot;_animation&quot;:&quot;opal-move-up&quot;}\" data-widget_type=\"heading.default\">\n\t\t\t\t<div class=\"elementor-widget-container\">\n\t\t\t\t\t<div class=\"elementor-heading-wrapper\" ><span class=\"sub-title\"> WHAT WILL IT BE TONIGHT?<\/span><div class=\"elementor-heading-wrapper-inner\"><h2 class=\"elementor-heading-title elementor-size-default\">Ci piace l'emozione dell' ignoto<\/h2><\/div><\/div>\t\t\t\t<\/div>\n\t\t\t\t<\/div>\n\t\t\t\t<div class=\"elementor-element elementor-element-eee376b elementor-widget elementor-widget-text-editor\" data-id=\"eee376b\" data-element_type=\"widget\" data-widget_type=\"text-editor.default\">\n\t\t\t\t<div class=\"elementor-widget-container\">\n\t\t\t\t\t        <div class=\"elementor-text-editor elementor-clearfix\"><p>Non lo sappiamo e, ad essere sinceri, non ci interessa saperlo! Utilizziamo solo i migliori prodotti di stagione, quindi \u00e8 impossibile creare un menu fisso per le due o tre cene a settimana che serviamo in estate. Ma, ancora una volta, a chi importa? Cosa ci sar\u00e0 stasera, asparagi selvatici o tartufi estivi appena scavati? Pomodori dolci del nostro orto o un saporito formaggio umbro del mercato? Ci piace l&#8217;emozione dell&#8217;ignoto! Inoltre, durante l&#8217;estate, ci piace organizzare serate con barbecue. Invitiamo i nostri ospiti ad aiutarci a cucinare la carne sulla griglia e a diventare dei veri maestri del barbecue! Ci piace anche accompagnare i nostri pasti con un buon vino, quindi nel nostro bar di fiducia self-service abbiamo una selezione accurata di vini e liquori che i nostri ospiti possono scegliere e gustare. Cin cin!<\/p>\n<\/div>\n        \t\t\t\t<\/div>\n\t\t\t\t<\/div>\n\t\t\t\t\t<\/div>\n\t\t<\/div>\n\t\t\t\t\t<\/div>\n\t\t<\/section>\n\t\t<div class=\"elementor-element elementor-element-dc0e03a e-flex e-con-boxed e-con e-parent\" data-id=\"dc0e03a\" data-element_type=\"container\">\n\t\t\t\t\t<div class=\"e-con-inner\">\n\t\t\t\t\t<\/div>\n\t\t\t\t<\/div>\n\t\t\t\t<\/div>\n\t\t","protected":false},"excerpt":{"rendered":"<p>&#8220;A tavola!&#8221; \u00c8 cos\u00ec che le mamme di tutta Italia chiamano a tavola le loro famiglie. Condividere la tavola e mangiare del buon cibo insieme ha un valore speciale qui. Ci prendiamo cura di noi stessi e dei nostri ospiti utilizzando i migliori ingredienti possibili. Ecco perch\u00e9 abbiamo un orto biologico dove coltiviamo verdure e &hellip; <\/p>\n<p class=\"link-more\"><a href=\"https:\/\/bellaugello.com\/it\/la-cucina\/\" class=\"more-link\">Read More <span class=\"screen-reader-text\"> &#8220;La cucina&#8221;<\/span><\/a><\/p>\n","protected":false},"author":8,"featured_media":0,"parent":0,"menu_order":0,"comment_status":"closed","ping_status":"open","template":"","meta":{"footnotes":""},"class_list":["post-42896","page","type-page","status-publish","hentry"],"_links":{"self":[{"href":"https:\/\/bellaugello.com\/it\/wp-json\/wp\/v2\/pages\/42896","targetHints":{"allow":["GET"]}}],"collection":[{"href":"https:\/\/bellaugello.com\/it\/wp-json\/wp\/v2\/pages"}],"about":[{"href":"https:\/\/bellaugello.com\/it\/wp-json\/wp\/v2\/types\/page"}],"author":[{"embeddable":true,"href":"https:\/\/bellaugello.com\/it\/wp-json\/wp\/v2\/users\/8"}],"replies":[{"embeddable":true,"href":"https:\/\/bellaugello.com\/it\/wp-json\/wp\/v2\/comments?post=42896"}],"version-history":[{"count":3,"href":"https:\/\/bellaugello.com\/it\/wp-json\/wp\/v2\/pages\/42896\/revisions"}],"predecessor-version":[{"id":43345,"href":"https:\/\/bellaugello.com\/it\/wp-json\/wp\/v2\/pages\/42896\/revisions\/43345"}],"wp:attachment":[{"href":"https:\/\/bellaugello.com\/it\/wp-json\/wp\/v2\/media?parent=42896"}],"curies":[{"name":"wp","href":"https:\/\/api.w.org\/{rel}","templated":true}]}}