{"id":42884,"date":"2022-03-04T08:53:41","date_gmt":"2022-03-04T08:53:41","guid":{"rendered":"https:\/\/bellaugello.com\/il-relax\/"},"modified":"2025-07-23T08:30:22","modified_gmt":"2025-07-23T08:30:22","slug":"il-relax","status":"publish","type":"page","link":"https:\/\/bellaugello.com\/it\/il-relax\/","title":{"rendered":"Il relax"},"content":{"rendered":"\t\t<div data-elementor-type=\"wp-page\" data-elementor-id=\"42884\" class=\"elementor elementor-42884 elementor-33\">\n\t\t\t\t\t\t<section class=\"elementor-section elementor-top-section elementor-element elementor-element-7e83ee4 elementor-section-stretched elementor-section-boxed elementor-section-height-default elementor-section-height-default\" data-id=\"7e83ee4\" data-element_type=\"section\" data-settings=\"{&quot;stretch_section&quot;:&quot;section-stretched&quot;}\">\n\t\t\t\t\t\t<div class=\"elementor-container elementor-column-gap-default\">\n\t\t\t\t\t<div class=\"elementor-column elementor-col-100 elementor-top-column elementor-element elementor-element-971691a\" data-id=\"971691a\" data-element_type=\"column\">\n\t\t\t<div class=\"elementor-widget-wrap elementor-element-populated\">\n\t\t\t\t\t\t<div class=\"elementor-element elementor-element-62af111 elementor-invisible elementor-widget elementor-widget-heading\" data-id=\"62af111\" data-element_type=\"widget\" data-settings=\"{&quot;_animation&quot;:&quot;opal-move-up&quot;}\" data-widget_type=\"heading.default\">\n\t\t\t\t<div class=\"elementor-widget-container\">\n\t\t\t\t\t<div class=\"elementor-heading-wrapper\" ><div class=\"elementor-heading-wrapper-inner\"><h2 class=\"elementor-heading-title elementor-size-default\">Rilassati a Bellaugello<\/h2><\/div><\/div>\t\t\t\t<\/div>\n\t\t\t\t<\/div>\n\t\t\t\t<div class=\"elementor-element elementor-element-54bcc14 elementor-invisible elementor-widget elementor-widget-text-editor\" data-id=\"54bcc14\" data-element_type=\"widget\" data-settings=\"{&quot;_animation&quot;:&quot;opal-move-up&quot;}\" data-widget_type=\"text-editor.default\">\n\t\t\t\t<div class=\"elementor-widget-container\">\n\t\t\t\t\t        <div class=\"elementor-text-editor elementor-clearfix\"><p>Incoraggiamo i nostri ospiti a fare un respiro profondo e a lasciar fare tutto a noi. Sappiamo bene cosa comporta la tua vita quotidiana all&#8217;esterno. Per questo la preoccupazione principale di Bellaugello \u00e8 quella di distrarre te e il tuo partner da tutto ci\u00f2 che non riguarda il tempo libero, la consapevolezza e il relax. Dopo aver superato l&#8217;ingresso, non ci sono pi\u00f9 mondo esterno, preoccupazioni o stress.<\/p><\/div>\n        \t\t\t\t<\/div>\n\t\t\t\t<\/div>\n\t\t\t\t\t<\/div>\n\t\t<\/div>\n\t\t\t\t\t<\/div>\n\t\t<\/section>\n\t\t\t\t<section class=\"elementor-section elementor-top-section elementor-element elementor-element-6cefb71 elementor-section-stretched elementor-section-content-middle elementor-section-boxed elementor-section-height-default elementor-section-height-default\" data-id=\"6cefb71\" data-element_type=\"section\" data-settings=\"{&quot;stretch_section&quot;:&quot;section-stretched&quot;}\">\n\t\t\t\t\t\t<div class=\"elementor-container elementor-column-gap-default\">\n\t\t\t\t\t<div class=\"elementor-column elementor-col-50 elementor-top-column elementor-element elementor-element-d908e88\" data-id=\"d908e88\" data-element_type=\"column\">\n\t\t\t<div class=\"elementor-widget-wrap elementor-element-populated\">\n\t\t\t\t\t\t<div class=\"elementor-element elementor-element-d5bc925 gallery-spacing-custom elementor-widget elementor-widget-image-gallery\" data-id=\"d5bc925\" data-element_type=\"widget\" data-widget_type=\"image-gallery.default\">\n\t\t\t\t<div class=\"elementor-widget-container\">\n\t\t\t\t\t\t\t<div class=\"elementor-image-gallery\">\n\t\t\t<div id='gallery-1' class='gallery galleryid-42884 gallery-columns-2 gallery-size-medium'><figure class='gallery-item'>\n\t\t\t<div class='gallery-icon landscape'>\n\t\t\t\t<a data-elementor-open-lightbox=\"yes\" data-elementor-lightbox-slideshow=\"d5bc925\" data-e-action-hash=\"#elementor-action%3Aaction%3Dlightbox%26settings%3DeyJpZCI6Mzk4MzIsInVybCI6Imh0dHBzOlwvXC9iZWxsYXVnZWxsby5jb21cL3dwLWNvbnRlbnRcL3VwbG9hZHNcLzIwMjJcLzAzXC9vdmVyLXRoZS1pbmZpbml0eS1wb29sLWF0LUJlbGxhdWdlbGxvLUdheS1Db3VudHJ5LUhvdXNlLW5lYXItVHVzY2FueS1JdGFseS5qcGciLCJzbGlkZXNob3ciOiJkNWJjOTI1In0%3D\" href='https:\/\/bellaugello.com\/wp-content\/uploads\/2022\/03\/over-the-infinity-pool-at-Bellaugello-Gay-Country-House-near-Tuscany-Italy.jpg'><img fetchpriority=\"high\" decoding=\"async\" width=\"300\" height=\"225\" src=\"https:\/\/bellaugello.com\/wp-content\/uploads\/2022\/03\/over-the-infinity-pool-at-Bellaugello-Gay-Country-House-near-Tuscany-Italy-300x225.jpg\" class=\"attachment-medium size-medium\" alt=\"\" srcset=\"https:\/\/bellaugello.com\/wp-content\/uploads\/2022\/03\/over-the-infinity-pool-at-Bellaugello-Gay-Country-House-near-Tuscany-Italy-300x225.jpg 300w, https:\/\/bellaugello.com\/wp-content\/uploads\/2022\/03\/over-the-infinity-pool-at-Bellaugello-Gay-Country-House-near-Tuscany-Italy-768x576.jpg 768w, https:\/\/bellaugello.com\/wp-content\/uploads\/2022\/03\/over-the-infinity-pool-at-Bellaugello-Gay-Country-House-near-Tuscany-Italy-700x525.jpg 700w, https:\/\/bellaugello.com\/wp-content\/uploads\/2022\/03\/over-the-infinity-pool-at-Bellaugello-Gay-Country-House-near-Tuscany-Italy.jpg 900w\" sizes=\"(max-width: 300px) 100vw, 300px\" \/><\/a>\n\t\t\t<\/div><\/figure><figure class='gallery-item'>\n\t\t\t<div class='gallery-icon landscape'>\n\t\t\t\t<a data-elementor-open-lightbox=\"yes\" data-elementor-lightbox-slideshow=\"d5bc925\" data-e-action-hash=\"#elementor-action%3Aaction%3Dlightbox%26settings%3DeyJpZCI6NDI4MTMsInVybCI6Imh0dHBzOlwvXC9iZWxsYXVnZWxsby5jb21cL3dwLWNvbnRlbnRcL3VwbG9hZHNcLzIwMjRcLzAzXC9SZWxheDQtc2NhbGVkLmpwZyIsInNsaWRlc2hvdyI6ImQ1YmM5MjUifQ%3D%3D\" href='https:\/\/bellaugello.com\/wp-content\/uploads\/2024\/03\/Relax4-scaled.jpg'><img decoding=\"async\" width=\"300\" height=\"200\" src=\"https:\/\/bellaugello.com\/wp-content\/uploads\/2024\/03\/Relax4-300x200.jpg\" class=\"attachment-medium size-medium\" alt=\"\" srcset=\"https:\/\/bellaugello.com\/wp-content\/uploads\/2024\/03\/Relax4-300x200.jpg 300w, https:\/\/bellaugello.com\/wp-content\/uploads\/2024\/03\/Relax4-1024x683.jpg 1024w, https:\/\/bellaugello.com\/wp-content\/uploads\/2024\/03\/Relax4-768x512.jpg 768w, https:\/\/bellaugello.com\/wp-content\/uploads\/2024\/03\/Relax4-1536x1024.jpg 1536w, https:\/\/bellaugello.com\/wp-content\/uploads\/2024\/03\/Relax4-2048x1365.jpg 2048w, https:\/\/bellaugello.com\/wp-content\/uploads\/2024\/03\/Relax4-700x467.jpg 700w\" sizes=\"(max-width: 300px) 100vw, 300px\" \/><\/a>\n\t\t\t<\/div><\/figure><figure class='gallery-item'>\n\t\t\t<div class='gallery-icon landscape'>\n\t\t\t\t<a data-elementor-open-lightbox=\"yes\" data-elementor-lightbox-slideshow=\"d5bc925\" data-e-action-hash=\"#elementor-action%3Aaction%3Dlightbox%26settings%3DeyJpZCI6NDI4MjcsInVybCI6Imh0dHBzOlwvXC9iZWxsYXVnZWxsby5jb21cL3dwLWNvbnRlbnRcL3VwbG9hZHNcLzIwMjRcLzAzXC9SZWxheDItMS5qcGVnIiwic2xpZGVzaG93IjoiZDViYzkyNSJ9\" href='https:\/\/bellaugello.com\/wp-content\/uploads\/2024\/03\/Relax2-1.jpeg'><img decoding=\"async\" width=\"300\" height=\"225\" src=\"https:\/\/bellaugello.com\/wp-content\/uploads\/2024\/03\/Relax2-1-300x225.jpeg\" class=\"attachment-medium size-medium\" alt=\"\" srcset=\"https:\/\/bellaugello.com\/wp-content\/uploads\/2024\/03\/Relax2-1-300x225.jpeg 300w, https:\/\/bellaugello.com\/wp-content\/uploads\/2024\/03\/Relax2-1-1024x768.jpeg 1024w, https:\/\/bellaugello.com\/wp-content\/uploads\/2024\/03\/Relax2-1-768x576.jpeg 768w, https:\/\/bellaugello.com\/wp-content\/uploads\/2024\/03\/Relax2-1-1536x1152.jpeg 1536w, https:\/\/bellaugello.com\/wp-content\/uploads\/2024\/03\/Relax2-1-700x525.jpeg 700w, https:\/\/bellaugello.com\/wp-content\/uploads\/2024\/03\/Relax2-1.jpeg 2048w\" sizes=\"(max-width: 300px) 100vw, 300px\" \/><\/a>\n\t\t\t<\/div><\/figure><figure class='gallery-item'>\n\t\t\t<div class='gallery-icon landscape'>\n\t\t\t\t<a data-elementor-open-lightbox=\"yes\" data-elementor-lightbox-slideshow=\"d5bc925\" data-e-action-hash=\"#elementor-action%3Aaction%3Dlightbox%26settings%3DeyJpZCI6NDI4MjgsInVybCI6Imh0dHBzOlwvXC9iZWxsYXVnZWxsby5jb21cL3dwLWNvbnRlbnRcL3VwbG9hZHNcLzIwMjRcLzAzXC9SZWxheDMtMS1zY2FsZWQuanBnIiwic2xpZGVzaG93IjoiZDViYzkyNSJ9\" href='https:\/\/bellaugello.com\/wp-content\/uploads\/2024\/03\/Relax3-1-scaled.jpg'><img loading=\"lazy\" decoding=\"async\" width=\"300\" height=\"200\" src=\"https:\/\/bellaugello.com\/wp-content\/uploads\/2024\/03\/Relax3-1-300x200.jpg\" class=\"attachment-medium size-medium\" alt=\"\" srcset=\"https:\/\/bellaugello.com\/wp-content\/uploads\/2024\/03\/Relax3-1-300x200.jpg 300w, https:\/\/bellaugello.com\/wp-content\/uploads\/2024\/03\/Relax3-1-1024x683.jpg 1024w, https:\/\/bellaugello.com\/wp-content\/uploads\/2024\/03\/Relax3-1-768x512.jpg 768w, https:\/\/bellaugello.com\/wp-content\/uploads\/2024\/03\/Relax3-1-1536x1024.jpg 1536w, https:\/\/bellaugello.com\/wp-content\/uploads\/2024\/03\/Relax3-1-2048x1365.jpg 2048w, https:\/\/bellaugello.com\/wp-content\/uploads\/2024\/03\/Relax3-1-700x467.jpg 700w\" sizes=\"(max-width: 300px) 100vw, 300px\" \/><\/a>\n\t\t\t<\/div><\/figure>\n\t\t<\/div>\n\t\t<\/div>\n\t\t\t\t\t\t<\/div>\n\t\t\t\t<\/div>\n\t\t\t\t\t<\/div>\n\t\t<\/div>\n\t\t\t\t<div class=\"elementor-column elementor-col-50 elementor-top-column elementor-element elementor-element-6c8f73d\" data-id=\"6c8f73d\" data-element_type=\"column\">\n\t\t\t<div class=\"elementor-widget-wrap elementor-element-populated\">\n\t\t\t\t\t\t<div class=\"elementor-element elementor-element-d96467b elementor-invisible elementor-widget elementor-widget-heading\" data-id=\"d96467b\" data-element_type=\"widget\" data-settings=\"{&quot;_animation&quot;:&quot;opal-move-up&quot;}\" data-widget_type=\"heading.default\">\n\t\t\t\t<div class=\"elementor-widget-container\">\n\t\t\t\t\t<div class=\"elementor-heading-wrapper\" ><span class=\"sub-title\">UNPACK AND RELAX!<\/span><div class=\"elementor-heading-wrapper-inner\"><h2 class=\"elementor-heading-title elementor-size-default\">Veni, vidi, vici<\/h2><\/div><\/div>\t\t\t\t<\/div>\n\t\t\t\t<\/div>\n\t\t\t\t<div class=\"elementor-element elementor-element-411397e elementor-invisible elementor-widget elementor-widget-text-editor\" data-id=\"411397e\" data-element_type=\"widget\" data-settings=\"{&quot;_animation&quot;:&quot;opal-move-up&quot;}\" data-widget_type=\"text-editor.default\">\n\t\t\t\t<div class=\"elementor-widget-container\">\n\t\t\t\t\t        <div class=\"elementor-text-editor elementor-clearfix\">La tua suite sar\u00e0 completamente preparata e pronta ad accoglierti al tuo arrivo. Scoprirai che c&#8217;\u00e8 un&#8217;ottima connessione WiFi, un Bose Soundlink, un angolo cottura completamente attrezzato, un letto enorme e una terrazza privata tutta per te. Naturalmente vengono forniti gli asciugamani per la piscina e la sauna. Il nostro personale addetto alle pulizie provvede a pulire le suite ogni giorno e le lenzuola vengono cambiate ogni quattro giorni. Se lo desideri, saremo lieti di fornirti un cesto di generi alimentari per il tuo arrivo. Basta selezionare l&#8217;opzione al momento della prenotazione.<\/div>\n        \t\t\t\t<\/div>\n\t\t\t\t<\/div>\n\t\t\t\t\t<\/div>\n\t\t<\/div>\n\t\t\t\t\t<\/div>\n\t\t<\/section>\n\t\t\t\t<section class=\"elementor-section elementor-top-section elementor-element elementor-element-2f61c3c elementor-section-stretched elementor-section-content-middle elementor-section-boxed elementor-section-height-default elementor-section-height-default\" data-id=\"2f61c3c\" data-element_type=\"section\" data-settings=\"{&quot;stretch_section&quot;:&quot;section-stretched&quot;,&quot;background_background&quot;:&quot;classic&quot;}\">\n\t\t\t\t\t\t\t<div class=\"elementor-background-overlay\"><\/div>\n\t\t\t\t\t\t\t<div class=\"elementor-container elementor-column-gap-default\">\n\t\t\t\t\t<div class=\"elementor-column elementor-col-50 elementor-top-column elementor-element elementor-element-5d67659\" data-id=\"5d67659\" data-element_type=\"column\">\n\t\t\t<div class=\"elementor-widget-wrap elementor-element-populated\">\n\t\t\t\t\t\t<div class=\"elementor-element elementor-element-7832a02 elementor-invisible elementor-widget elementor-widget-heading\" data-id=\"7832a02\" data-element_type=\"widget\" data-settings=\"{&quot;_animation&quot;:&quot;opal-move-up&quot;}\" data-widget_type=\"heading.default\">\n\t\t\t\t<div class=\"elementor-widget-container\">\n\t\t\t\t\t<div class=\"elementor-heading-wrapper\" ><span class=\"sub-title\">It\u2019s your day!<\/span><div class=\"elementor-heading-wrapper-inner\"><h2 class=\"elementor-heading-title elementor-size-default\">Devi solo dire \"s\u00ec\" e trascorrere una giornata indimenticabile<\/h2><\/div><\/div>\t\t\t\t<\/div>\n\t\t\t\t<\/div>\n\t\t\t\t<div class=\"elementor-element elementor-element-7caa26b elementor-invisible elementor-widget elementor-widget-text-editor\" data-id=\"7caa26b\" data-element_type=\"widget\" data-settings=\"{&quot;_animation&quot;:&quot;opal-move-up&quot;}\" data-widget_type=\"text-editor.default\">\n\t\t\t\t<div class=\"elementor-widget-container\">\n\t\t\t\t\t        <div class=\"elementor-text-editor elementor-clearfix\">Stai cercando un posto unico per sposarti con la persona che ami? Bellaugello \u00e8 l&#8217;unica guest house gay in Italia autorizzata a celebrare unioni civili e matrimoni. Ci piacciono molto le storie d&#8217;amore eccezionali, abbiamo visto fidanzamenti e matrimoni e vogliamo far parte del tuo. Lascia che ci occupiamo noi dei dettagli (come il catering, i fiori e il fotografo). Rendilo personale e privato e prenota l&#8217;intera casa per te, il tuo partner, la tua famiglia e i tuoi amici. Bellaugello pu\u00f2 ospitare fino a 12 persone.<\/div>\n        \t\t\t\t<\/div>\n\t\t\t\t<\/div>\n\t\t\t\t\t<\/div>\n\t\t<\/div>\n\t\t\t\t<div class=\"elementor-column elementor-col-50 elementor-top-column elementor-element elementor-element-a3f8fa1\" data-id=\"a3f8fa1\" data-element_type=\"column\">\n\t\t\t<div class=\"elementor-widget-wrap elementor-element-populated\">\n\t\t\t\t\t\t<div class=\"elementor-element elementor-element-35b9117 elementor-invisible elementor-widget elementor-widget-image\" data-id=\"35b9117\" data-element_type=\"widget\" data-settings=\"{&quot;_animation&quot;:&quot;opal-move-up&quot;}\" data-widget_type=\"image.default\">\n\t\t\t\t<div class=\"elementor-widget-container\">\n\t\t\t\t\t\t\t\t\t\t\t\t\t\t\t<img loading=\"lazy\" decoding=\"async\" width=\"600\" height=\"600\" src=\"https:\/\/bellaugello.com\/wp-content\/uploads\/2025\/03\/IMG_3042-768x768.jpg\" class=\"attachment-medium_large size-medium_large wp-image-43294\" alt=\"\" srcset=\"https:\/\/bellaugello.com\/wp-content\/uploads\/2025\/03\/IMG_3042-768x768.jpg 768w, https:\/\/bellaugello.com\/wp-content\/uploads\/2025\/03\/IMG_3042-300x300.jpg 300w, https:\/\/bellaugello.com\/wp-content\/uploads\/2025\/03\/IMG_3042-1024x1024.jpg 1024w, https:\/\/bellaugello.com\/wp-content\/uploads\/2025\/03\/IMG_3042-150x150.jpg 150w, https:\/\/bellaugello.com\/wp-content\/uploads\/2025\/03\/IMG_3042-700x700.jpg 700w, https:\/\/bellaugello.com\/wp-content\/uploads\/2025\/03\/IMG_3042.jpg 1170w\" sizes=\"(max-width: 600px) 100vw, 600px\" \/>\t\t\t\t\t\t\t\t\t\t\t\t\t\t\t<\/div>\n\t\t\t\t<\/div>\n\t\t\t\t\t<\/div>\n\t\t<\/div>\n\t\t\t\t\t<\/div>\n\t\t<\/section>\n\t\t\t\t<section class=\"elementor-section elementor-top-section elementor-element elementor-element-e137a4f elementor-section-stretched elementor-section-content-middle elementor-reverse-tablet elementor-reverse-mobile elementor-section-boxed elementor-section-height-default elementor-section-height-default\" data-id=\"e137a4f\" data-element_type=\"section\" data-settings=\"{&quot;stretch_section&quot;:&quot;section-stretched&quot;,&quot;background_background&quot;:&quot;classic&quot;}\">\n\t\t\t\t\t\t<div class=\"elementor-container elementor-column-gap-default\">\n\t\t\t\t\t<div class=\"elementor-column elementor-col-50 elementor-top-column elementor-element elementor-element-cfcd61d\" data-id=\"cfcd61d\" data-element_type=\"column\">\n\t\t\t<div class=\"elementor-widget-wrap elementor-element-populated\">\n\t\t\t\t\t\t<div class=\"elementor-element elementor-element-6fc767e elementor-invisible elementor-widget elementor-widget-image\" data-id=\"6fc767e\" data-element_type=\"widget\" data-settings=\"{&quot;_animation&quot;:&quot;opal-move-up&quot;}\" data-widget_type=\"image.default\">\n\t\t\t\t<div class=\"elementor-widget-container\">\n\t\t\t\t\t\t\t\t\t\t\t\t\t\t\t<img loading=\"lazy\" decoding=\"async\" width=\"600\" height=\"450\" src=\"https:\/\/bellaugello.com\/wp-content\/uploads\/2025\/03\/IMG_2555-768x576.jpeg\" class=\"attachment-medium_large size-medium_large wp-image-43297\" alt=\"\" srcset=\"https:\/\/bellaugello.com\/wp-content\/uploads\/2025\/03\/IMG_2555-768x576.jpeg 768w, https:\/\/bellaugello.com\/wp-content\/uploads\/2025\/03\/IMG_2555-300x225.jpeg 300w, https:\/\/bellaugello.com\/wp-content\/uploads\/2025\/03\/IMG_2555-1024x768.jpeg 1024w, https:\/\/bellaugello.com\/wp-content\/uploads\/2025\/03\/IMG_2555-700x525.jpeg 700w, https:\/\/bellaugello.com\/wp-content\/uploads\/2025\/03\/IMG_2555.jpeg 1500w\" sizes=\"(max-width: 600px) 100vw, 600px\" \/>\t\t\t\t\t\t\t\t\t\t\t\t\t\t\t<\/div>\n\t\t\t\t<\/div>\n\t\t\t\t\t<\/div>\n\t\t<\/div>\n\t\t\t\t<div class=\"elementor-column elementor-col-50 elementor-top-column elementor-element elementor-element-fe92b4c\" data-id=\"fe92b4c\" data-element_type=\"column\">\n\t\t\t<div class=\"elementor-widget-wrap elementor-element-populated\">\n\t\t\t\t\t\t<div class=\"elementor-element elementor-element-77db46d elementor-invisible elementor-widget elementor-widget-heading\" data-id=\"77db46d\" data-element_type=\"widget\" data-settings=\"{&quot;_animation&quot;:&quot;opal-move-up&quot;}\" data-widget_type=\"heading.default\">\n\t\t\t\t<div class=\"elementor-widget-container\">\n\t\t\t\t\t<div class=\"elementor-heading-wrapper\" ><span class=\"sub-title\">AND AFTER YOU BOTH SAY YES\u2026<\/span><div class=\"elementor-heading-wrapper-inner\"><h2 class=\"elementor-heading-title elementor-size-default\">Inizia questa nuova fase della tua vita a Bellaugello!<\/h2><\/div><\/div>\t\t\t\t<\/div>\n\t\t\t\t<\/div>\n\t\t\t\t<div class=\"elementor-element elementor-element-55de31b elementor-invisible elementor-widget elementor-widget-text-editor\" data-id=\"55de31b\" data-element_type=\"widget\" data-settings=\"{&quot;_animation&quot;:&quot;opal-move-up&quot;}\" data-widget_type=\"text-editor.default\">\n\t\t\t\t<div class=\"elementor-widget-container\">\n\t\t\t\t\t        <div class=\"elementor-text-editor elementor-clearfix\"><p><span style=\"font-weight: 400;\">Amiamo le lune di miele romantiche. La prima cosa che vedrai al tuo arrivo \u00e8 un mazzo di rose rosse appena tagliate, una selezione di cioccolatini Baci Perugina, una spruzzata di petali di rosa sul tuo letto matrimoniale e una bottiglia di Prosecco ghiacciato. Ti serviamo una cena romantica sulla tua terrazza privata. La mattina dopo, cari sposi, godetevi una colazione romantica e privata servita nella vostra Suite. <\/span><\/p><\/div>\n        \t\t\t\t<\/div>\n\t\t\t\t<\/div>\n\t\t\t\t\t<\/div>\n\t\t<\/div>\n\t\t\t\t\t<\/div>\n\t\t<\/section>\n\t\t\t\t<section class=\"elementor-section elementor-top-section elementor-element elementor-element-b00e510 elementor-section-stretched elementor-section-content-middle elementor-section-boxed elementor-section-height-default elementor-section-height-default\" data-id=\"b00e510\" data-element_type=\"section\" data-settings=\"{&quot;stretch_section&quot;:&quot;section-stretched&quot;}\">\n\t\t\t\t\t\t<div class=\"elementor-container elementor-column-gap-default\">\n\t\t\t\t\t<div class=\"elementor-column elementor-col-50 elementor-top-column elementor-element elementor-element-0c561a2\" data-id=\"0c561a2\" data-element_type=\"column\">\n\t\t\t<div class=\"elementor-widget-wrap elementor-element-populated\">\n\t\t\t\t\t\t<div class=\"elementor-element elementor-element-cab47bc elementor-invisible elementor-widget elementor-widget-heading\" data-id=\"cab47bc\" data-element_type=\"widget\" data-settings=\"{&quot;_animation&quot;:&quot;opal-move-up&quot;}\" data-widget_type=\"heading.default\">\n\t\t\t\t<div class=\"elementor-widget-container\">\n\t\t\t\t\t<div class=\"elementor-heading-wrapper\" ><span class=\"sub-title\">IF STRESS IS GIVING YOU A HARD TIME<\/span><div class=\"elementor-heading-wrapper-inner\"><h2 class=\"elementor-heading-title elementor-size-default\">Lasciati andare<\/h2><\/div><\/div>\t\t\t\t<\/div>\n\t\t\t\t<\/div>\n\t\t\t\t<div class=\"elementor-element elementor-element-90dde0a elementor-widget elementor-widget-text-editor\" data-id=\"90dde0a\" data-element_type=\"widget\" data-widget_type=\"text-editor.default\">\n\t\t\t\t<div class=\"elementor-widget-container\">\n\t\t\t\t\t        <div class=\"elementor-text-editor elementor-clearfix\"><p>Con le mani esperte del nostro massaggiatore, disponibile una volta a settimana su prenotazione. Se fa caldo, potrai goderti il massaggio in una terrazza ombreggiata e appartata, ascoltando i suoni rilassanti della campagna umbra. Se fa freddo, il massaggiatore si recher\u00e0 nella tua suite. In ogni caso, dopo il massaggio non riuscirai pi\u00f9 a ricordare cosa sia lo stress.<\/p><\/div>\n        \t\t\t\t<\/div>\n\t\t\t\t<\/div>\n\t\t\t\t\t<\/div>\n\t\t<\/div>\n\t\t\t\t<div class=\"elementor-column elementor-col-50 elementor-top-column elementor-element elementor-element-3c5fe52\" data-id=\"3c5fe52\" data-element_type=\"column\">\n\t\t\t<div class=\"elementor-widget-wrap elementor-element-populated\">\n\t\t\t\t\t\t<div class=\"elementor-element elementor-element-2136855 elementor-widget elementor-widget-image\" data-id=\"2136855\" data-element_type=\"widget\" data-widget_type=\"image.default\">\n\t\t\t\t<div class=\"elementor-widget-container\">\n\t\t\t\t\t\t\t\t\t\t\t\t\t\t\t<img loading=\"lazy\" decoding=\"async\" width=\"555\" height=\"548\" src=\"https:\/\/bellaugello.com\/wp-content\/uploads\/2022\/03\/bellaugello-relax-massage.jpg\" class=\"attachment-medium_large size-medium_large wp-image-40548\" alt=\"\" srcset=\"https:\/\/bellaugello.com\/wp-content\/uploads\/2022\/03\/bellaugello-relax-massage.jpg 555w, https:\/\/bellaugello.com\/wp-content\/uploads\/2022\/03\/bellaugello-relax-massage-300x296.jpg 300w\" sizes=\"(max-width: 555px) 100vw, 555px\" \/>\t\t\t\t\t\t\t\t\t\t\t\t\t\t\t<\/div>\n\t\t\t\t<\/div>\n\t\t\t\t\t<\/div>\n\t\t<\/div>\n\t\t\t\t\t<\/div>\n\t\t<\/section>\n\t\t\t\t<\/div>\n\t\t","protected":false},"excerpt":{"rendered":"<p>Rilassati a Bellaugello Incoraggiamo i nostri ospiti a fare un respiro profondo e a lasciar fare tutto a noi. Sappiamo bene cosa comporta la tua vita quotidiana all&#8217;esterno. Per questo la preoccupazione principale di Bellaugello \u00e8 quella di distrarre te e il tuo partner da tutto ci\u00f2 che non riguarda il tempo libero, la consapevolezza &hellip; <\/p>\n<p class=\"link-more\"><a href=\"https:\/\/bellaugello.com\/it\/il-relax\/\" class=\"more-link\">Read More <span class=\"screen-reader-text\"> &#8220;Il relax&#8221;<\/span><\/a><\/p>\n","protected":false},"author":8,"featured_media":0,"parent":0,"menu_order":0,"comment_status":"closed","ping_status":"closed","template":"","meta":{"footnotes":""},"class_list":["post-42884","page","type-page","status-publish","hentry"],"_links":{"self":[{"href":"https:\/\/bellaugello.com\/it\/wp-json\/wp\/v2\/pages\/42884","targetHints":{"allow":["GET"]}}],"collection":[{"href":"https:\/\/bellaugello.com\/it\/wp-json\/wp\/v2\/pages"}],"about":[{"href":"https:\/\/bellaugello.com\/it\/wp-json\/wp\/v2\/types\/page"}],"author":[{"embeddable":true,"href":"https:\/\/bellaugello.com\/it\/wp-json\/wp\/v2\/users\/8"}],"replies":[{"embeddable":true,"href":"https:\/\/bellaugello.com\/it\/wp-json\/wp\/v2\/comments?post=42884"}],"version-history":[{"count":5,"href":"https:\/\/bellaugello.com\/it\/wp-json\/wp\/v2\/pages\/42884\/revisions"}],"predecessor-version":[{"id":43623,"href":"https:\/\/bellaugello.com\/it\/wp-json\/wp\/v2\/pages\/42884\/revisions\/43623"}],"wp:attachment":[{"href":"https:\/\/bellaugello.com\/it\/wp-json\/wp\/v2\/media?parent=42884"}],"curies":[{"name":"wp","href":"https:\/\/api.w.org\/{rel}","templated":true}]}}