{"id":42879,"date":"2022-03-11T08:09:37","date_gmt":"2022-03-11T08:09:37","guid":{"rendered":"https:\/\/bellaugello.com\/suite\/la-suite-diva\/"},"modified":"2025-05-24T08:37:40","modified_gmt":"2025-05-24T08:37:40","slug":"la-suite-diva","status":"publish","type":"page","link":"https:\/\/bellaugello.com\/it\/suite\/la-suite-diva\/","title":{"rendered":"La Suite Diva"},"content":{"rendered":"\t\t<div data-elementor-type=\"wp-page\" data-elementor-id=\"42879\" class=\"elementor elementor-42879 elementor-21964\">\n\t\t\t\t\t\t<section class=\"elementor-section elementor-top-section elementor-element elementor-element-9419b2e elementor-section-stretched elementor-section-boxed elementor-section-height-default elementor-section-height-default\" data-id=\"9419b2e\" data-element_type=\"section\" data-settings=\"{&quot;stretch_section&quot;:&quot;section-stretched&quot;}\">\n\t\t\t\t\t\t<div class=\"elementor-container elementor-column-gap-default\">\n\t\t\t\t\t<div class=\"elementor-column elementor-col-100 elementor-top-column elementor-element elementor-element-65e47ce\" data-id=\"65e47ce\" data-element_type=\"column\">\n\t\t\t<div class=\"elementor-widget-wrap elementor-element-populated\">\n\t\t\t\t\t\t<div class=\"elementor-element elementor-element-d0424a4 elementor-invisible elementor-widget elementor-widget-heading\" data-id=\"d0424a4\" data-element_type=\"widget\" data-settings=\"{&quot;_animation&quot;:&quot;opal-move-up&quot;}\" data-widget_type=\"heading.default\">\n\t\t\t\t<div class=\"elementor-widget-container\">\n\t\t\t\t\t<div class=\"elementor-heading-wrapper\" ><span class=\"sub-title\">Suite 4<\/span><div class=\"elementor-heading-wrapper-inner\"><h2 class=\"elementor-heading-title elementor-size-default\">La Suite Diva<\/h2><\/div><\/div>\t\t\t\t<\/div>\n\t\t\t\t<\/div>\n\t\t\t\t<div class=\"elementor-element elementor-element-105ee94 elementor-invisible elementor-widget elementor-widget-text-editor\" data-id=\"105ee94\" data-element_type=\"widget\" data-settings=\"{&quot;_animation&quot;:&quot;opal-move-up&quot;}\" data-widget_type=\"text-editor.default\">\n\t\t\t\t<div class=\"elementor-widget-container\">\n\t\t\t\t\t        <div class=\"elementor-text-editor elementor-clearfix\"><div class=\"brz-css-vppbw brz-wrapper brz-animated brz-css-qzslg brz-css-jgziy brz-initialized brz-animate-opacity\" data-iteration-count=\"1\" data-iteration-completed=\"2\"><div class=\"brz-rich-text brz-css-rlggv\" data-custom-id=\"wdoxgaiagaiziycswgeiollntpsmpoujvdeh\"><div class=\"brz-css-vppbw brz-wrapper brz-animated brz-css-qzslg brz-css-rwzlr brz-initialized brz-animate-opacity\" data-iteration-count=\"1\" data-iteration-completed=\"2\"><div class=\"brz-rich-text brz-css-rlggv\" data-custom-id=\"iapljgmxtqannrvctwurkpqjuqtdgccetrob\"><div class=\"brz-css-vppbw brz-wrapper brz-animated brz-css-qzslg brz-css-wbopf brz-initialized brz-animate-opacity\" data-iteration-count=\"1\" data-iteration-completed=\"2\"><div class=\"brz-rich-text brz-css-rlggv\" data-custom-id=\"xsdbwepnmvhtjfwmfsugejjxtnxtdapnocpf\"><div class=\"brz-css-vppbw brz-wrapper brz-animated brz-css-qzslg brz-css-ihyeg brz-initialized brz-animate-opacity\" data-iteration-count=\"1\" data-iteration-completed=\"2\"><div class=\"brz-rich-text brz-css-rlggv\" data-custom-id=\"nseivrmoqepsxazuiuehlswsjahqsukgkifb\"><p class=\"brz-ls-xs-im-3 brz-ls-sm-im-3 brz-ls-lg-1_5 brz-lh-xs-im-1_6 brz-lh-sm-im-1_6 brz-lh-lg-1_9 brz-text-lg-center brz-ff-playfair_display brz-ft-google brz-fw-lg-400 brz-fw-sm-im-400 brz-fw-xs-im-400 brz-fs-lg-22 brz-fs-sm-im-22 brz-fs-xs-im-22\">Cosa si prova ad essere al settimo cielo? Com&#8217;\u00e8 vedere la nebbia umbra giocare ogni mattina con le colline che circondano Bellaugello? Cosa si prova a fare una doccia e a meravigliarsi costantemente della bellezza della valle del Chiascio? Sono domande complicate e c&#8217;\u00e8 solo un modo per rispondere: La Diva Suite!<\/p><p class=\"brz-ls-xs-im-3 brz-ls-sm-im-3 brz-ls-lg-1_5 brz-lh-xs-im-1_6 brz-lh-sm-im-1_6 brz-lh-lg-1_9 brz-text-lg-center brz-ff-playfair_display brz-ft-google brz-fw-lg-400 brz-fw-sm-im-400 brz-fw-xs-im-400 brz-fs-lg-22 brz-fs-sm-im-22 brz-fs-xs-im-22\"><span style=\"font-size: 1rem;\">Non si tratta di una suite qualunque: con i suoi 51 m\u00b2 \u00e8 la pi\u00f9 grande del Bellaugello e si trova al livello superiore. La Suite Diva \u00e8 caratterizzata da un design moderno e minimale. Soggiorno con angolo cottura con lavastoviglie. L&#8217;enorme bagno include una doccia panoramica da capogiro con vista sulla valle. La camera da letto \u00e8 dotata di un impressionante letto di 1,8 m di larghezza, adatto quindi anche a tre persone. Il bellissimo soggiorno a doppio aspetto, con un comodo divano in pelle, conduce alla terrazza privata coperta, dove troverai un&#8217;accogliente sala da pranzo per sorprendere il tuo partner con una cena romantica. Decisamente per una diva!<\/span><\/p><\/div><\/div><\/div><\/div><\/div><\/div><\/div><\/div><\/div>\n        \t\t\t\t<\/div>\n\t\t\t\t<\/div>\n\t\t\t\t<div class=\"elementor-element elementor-element-5bd4e73 elementor-align-left elementor-mobile-align-left elementor-button-secondary elementor-invisible elementor-widget elementor-widget-button\" data-id=\"5bd4e73\" data-element_type=\"widget\" data-settings=\"{&quot;_animation&quot;:&quot;opal-move-up&quot;}\" data-widget_type=\"button.default\">\n\t\t\t\t<div class=\"elementor-widget-container\">\n\t\t\t\t\t        <div class=\"elementor-button-wrapper\">\n            <a href=\"https:\/\/bellaugello.com\/bookinglink\" class=\"elementor-button-link elementor-button elementor-size-lg\" role=\"button\">\n                \t\t<span class=\"elementor-button-content-wrapper\">\n\t\t\t\t\t\t\t\t\t<span class=\"elementor-button-text\">Prenota ora<\/span>\n\t\t\t\t\t<\/span>\n\t\t            <\/a>\n        <\/div>\n        \t\t\t\t<\/div>\n\t\t\t\t<\/div>\n\t\t\t\t<div class=\"elementor-element elementor-element-f7de32d elementor-invisible elementor-widget elementor-widget-text-editor\" data-id=\"f7de32d\" data-element_type=\"widget\" data-settings=\"{&quot;_animation&quot;:&quot;opal-move-up&quot;}\" data-widget_type=\"text-editor.default\">\n\t\t\t\t<div class=\"elementor-widget-container\">\n\t\t\t\t\t        <div class=\"elementor-text-editor elementor-clearfix\"><p>Se hai difficolt\u00e0 a trovare le date esatte, contattaci: spesso riusciamo ad aiutarti.<\/p><\/div>\n        \t\t\t\t<\/div>\n\t\t\t\t<\/div>\n\t\t\t\t\t<\/div>\n\t\t<\/div>\n\t\t\t\t\t<\/div>\n\t\t<\/section>\n\t\t\t\t<section class=\"elementor-section elementor-top-section elementor-element elementor-element-3b20d1c elementor-section-stretched elementor-section-boxed elementor-section-height-default elementor-section-height-default\" data-id=\"3b20d1c\" data-element_type=\"section\" data-settings=\"{&quot;stretch_section&quot;:&quot;section-stretched&quot;,&quot;background_background&quot;:&quot;classic&quot;}\">\n\t\t\t\t\t\t<div class=\"elementor-container elementor-column-gap-no\">\n\t\t\t\t\t<div class=\"elementor-column elementor-col-50 elementor-top-column elementor-element elementor-element-db5318c\" data-id=\"db5318c\" data-element_type=\"column\">\n\t\t\t<div class=\"elementor-widget-wrap elementor-element-populated\">\n\t\t\t\t\t\t<div class=\"elementor-element elementor-element-fbd6163 gallery-spacing-custom elementor-invisible elementor-widget elementor-widget-image-gallery\" data-id=\"fbd6163\" data-element_type=\"widget\" data-settings=\"{&quot;_animation&quot;:&quot;opal-move-up&quot;}\" data-widget_type=\"image-gallery.default\">\n\t\t\t\t<div class=\"elementor-widget-container\">\n\t\t\t\t\t\t\t<div class=\"elementor-image-gallery\">\n\t\t\t<div id='gallery-1' class='gallery galleryid-42879 gallery-columns-2 gallery-size-rehomes-single-portfolio-gallery'><figure class='gallery-item'>\n\t\t\t<div class='gallery-icon landscape'>\n\t\t\t\t<a data-elementor-open-lightbox=\"yes\" data-elementor-lightbox-slideshow=\"fbd6163\" data-e-action-hash=\"#elementor-action%3Aaction%3Dlightbox%26settings%3DeyJpZCI6NDM1NjQsInVybCI6Imh0dHBzOlwvXC9iZWxsYXVnZWxsby5jb21cL3dwLWNvbnRlbnRcL3VwbG9hZHNcLzIwMjVcLzA1XC9JTUdfNDM5Mi1zY2FsZWQuanBlZyIsInNsaWRlc2hvdyI6ImZiZDYxNjMifQ%3D%3D\" href='https:\/\/bellaugello.com\/wp-content\/uploads\/2025\/05\/IMG_4392-scaled.jpeg'><img fetchpriority=\"high\" decoding=\"async\" width=\"885\" height=\"675\" src=\"https:\/\/bellaugello.com\/wp-content\/uploads\/2025\/05\/IMG_4392-885x675.jpeg\" class=\"attachment-rehomes-single-portfolio-gallery size-rehomes-single-portfolio-gallery\" alt=\"\" \/><\/a>\n\t\t\t<\/div><\/figure><figure class='gallery-item'>\n\t\t\t<div class='gallery-icon landscape'>\n\t\t\t\t<a data-elementor-open-lightbox=\"yes\" data-elementor-lightbox-slideshow=\"fbd6163\" data-e-action-hash=\"#elementor-action%3Aaction%3Dlightbox%26settings%3DeyJpZCI6NDM1NjcsInVybCI6Imh0dHBzOlwvXC9iZWxsYXVnZWxsby5jb21cL3dwLWNvbnRlbnRcL3VwbG9hZHNcLzIwMjVcLzA1XC9JTUdfNDM5Ni1zY2FsZWQuanBlZyIsInNsaWRlc2hvdyI6ImZiZDYxNjMifQ%3D%3D\" href='https:\/\/bellaugello.com\/wp-content\/uploads\/2025\/05\/IMG_4396-scaled.jpeg'><img decoding=\"async\" width=\"885\" height=\"675\" src=\"https:\/\/bellaugello.com\/wp-content\/uploads\/2025\/05\/IMG_4396-885x675.jpeg\" class=\"attachment-rehomes-single-portfolio-gallery size-rehomes-single-portfolio-gallery\" alt=\"\" \/><\/a>\n\t\t\t<\/div><\/figure><figure class='gallery-item'>\n\t\t\t<div class='gallery-icon landscape'>\n\t\t\t\t<a data-elementor-open-lightbox=\"yes\" data-elementor-lightbox-slideshow=\"fbd6163\" data-e-action-hash=\"#elementor-action%3Aaction%3Dlightbox%26settings%3DeyJpZCI6NDM1NzAsInVybCI6Imh0dHBzOlwvXC9iZWxsYXVnZWxsby5jb21cL3dwLWNvbnRlbnRcL3VwbG9hZHNcLzIwMjVcLzA1XC9JTUdfNDM5NC1zY2FsZWQuanBlZyIsInNsaWRlc2hvdyI6ImZiZDYxNjMifQ%3D%3D\" href='https:\/\/bellaugello.com\/wp-content\/uploads\/2025\/05\/IMG_4394-scaled.jpeg'><img decoding=\"async\" width=\"885\" height=\"675\" src=\"https:\/\/bellaugello.com\/wp-content\/uploads\/2025\/05\/IMG_4394-885x675.jpeg\" class=\"attachment-rehomes-single-portfolio-gallery size-rehomes-single-portfolio-gallery\" alt=\"\" \/><\/a>\n\t\t\t<\/div><\/figure><figure class='gallery-item'>\n\t\t\t<div class='gallery-icon landscape'>\n\t\t\t\t<a data-elementor-open-lightbox=\"yes\" data-elementor-lightbox-slideshow=\"fbd6163\" data-e-action-hash=\"#elementor-action%3Aaction%3Dlightbox%26settings%3DeyJpZCI6NDM1NzMsInVybCI6Imh0dHBzOlwvXC9iZWxsYXVnZWxsby5jb21cL3dwLWNvbnRlbnRcL3VwbG9hZHNcLzIwMjVcLzA1XC9JTUdfNDM5NS1zY2FsZWQuanBlZyIsInNsaWRlc2hvdyI6ImZiZDYxNjMifQ%3D%3D\" href='https:\/\/bellaugello.com\/wp-content\/uploads\/2025\/05\/IMG_4395-scaled.jpeg'><img loading=\"lazy\" decoding=\"async\" width=\"885\" height=\"675\" src=\"https:\/\/bellaugello.com\/wp-content\/uploads\/2025\/05\/IMG_4395-885x675.jpeg\" class=\"attachment-rehomes-single-portfolio-gallery size-rehomes-single-portfolio-gallery\" alt=\"\" \/><\/a>\n\t\t\t<\/div><\/figure><figure class='gallery-item'>\n\t\t\t<div class='gallery-icon landscape'>\n\t\t\t\t<a data-elementor-open-lightbox=\"yes\" data-elementor-lightbox-slideshow=\"fbd6163\" data-e-action-hash=\"#elementor-action%3Aaction%3Dlightbox%26settings%3DeyJpZCI6NDExNTEsInVybCI6Imh0dHBzOlwvXC9iZWxsYXVnZWxsby5jb21cL3dwLWNvbnRlbnRcL3VwbG9hZHNcLzIwMjJcLzAzXC9iZWxsYXVnZWxsby10aGUtZGl2YS1zdWl0ZS0xLmpwZyIsInNsaWRlc2hvdyI6ImZiZDYxNjMifQ%3D%3D\" href='https:\/\/bellaugello.com\/wp-content\/uploads\/2022\/03\/bellaugello-the-diva-suite-1.jpg'><img loading=\"lazy\" decoding=\"async\" width=\"885\" height=\"675\" src=\"https:\/\/bellaugello.com\/wp-content\/uploads\/2022\/03\/bellaugello-the-diva-suite-1-885x675.jpg\" class=\"attachment-rehomes-single-portfolio-gallery size-rehomes-single-portfolio-gallery\" alt=\"\" \/><\/a>\n\t\t\t<\/div><\/figure><figure class='gallery-item'>\n\t\t\t<div class='gallery-icon landscape'>\n\t\t\t\t<a data-elementor-open-lightbox=\"yes\" data-elementor-lightbox-slideshow=\"fbd6163\" data-e-action-hash=\"#elementor-action%3Aaction%3Dlightbox%26settings%3DeyJpZCI6NDExNTQsInVybCI6Imh0dHBzOlwvXC9iZWxsYXVnZWxsby5jb21cL3dwLWNvbnRlbnRcL3VwbG9hZHNcLzIwMjJcLzAzXC9iZWxsYXVnZWxsby10aGUtZGl2YS1zdWl0ZS00LmpwZyIsInNsaWRlc2hvdyI6ImZiZDYxNjMifQ%3D%3D\" href='https:\/\/bellaugello.com\/wp-content\/uploads\/2022\/03\/bellaugello-the-diva-suite-4.jpg'><img loading=\"lazy\" decoding=\"async\" width=\"885\" height=\"675\" src=\"https:\/\/bellaugello.com\/wp-content\/uploads\/2022\/03\/bellaugello-the-diva-suite-4-885x675.jpg\" class=\"attachment-rehomes-single-portfolio-gallery size-rehomes-single-portfolio-gallery\" alt=\"\" \/><\/a>\n\t\t\t<\/div><\/figure>\n\t\t<\/div>\n\t\t<\/div>\n\t\t\t\t\t\t<\/div>\n\t\t\t\t<\/div>\n\t\t\t\t\t<\/div>\n\t\t<\/div>\n\t\t\t\t<div class=\"elementor-column elementor-col-50 elementor-top-column elementor-element elementor-element-6420b88 opmaaksuites\" data-id=\"6420b88\" data-element_type=\"column\" data-settings=\"{&quot;background_background&quot;:&quot;classic&quot;}\">\n\t\t\t<div class=\"elementor-widget-wrap elementor-element-populated\">\n\t\t\t\t\t\t<section class=\"elementor-section elementor-inner-section elementor-element elementor-element-aa29286 elementor-section-full_width elementor-section-height-default elementor-section-height-default\" data-id=\"aa29286\" data-element_type=\"section\">\n\t\t\t\t\t\t<div class=\"elementor-container elementor-column-gap-no\">\n\t\t\t\t\t<div class=\"elementor-column elementor-col-100 elementor-inner-column elementor-element elementor-element-a57e4ed\" data-id=\"a57e4ed\" data-element_type=\"column\">\n\t\t\t<div class=\"elementor-widget-wrap elementor-element-populated\">\n\t\t\t\t\t\t<div class=\"elementor-element elementor-element-9ccd572 elementor-invisible elementor-widget elementor-widget-heading\" data-id=\"9ccd572\" data-element_type=\"widget\" data-settings=\"{&quot;_animation&quot;:&quot;opal-move-up&quot;}\" data-widget_type=\"heading.default\">\n\t\t\t\t<div class=\"elementor-widget-container\">\n\t\t\t\t\t<div class=\"elementor-heading-wrapper\" ><div class=\"elementor-heading-wrapper-inner\"><h2 class=\"elementor-heading-title elementor-size-default\">Strutture<\/h2><\/div><\/div>\t\t\t\t<\/div>\n\t\t\t\t<\/div>\n\t\t\t\t<div class=\"elementor-element elementor-element-a05c633 icon-list-style1 elementor-icon-list--layout-traditional elementor-list-item-link-full_width elementor-invisible elementor-widget elementor-widget-icon-list\" data-id=\"a05c633\" data-element_type=\"widget\" data-settings=\"{&quot;_animation&quot;:&quot;opal-move-up&quot;}\" data-widget_type=\"icon-list.default\">\n\t\t\t\t<div class=\"elementor-widget-container\">\n\t\t\t\t\t\t\t<ul class=\"elementor-icon-list-items\">\n\t\t\t\t\t\t\t<li class=\"elementor-icon-list-item\">\n\t\t\t\t\t\t\t\t\t\t\t<span class=\"elementor-icon-list-icon\">\n\t\t\t\t\t\t\t<svg aria-hidden=\"true\" class=\"e-font-icon-svg e-fas-home\" viewBox=\"0 0 576 512\" xmlns=\"http:\/\/www.w3.org\/2000\/svg\"><path d=\"M280.37 148.26L96 300.11V464a16 16 0 0 0 16 16l112.06-.29a16 16 0 0 0 15.92-16V368a16 16 0 0 1 16-16h64a16 16 0 0 1 16 16v95.64a16 16 0 0 0 16 16.05L464 480a16 16 0 0 0 16-16V300L295.67 148.26a12.19 12.19 0 0 0-15.3 0zM571.6 251.47L488 182.56V44.05a12 12 0 0 0-12-12h-56a12 12 0 0 0-12 12v72.61L318.47 43a48 48 0 0 0-61 0L4.34 251.47a12 12 0 0 0-1.6 16.9l25.5 31A12 12 0 0 0 45.15 301l235.22-193.74a12.19 12.19 0 0 1 15.3 0L530.9 301a12 12 0 0 0 16.9-1.6l25.5-31a12 12 0 0 0-1.7-16.93z\"><\/path><\/svg>\t\t\t\t\t\t<\/span>\n\t\t\t\t\t\t\t\t\t\t<span class=\"elementor-icon-list-text\">Questa suite misura 51m\u00b2<\/span>\n\t\t\t\t\t\t\t\t\t<\/li>\n\t\t\t\t\t\t\t\t<li class=\"elementor-icon-list-item\">\n\t\t\t\t\t\t\t\t\t\t\t<span class=\"elementor-icon-list-icon\">\n\t\t\t\t\t\t\t<svg aria-hidden=\"true\" class=\"e-font-icon-svg e-fas-bed\" viewBox=\"0 0 640 512\" xmlns=\"http:\/\/www.w3.org\/2000\/svg\"><path d=\"M176 256c44.11 0 80-35.89 80-80s-35.89-80-80-80-80 35.89-80 80 35.89 80 80 80zm352-128H304c-8.84 0-16 7.16-16 16v144H64V80c0-8.84-7.16-16-16-16H16C7.16 64 0 71.16 0 80v352c0 8.84 7.16 16 16 16h32c8.84 0 16-7.16 16-16v-48h512v48c0 8.84 7.16 16 16 16h32c8.84 0 16-7.16 16-16V240c0-61.86-50.14-112-112-112z\"><\/path><\/svg>\t\t\t\t\t\t<\/span>\n\t\t\t\t\t\t\t\t\t\t<span class=\"elementor-icon-list-text\">Letto matrimoniale largo 1,8 m<\/span>\n\t\t\t\t\t\t\t\t\t<\/li>\n\t\t\t\t\t\t\t\t<li class=\"elementor-icon-list-item\">\n\t\t\t\t\t\t\t\t\t\t\t<span class=\"elementor-icon-list-icon\">\n\t\t\t\t\t\t\t<svg aria-hidden=\"true\" class=\"e-font-icon-svg e-fas-bath\" viewBox=\"0 0 512 512\" xmlns=\"http:\/\/www.w3.org\/2000\/svg\"><path d=\"M32,384a95.4,95.4,0,0,0,32,71.09V496a16,16,0,0,0,16,16h32a16,16,0,0,0,16-16V480H384v16a16,16,0,0,0,16,16h32a16,16,0,0,0,16-16V455.09A95.4,95.4,0,0,0,480,384V336H32ZM496,256H80V69.25a21.26,21.26,0,0,1,36.28-15l19.27,19.26c-13.13,29.88-7.61,59.11,8.62,79.73l-.17.17A16,16,0,0,0,144,176l11.31,11.31a16,16,0,0,0,22.63,0L283.31,81.94a16,16,0,0,0,0-22.63L272,48a16,16,0,0,0-22.62,0l-.17.17c-20.62-16.23-49.83-21.75-79.73-8.62L150.22,20.28A69.25,69.25,0,0,0,32,69.25V256H16A16,16,0,0,0,0,272v16a16,16,0,0,0,16,16H496a16,16,0,0,0,16-16V272A16,16,0,0,0,496,256Z\"><\/path><\/svg>\t\t\t\t\t\t<\/span>\n\t\t\t\t\t\t\t\t\t\t<span class=\"elementor-icon-list-text\">Enorme bagno moderno<\/span>\n\t\t\t\t\t\t\t\t\t<\/li>\n\t\t\t\t\t\t\t\t<li class=\"elementor-icon-list-item\">\n\t\t\t\t\t\t\t\t\t\t\t<span class=\"elementor-icon-list-icon\">\n\t\t\t\t\t\t\t<svg aria-hidden=\"true\" class=\"e-font-icon-svg e-fas-euro-sign\" viewBox=\"0 0 320 512\" xmlns=\"http:\/\/www.w3.org\/2000\/svg\"><path d=\"M310.706 413.765c-1.314-6.63-7.835-10.872-14.424-9.369-10.692 2.439-27.422 5.413-45.426 5.413-56.763 0-101.929-34.79-121.461-85.449h113.689a12 12 0 0 0 11.708-9.369l6.373-28.36c1.686-7.502-4.019-14.631-11.708-14.631H115.22c-1.21-14.328-1.414-28.287.137-42.245H261.95a12 12 0 0 0 11.723-9.434l6.512-29.755c1.638-7.484-4.061-14.566-11.723-14.566H130.184c20.633-44.991 62.69-75.03 117.619-75.03 14.486 0 28.564 2.25 37.851 4.145 6.216 1.268 12.347-2.498 14.002-8.623l11.991-44.368c1.822-6.741-2.465-13.616-9.326-14.917C290.217 34.912 270.71 32 249.635 32 152.451 32 74.03 92.252 45.075 176H12c-6.627 0-12 5.373-12 12v29.755c0 6.627 5.373 12 12 12h21.569c-1.009 13.607-1.181 29.287-.181 42.245H12c-6.627 0-12 5.373-12 12v28.36c0 6.627 5.373 12 12 12h30.114C67.139 414.692 145.264 480 249.635 480c26.301 0 48.562-4.544 61.101-7.788 6.167-1.595 10.027-7.708 8.788-13.957l-8.818-44.49z\"><\/path><\/svg>\t\t\t\t\t\t<\/span>\n\t\t\t\t\t\t\t\t\t\t<span class=\"elementor-icon-list-text\">250 \u20ac (singola) - 310 \u20ac (doppia)<\/span>\n\t\t\t\t\t\t\t\t\t<\/li>\n\t\t\t\t\t\t<\/ul>\n\t\t\t\t\t\t<\/div>\n\t\t\t\t<\/div>\n\t\t\t\t\t<\/div>\n\t\t<\/div>\n\t\t\t\t\t<\/div>\n\t\t<\/section>\n\t\t\t\t<div class=\"elementor-element elementor-element-aa972b2 elementor-invisible elementor-widget elementor-widget-text-editor\" data-id=\"aa972b2\" data-element_type=\"widget\" data-settings=\"{&quot;_animation&quot;:&quot;opal-move-up&quot;}\" data-widget_type=\"text-editor.default\">\n\t\t\t\t<div class=\"elementor-widget-container\">\n\t\t\t\t\t        <div class=\"elementor-text-editor elementor-clearfix\"><p>Ogni suite \u00e8 decorata con uno stile unico e originale, in modo da far vivere ai nostri ospiti cinque esperienze diverse. Tutte sono dotate di mobili raffinati, letti matrimoniali con biancheria in cotone pregiato, un angolo cottura con utensili da cucina e stoviglie, una macchina per caff\u00e8 espresso Caff\u00e8 Italy. Tavoli da pranzo sia all&#8217;interno delle suite che sulle loro terrazze private, bagni spaziosi, riscaldamento a pavimento, alcuni con doccia esterna. Tutte hanno un ottimo Wi-Fi e un Bose Soundlink. Non c&#8217;\u00e8 aria condizionata perch\u00e9 abbiamo la migliore al mondo: la fresca brezza estiva umbra.<\/p><\/div>\n        \t\t\t\t<\/div>\n\t\t\t\t<\/div>\n\t\t\t\t\t<\/div>\n\t\t<\/div>\n\t\t\t\t\t<\/div>\n\t\t<\/section>\n\t\t\t\t<section class=\"elementor-section elementor-top-section elementor-element elementor-element-11a3657 elementor-section-stretched elementor-section-content-middle elementor-section-boxed elementor-section-height-default elementor-section-height-default\" data-id=\"11a3657\" data-element_type=\"section\" data-settings=\"{&quot;stretch_section&quot;:&quot;section-stretched&quot;,&quot;background_background&quot;:&quot;classic&quot;}\">\n\t\t\t\t\t\t<div class=\"elementor-container elementor-column-gap-default\">\n\t\t\t\t\t<div class=\"elementor-column elementor-col-66 elementor-top-column elementor-element elementor-element-6f1cf62\" data-id=\"6f1cf62\" data-element_type=\"column\">\n\t\t\t<div class=\"elementor-widget-wrap elementor-element-populated\">\n\t\t\t\t\t\t<div class=\"elementor-element elementor-element-de741d4 elementor-invisible elementor-widget elementor-widget-heading\" data-id=\"de741d4\" data-element_type=\"widget\" data-settings=\"{&quot;_animation&quot;:&quot;opal-move-up&quot;}\" data-widget_type=\"heading.default\">\n\t\t\t\t<div class=\"elementor-widget-container\">\n\t\t\t\t\t<div class=\"elementor-heading-wrapper\" ><span class=\"sub-title\">Breathe, relax, unwind and most of all enjoy life<\/span><div class=\"elementor-heading-wrapper-inner\"><h2 class=\"elementor-heading-title elementor-size-default\">Prenotare al Bellaugello \u00e8 facile!<\/h2><\/div><\/div>\t\t\t\t<\/div>\n\t\t\t\t<\/div>\n\t\t\t\t<div class=\"elementor-element elementor-element-7b291d9 elementor-widget elementor-widget-spacer\" data-id=\"7b291d9\" data-element_type=\"widget\" data-widget_type=\"spacer.default\">\n\t\t\t\t<div class=\"elementor-widget-container\">\n\t\t\t\t\t        <div class=\"elementor-spacer\">\n            <div class=\"elementor-spacer-inner\"><\/div>\n        <\/div>\n\t\t\t\t\t\t<\/div>\n\t\t\t\t<\/div>\n\t\t\t\t\t<\/div>\n\t\t<\/div>\n\t\t\t\t<div class=\"elementor-column elementor-col-33 elementor-top-column elementor-element elementor-element-75c6f7a\" data-id=\"75c6f7a\" data-element_type=\"column\">\n\t\t\t<div class=\"elementor-widget-wrap elementor-element-populated\">\n\t\t\t\t\t\t<div class=\"elementor-element elementor-element-e479afd elementor-align-right elementor-mobile-align-left elementor-button-primary elementor-invisible elementor-widget elementor-widget-button\" data-id=\"e479afd\" data-element_type=\"widget\" data-settings=\"{&quot;_animation&quot;:&quot;opal-move-up&quot;}\" data-widget_type=\"button.default\">\n\t\t\t\t<div class=\"elementor-widget-container\">\n\t\t\t\t\t        <div class=\"elementor-button-wrapper\">\n            <a href=\"https:\/\/bellaugello.com\/bookinglink\" class=\"elementor-button-link elementor-button elementor-size-lg\" role=\"button\">\n                \t\t<span class=\"elementor-button-content-wrapper\">\n\t\t\t\t\t\t\t\t\t<span class=\"elementor-button-text\">Prenota ora<\/span>\n\t\t\t\t\t<\/span>\n\t\t            <\/a>\n        <\/div>\n        \t\t\t\t<\/div>\n\t\t\t\t<\/div>\n\t\t\t\t\t<\/div>\n\t\t<\/div>\n\t\t\t\t\t<\/div>\n\t\t<\/section>\n\t\t\t\t<\/div>\n\t\t","protected":false},"excerpt":{"rendered":"<p>Suite 4 La Suite Diva Cosa si prova ad essere al settimo cielo? Com&#8217;\u00e8 vedere la nebbia umbra giocare ogni mattina con le colline che circondano Bellaugello? Cosa si prova a fare una doccia e a meravigliarsi costantemente della bellezza della valle del Chiascio? Sono domande complicate e c&#8217;\u00e8 solo un modo per rispondere: La &hellip; <\/p>\n<p class=\"link-more\"><a href=\"https:\/\/bellaugello.com\/it\/suite\/la-suite-diva\/\" class=\"more-link\">Read More <span class=\"screen-reader-text\"> &#8220;La Suite Diva&#8221;<\/span><\/a><\/p>\n","protected":false},"author":8,"featured_media":0,"parent":42865,"menu_order":0,"comment_status":"closed","ping_status":"closed","template":"","meta":{"footnotes":""},"class_list":["post-42879","page","type-page","status-publish","hentry"],"_links":{"self":[{"href":"https:\/\/bellaugello.com\/it\/wp-json\/wp\/v2\/pages\/42879","targetHints":{"allow":["GET"]}}],"collection":[{"href":"https:\/\/bellaugello.com\/it\/wp-json\/wp\/v2\/pages"}],"about":[{"href":"https:\/\/bellaugello.com\/it\/wp-json\/wp\/v2\/types\/page"}],"author":[{"embeddable":true,"href":"https:\/\/bellaugello.com\/it\/wp-json\/wp\/v2\/users\/8"}],"replies":[{"embeddable":true,"href":"https:\/\/bellaugello.com\/it\/wp-json\/wp\/v2\/comments?post=42879"}],"version-history":[{"count":5,"href":"https:\/\/bellaugello.com\/it\/wp-json\/wp\/v2\/pages\/42879\/revisions"}],"predecessor-version":[{"id":43585,"href":"https:\/\/bellaugello.com\/it\/wp-json\/wp\/v2\/pages\/42879\/revisions\/43585"}],"up":[{"embeddable":true,"href":"https:\/\/bellaugello.com\/it\/wp-json\/wp\/v2\/pages\/42865"}],"wp:attachment":[{"href":"https:\/\/bellaugello.com\/it\/wp-json\/wp\/v2\/media?parent=42879"}],"curies":[{"name":"wp","href":"https:\/\/api.w.org\/{rel}","templated":true}]}}