{"id":42871,"date":"2022-03-04T09:00:01","date_gmt":"2022-03-04T09:00:01","guid":{"rendered":"https:\/\/bellaugello.com\/home\/"},"modified":"2026-03-04T12:19:00","modified_gmt":"2026-03-04T12:19:00","slug":"home","status":"publish","type":"page","link":"https:\/\/bellaugello.com\/it\/","title":{"rendered":"Home"},"content":{"rendered":"\t\t<div data-elementor-type=\"wp-page\" data-elementor-id=\"42871\" class=\"elementor elementor-42871 elementor-2397\">\n\t\t\t\t\t\t<section class=\"elementor-section elementor-top-section elementor-element elementor-element-14807f9 elementor-section-stretched elementor-section-height-min-height elementor-section-boxed elementor-section-height-default elementor-section-items-middle\" data-id=\"14807f9\" data-element_type=\"section\" data-settings=\"{&quot;stretch_section&quot;:&quot;section-stretched&quot;,&quot;background_background&quot;:&quot;slideshow&quot;,&quot;background_slideshow_gallery&quot;:[{&quot;id&quot;:43074,&quot;url&quot;:&quot;https:\\\/\\\/bellaugello.com\\\/wp-content\\\/uploads\\\/2024\\\/11\\\/Activities_on-site-2-1536x1152-1.jpg&quot;},{&quot;id&quot;:43071,&quot;url&quot;:&quot;https:\\\/\\\/bellaugello.com\\\/wp-content\\\/uploads\\\/2024\\\/11\\\/Unknown-1000x700-1.jpg&quot;},{&quot;id&quot;:43279,&quot;url&quot;:&quot;https:\\\/\\\/bellaugello.com\\\/wp-content\\\/uploads\\\/2025\\\/03\\\/IMG_6159.jpeg&quot;},{&quot;id&quot;:43273,&quot;url&quot;:&quot;https:\\\/\\\/bellaugello.com\\\/wp-content\\\/uploads\\\/2025\\\/03\\\/Poolspiegelung.jpg&quot;}],&quot;background_slideshow_loop&quot;:&quot;yes&quot;,&quot;background_slideshow_slide_duration&quot;:5000,&quot;background_slideshow_slide_transition&quot;:&quot;fade&quot;,&quot;background_slideshow_transition_duration&quot;:500}\">\n\t\t\t\t\t\t\t<div class=\"elementor-background-overlay\"><\/div>\n\t\t\t\t\t\t\t<div class=\"elementor-container elementor-column-gap-no\">\n\t\t\t\t\t<div class=\"elementor-column elementor-col-100 elementor-top-column elementor-element elementor-element-ba47f63\" data-id=\"ba47f63\" data-element_type=\"column\">\n\t\t\t<div class=\"elementor-widget-wrap elementor-element-populated\">\n\t\t\t\t\t\t<div class=\"elementor-element elementor-element-6f7b99c elementor-widget__width-auto elementor-invisible elementor-widget elementor-widget-heading\" data-id=\"6f7b99c\" data-element_type=\"widget\" data-settings=\"{&quot;_animation&quot;:&quot;opal-move-up&quot;}\" data-widget_type=\"heading.default\">\n\t\t\t\t<div class=\"elementor-widget-container\">\n\t\t\t\t\t<div class=\"elementor-heading-wrapper\" ><span class=\"sub-title\">Your gay country house in Umbria\u200b<\/span><div class=\"elementor-heading-wrapper-inner\"><h1 class=\"elementor-heading-title elementor-size-default\">Benvenuti a Bellaugello <\/h1><\/div><\/div>\t\t\t\t<\/div>\n\t\t\t\t<\/div>\n\t\t\t\t<div class=\"elementor-element elementor-element-7d5f9fa elementor-mobile-align-center elementor-button-secondary elementor-widget elementor-widget-button\" data-id=\"7d5f9fa\" data-element_type=\"widget\" data-widget_type=\"button.default\">\n\t\t\t\t<div class=\"elementor-widget-container\">\n\t\t\t\t\t        <div class=\"elementor-button-wrapper\">\n            <a href=\"https:\/\/2ragazzi.com\/bookinglink\" class=\"elementor-button-link elementor-button elementor-size-sm\" role=\"button\">\n                \t\t<span class=\"elementor-button-content-wrapper\">\n\t\t\t\t\t\t\t\t\t<span class=\"elementor-button-text\">Prenota la tua Suite per il 2025<\/span>\n\t\t\t\t\t<\/span>\n\t\t            <\/a>\n        <\/div>\n        \t\t\t\t<\/div>\n\t\t\t\t<\/div>\n\t\t\t\t\t<\/div>\n\t\t<\/div>\n\t\t\t\t\t<\/div>\n\t\t<\/section>\n\t\t<div class=\"elementor-element elementor-element-6928acb e-flex e-con-boxed e-con e-parent\" data-id=\"6928acb\" data-element_type=\"container\">\n\t\t\t\t\t<div class=\"e-con-inner\">\n\t\t<div class=\"elementor-element elementor-element-cd83748 e-con-full e-flex e-con e-child\" data-id=\"cd83748\" data-element_type=\"container\">\n\t\t\t\t<div class=\"elementor-element elementor-element-71fd33f elementor-invisible elementor-widget elementor-widget-heading\" data-id=\"71fd33f\" data-element_type=\"widget\" data-settings=\"{&quot;_animation&quot;:&quot;opal-move-up&quot;}\" data-widget_type=\"heading.default\">\n\t\t\t\t<div class=\"elementor-widget-container\">\n\t\t\t\t\t<div class=\"elementor-heading-wrapper\" ><span class=\"sub-title\">Our Vision: <\/span><div class=\"elementor-heading-wrapper-inner\"><h1 class=\"elementor-heading-title elementor-size-default\">Sii te stesso<\/h1><\/div><\/div>\t\t\t\t<\/div>\n\t\t\t\t<\/div>\n\t\t\t\t<div class=\"elementor-element elementor-element-7893c25 elementor-widget elementor-widget-text-editor\" data-id=\"7893c25\" data-element_type=\"widget\" data-widget_type=\"text-editor.default\">\n\t\t\t\t<div class=\"elementor-widget-container\">\n\t\t\t\t\t        <div class=\"elementor-text-editor elementor-clearfix\"><p style=\"caret-color: rgba(0, 0, 0, 0.86); color: rgba(0, 0, 0, 0.86);\">Ai nostri ospiti chiediamo solo una cosa: <strong>di essere se stessi. <\/strong> Quando, qualche anno fa, \u00e8 stato aperto Bellaugello, \u00e8 stata la realizzazione di un sogno: Un concetto di vacanza unico per i ragazzi gay. Un luogo in cui non ci sono sguardi di disapprovazione, non c&#8217;\u00e8 bisogno di nascondere quel gesto istintivo, quella carezza tanto desiderata. Un luogo dove sorridere ed essere felici, dove le persone che la pensano come te possono dimenticare il dito puntato e i sussurri di disapprovazione. Un luogo in cui tutti si sentono a proprio agio e diventano parte di una famiglia in costante crescita. <\/p>\n<p style=\"caret-color: rgba(0, 0, 0, 0.86); color: rgba(0, 0, 0, 0.86);\">Quando abbiamo rilevato Bellaugello, eravamo gi\u00e0 stati ospiti abituali da molti anni. Abbiamo condiviso l&#8217;amore per il profumo dell&#8217;aria fresca dell&#8217;Umbria, le colazioni sane fatte con amore, le interminabili mattinate estive in piscina, le piccole strade inaspettate che nascondono un&#8217;alternativa ai sentieri battuti, i tramonti dorati dalla cima di una collina. Voremmo che tu venissi qui, ti fermassi un po&#8217;, ti rilassassi e ascoltassi ci\u00f2 che il silenzio ha da dire. Voremmo che tu fossi desideroso di tornare nel momento in cui ti salutiamo. Vorremmo che tu tornassi, ovviamente, varcando il cancello e riprendendo la conversazione proprio dove l&#8217;abbiamo lasciata. <\/p>\n<p style=\"caret-color: rgba(0, 0, 0, 0.86); color: rgba(0, 0, 0, 0.86);\"><strong>Bellaugello condivide il suo stile di vita con sempre pi\u00f9 persone alla ricerca di una visione, la stessa visione: essere se stessi.<\/strong><\/p>\n<\/div>\n        \t\t\t\t<\/div>\n\t\t\t\t<\/div>\n\t\t\t\t<\/div>\n\t\t<div class=\"elementor-element elementor-element-83f547c e-con-full e-flex e-con e-child\" data-id=\"83f547c\" data-element_type=\"container\">\n\t\t\t\t<div class=\"elementor-element elementor-element-aa678a1 elementor-widget elementor-widget-image\" data-id=\"aa678a1\" data-element_type=\"widget\" data-widget_type=\"image.default\">\n\t\t\t\t<div class=\"elementor-widget-container\">\n\t\t\t\t\t\t\t\t\t\t\t\t\t\t\t<img fetchpriority=\"high\" decoding=\"async\" width=\"1000\" height=\"1000\" src=\"https:\/\/bellaugello.com\/wp-content\/uploads\/2025\/03\/IMG_2404-small.jpeg\" class=\"attachment-full size-full wp-image-43285\" alt=\"\" srcset=\"https:\/\/bellaugello.com\/wp-content\/uploads\/2025\/03\/IMG_2404-small.jpeg 1000w, https:\/\/bellaugello.com\/wp-content\/uploads\/2025\/03\/IMG_2404-small-300x300.jpeg 300w, https:\/\/bellaugello.com\/wp-content\/uploads\/2025\/03\/IMG_2404-small-150x150.jpeg 150w, https:\/\/bellaugello.com\/wp-content\/uploads\/2025\/03\/IMG_2404-small-768x768.jpeg 768w, https:\/\/bellaugello.com\/wp-content\/uploads\/2025\/03\/IMG_2404-small-700x700.jpeg 700w\" sizes=\"(max-width: 1000px) 100vw, 1000px\" \/>\t\t\t\t\t\t\t\t\t\t\t\t\t\t\t<\/div>\n\t\t\t\t<\/div>\n\t\t\t\t<\/div>\n\t\t\t\t\t<\/div>\n\t\t\t\t<\/div>\n\t\t<div class=\"elementor-element elementor-element-f731065 e-flex e-con-boxed e-con e-parent\" data-id=\"f731065\" data-element_type=\"container\">\n\t\t\t\t\t<div class=\"e-con-inner\">\n\t\t\t\t<div class=\"elementor-element elementor-element-7682d13 elementor-widget elementor-widget-heading\" data-id=\"7682d13\" data-element_type=\"widget\" data-widget_type=\"heading.default\">\n\t\t\t\t<div class=\"elementor-widget-container\">\n\t\t\t\t\t<div class=\"elementor-heading-wrapper\" ><div class=\"elementor-heading-wrapper-inner\"><h2 class=\"elementor-heading-title elementor-size-default\">Il nostro servizio per te<\/h2><\/div><\/div>\t\t\t\t<\/div>\n\t\t\t\t<\/div>\n\t\t\t\t\t<\/div>\n\t\t\t\t<\/div>\n\t\t\t\t<section class=\"elementor-section elementor-top-section elementor-element elementor-element-4fb4a75 elementor-section-stretched elementor-section-boxed elementor-section-height-default elementor-section-height-default elementor-invisible\" data-id=\"4fb4a75\" data-element_type=\"section\" data-settings=\"{&quot;stretch_section&quot;:&quot;section-stretched&quot;,&quot;background_background&quot;:&quot;classic&quot;,&quot;animation&quot;:&quot;opal-move-up&quot;}\">\n\t\t\t\t\t\t\t<div class=\"elementor-background-overlay\"><\/div>\n\t\t\t\t\t\t\t<div class=\"elementor-container elementor-column-gap-default\">\n\t\t\t\t\t<div class=\"elementor-column elementor-col-25 elementor-top-column elementor-element elementor-element-e2b0368\" data-id=\"e2b0368\" data-element_type=\"column\">\n\t\t\t<div class=\"elementor-widget-wrap elementor-element-populated\">\n\t\t\t\t\t\t<div class=\"elementor-element elementor-element-e06f5c9 elementor-position-top elementor-vertical-align-top elementor-invisible elementor-widget elementor-widget-image-box\" data-id=\"e06f5c9\" data-element_type=\"widget\" data-settings=\"{&quot;_animation&quot;:&quot;opal-move-up&quot;}\" data-widget_type=\"image-box.default\">\n\t\t\t\t<div class=\"elementor-widget-container\">\n\t\t\t\t\t<div class=\"elementor-image-box-wrapper elementor-button-\"><div class=\"elementor-image-framed\"><figure class=\"elementor-image-box-img\"><a href=\"https:\/\/2ragazzi.com\/suites\/\"><img decoding=\"async\" src=\"https:\/\/bellaugello.com\/wp-content\/uploads\/elementor\/thumbs\/Bett-e1710231338805-qwa2w8aa3991tn6160wcwhu8304tef0pjxyj8n8mni.png\" title=\"Bett\" alt=\"Bett\" loading=\"lazy\" \/><\/a><\/figure><\/div><div class=\"elementor-image-box-content\"><h3 class=\"elementor-image-box-title\"><a href=\"https:\/\/2ragazzi.com\/suites\/\">Suite<\/a><\/h3><p class=\"elementor-image-box-description\">Lasciati coccolare dalle nostre suite di lusso! Ogni suite \u00e8 decorata con uno stile unico e originale, in modo da far vivere ai nostri ospiti cinque esperienze diverse.<\/p><\/div><\/div>\t\t\t\t<\/div>\n\t\t\t\t<\/div>\n\t\t\t\t\t<\/div>\n\t\t<\/div>\n\t\t\t\t<div class=\"elementor-column elementor-col-25 elementor-top-column elementor-element elementor-element-6979b2d\" data-id=\"6979b2d\" data-element_type=\"column\">\n\t\t\t<div class=\"elementor-widget-wrap elementor-element-populated\">\n\t\t\t\t\t\t<div class=\"elementor-element elementor-element-689729c elementor-position-top elementor-vertical-align-top elementor-invisible elementor-widget elementor-widget-image-box\" data-id=\"689729c\" data-element_type=\"widget\" data-settings=\"{&quot;_animation&quot;:&quot;opal-move-up&quot;}\" data-widget_type=\"image-box.default\">\n\t\t\t\t<div class=\"elementor-widget-container\">\n\t\t\t\t\t<div class=\"elementor-image-box-wrapper elementor-button-\"><div class=\"elementor-image-framed\"><figure class=\"elementor-image-box-img\"><a href=\"https:\/\/2ragazzi.com\/relax\/\"><img decoding=\"async\" src=\"https:\/\/bellaugello.com\/wp-content\/uploads\/elementor\/thumbs\/releax-e1710231328122-qwa2w8aa3991tn6160wcwhu8304tef0pjxyj8n8mni.png\" title=\"releax\" alt=\"releax\" loading=\"lazy\" \/><\/a><\/figure><\/div><div class=\"elementor-image-box-content\"><h3 class=\"elementor-image-box-title\"><a href=\"https:\/\/2ragazzi.com\/relax\/\">Il relax<\/a><\/h3><p class=\"elementor-image-box-description\">L'obiettivo principale di Bellaugello \u00e8 quello di distrarre te e il tuo partner da tutto ci\u00f2 che non riguarda lo svago, il divertimento e il relax.<\/p><\/div><\/div>\t\t\t\t<\/div>\n\t\t\t\t<\/div>\n\t\t\t\t\t<\/div>\n\t\t<\/div>\n\t\t\t\t<div class=\"elementor-column elementor-col-25 elementor-top-column elementor-element elementor-element-04fd9a0\" data-id=\"04fd9a0\" data-element_type=\"column\">\n\t\t\t<div class=\"elementor-widget-wrap elementor-element-populated\">\n\t\t\t\t\t\t<div class=\"elementor-element elementor-element-ef3e0b0 elementor-position-top elementor-vertical-align-top elementor-invisible elementor-widget elementor-widget-image-box\" data-id=\"ef3e0b0\" data-element_type=\"widget\" data-settings=\"{&quot;_animation&quot;:&quot;opal-move-up&quot;}\" data-widget_type=\"image-box.default\">\n\t\t\t\t<div class=\"elementor-widget-container\">\n\t\t\t\t\t<div class=\"elementor-image-box-wrapper elementor-button-\"><div class=\"elementor-image-framed\"><figure class=\"elementor-image-box-img\"><a href=\"https:\/\/2ragazzi.com\/kitchen\/\"><img decoding=\"async\" src=\"https:\/\/bellaugello.com\/wp-content\/uploads\/elementor\/thumbs\/Essen-e1710231319117-qwa2w8aa3991tn6160wcwhu8304tef0pjxyj8n8mni.png\" title=\"Essen\" alt=\"Essen\" loading=\"lazy\" \/><\/a><\/figure><\/div><div class=\"elementor-image-box-content\"><h3 class=\"elementor-image-box-title\"><a href=\"https:\/\/2ragazzi.com\/kitchen\/\">La cucina<\/a><\/h3><p class=\"elementor-image-box-description\">Mangiare \u00e8 uno dei piaceri pi\u00f9 preziosi della vita, perci\u00f2 cerchiamo di prenderci cura di noi stessi e dei nostri ospiti utilizzando i migliori ingredienti possibili.<\/p><\/div><\/div>\t\t\t\t<\/div>\n\t\t\t\t<\/div>\n\t\t\t\t\t<\/div>\n\t\t<\/div>\n\t\t\t\t<div class=\"elementor-column elementor-col-25 elementor-top-column elementor-element elementor-element-62d65f1\" data-id=\"62d65f1\" data-element_type=\"column\">\n\t\t\t<div class=\"elementor-widget-wrap elementor-element-populated\">\n\t\t\t\t\t\t<div class=\"elementor-element elementor-element-98b1d22 elementor-position-top elementor-vertical-align-top elementor-invisible elementor-widget elementor-widget-image-box\" data-id=\"98b1d22\" data-element_type=\"widget\" data-settings=\"{&quot;_animation&quot;:&quot;opal-move-up&quot;}\" data-widget_type=\"image-box.default\">\n\t\t\t\t<div class=\"elementor-widget-container\">\n\t\t\t\t\t<div class=\"elementor-image-box-wrapper elementor-button-\"><div class=\"elementor-image-framed\"><figure class=\"elementor-image-box-img\"><a href=\"https:\/\/2ragazzi.com\/activities\/\"><img decoding=\"async\" src=\"https:\/\/bellaugello.com\/wp-content\/uploads\/elementor\/thumbs\/Wandern-e1710764282109-qwa2w8aa3991tn6160wcwhu8304tef0pjxyj8n8mni.png\" title=\"Wandern\" alt=\"Wandern\" loading=\"lazy\" \/><\/a><\/figure><\/div><div class=\"elementor-image-box-content\"><h3 class=\"elementor-image-box-title\"><a href=\"https:\/\/2ragazzi.com\/activities\/\">Attivit\u00e0<\/a><\/h3><p class=\"elementor-image-box-description\">Cerca di cancellare la parola \"noia\" dalla tua mente, perch\u00e9 nella nostra casa di campagna gay non avrai tempo di annoiarti.<\/p><\/div><\/div>\t\t\t\t<\/div>\n\t\t\t\t<\/div>\n\t\t\t\t\t<\/div>\n\t\t<\/div>\n\t\t\t\t\t<\/div>\n\t\t<\/section>\n\t\t\t\t<\/div>\n\t\t","protected":false},"excerpt":{"rendered":"<p>Your gay country house in Umbria\u200b Benvenuti a Bellaugello Prenota la tua Suite per il 2025 Our Vision: Sii te stesso Ai nostri ospiti chiediamo solo una cosa: di essere se stessi. Quando, qualche anno fa, \u00e8 stato aperto Bellaugello, \u00e8 stata la realizzazione di un sogno: Un concetto di vacanza unico per i ragazzi &hellip; <\/p>\n<p class=\"link-more\"><a href=\"https:\/\/bellaugello.com\/it\/\" class=\"more-link\">Read More <span class=\"screen-reader-text\"> &#8220;Home&#8221;<\/span><\/a><\/p>\n","protected":false},"author":8,"featured_media":0,"parent":0,"menu_order":0,"comment_status":"closed","ping_status":"closed","template":"page-elementor.php","meta":{"footnotes":""},"class_list":["post-42871","page","type-page","status-publish","hentry"],"_links":{"self":[{"href":"https:\/\/bellaugello.com\/it\/wp-json\/wp\/v2\/pages\/42871","targetHints":{"allow":["GET"]}}],"collection":[{"href":"https:\/\/bellaugello.com\/it\/wp-json\/wp\/v2\/pages"}],"about":[{"href":"https:\/\/bellaugello.com\/it\/wp-json\/wp\/v2\/types\/page"}],"author":[{"embeddable":true,"href":"https:\/\/bellaugello.com\/it\/wp-json\/wp\/v2\/users\/8"}],"replies":[{"embeddable":true,"href":"https:\/\/bellaugello.com\/it\/wp-json\/wp\/v2\/comments?post=42871"}],"version-history":[{"count":10,"href":"https:\/\/bellaugello.com\/it\/wp-json\/wp\/v2\/pages\/42871\/revisions"}],"predecessor-version":[{"id":43384,"href":"https:\/\/bellaugello.com\/it\/wp-json\/wp\/v2\/pages\/42871\/revisions\/43384"}],"wp:attachment":[{"href":"https:\/\/bellaugello.com\/it\/wp-json\/wp\/v2\/media?parent=42871"}],"curies":[{"name":"wp","href":"https:\/\/api.w.org\/{rel}","templated":true}]}}