{"id":43006,"date":"2022-03-11T08:09:26","date_gmt":"2022-03-11T08:09:26","guid":{"rendered":"https:\/\/bellaugello.com\/suiten\/die-specchio-suite\/"},"modified":"2025-05-24T08:35:35","modified_gmt":"2025-05-24T08:35:35","slug":"die-specchio-suite","status":"publish","type":"page","link":"https:\/\/bellaugello.com\/de\/suiten\/die-specchio-suite\/","title":{"rendered":"Die Specchio-Suite"},"content":{"rendered":"\t\t<div data-elementor-type=\"wp-page\" data-elementor-id=\"43006\" class=\"elementor elementor-43006 elementor-21962\">\n\t\t\t\t\t\t<section class=\"elementor-section elementor-top-section elementor-element elementor-element-42eb530 elementor-section-stretched elementor-section-boxed elementor-section-height-default elementor-section-height-default\" data-id=\"42eb530\" data-element_type=\"section\" data-settings=\"{&quot;stretch_section&quot;:&quot;section-stretched&quot;}\">\n\t\t\t\t\t\t<div class=\"elementor-container elementor-column-gap-default\">\n\t\t\t\t\t<div class=\"elementor-column elementor-col-100 elementor-top-column elementor-element elementor-element-47f80f9\" data-id=\"47f80f9\" data-element_type=\"column\">\n\t\t\t<div class=\"elementor-widget-wrap elementor-element-populated\">\n\t\t\t\t\t\t<div class=\"elementor-element elementor-element-8886111 elementor-invisible elementor-widget elementor-widget-heading\" data-id=\"8886111\" data-element_type=\"widget\" data-settings=\"{&quot;_animation&quot;:&quot;opal-move-up&quot;}\" data-widget_type=\"heading.default\">\n\t\t\t\t<div class=\"elementor-widget-container\">\n\t\t\t\t\t<div class=\"elementor-heading-wrapper\" ><span class=\"sub-title\">Suite 3<\/span><div class=\"elementor-heading-wrapper-inner\"><h2 class=\"elementor-heading-title elementor-size-default\">Die Specchio-Suite<\/h2><\/div><\/div>\t\t\t\t<\/div>\n\t\t\t\t<\/div>\n\t\t\t\t<div class=\"elementor-element elementor-element-0561679 elementor-invisible elementor-widget elementor-widget-text-editor\" data-id=\"0561679\" data-element_type=\"widget\" data-settings=\"{&quot;_animation&quot;:&quot;opal-move-up&quot;}\" data-widget_type=\"text-editor.default\">\n\t\t\t\t<div class=\"elementor-widget-container\">\n\t\t\t\t\t        <div class=\"elementor-text-editor elementor-clearfix\"><div class=\"brz-css-vppbw brz-wrapper brz-animated brz-css-qzslg brz-css-jgziy brz-initialized brz-animate-opacity\" data-iteration-count=\"1\" data-iteration-completed=\"2\"><div class=\"brz-rich-text brz-css-rlggv\" data-custom-id=\"wdoxgaiagaiziycswgeiollntpsmpoujvdeh\"><div class=\"brz-css-vppbw brz-wrapper brz-animated brz-css-qzslg brz-css-rwzlr brz-initialized brz-animate-opacity\" data-iteration-count=\"1\" data-iteration-completed=\"2\"><div class=\"brz-rich-text brz-css-rlggv\" data-custom-id=\"iapljgmxtqannrvctwurkpqjuqtdgccetrob\"><div class=\"brz-css-vppbw brz-wrapper brz-animated brz-css-qzslg brz-css-wbopf brz-initialized brz-animate-opacity\" data-iteration-count=\"1\" data-iteration-completed=\"2\"><div class=\"brz-rich-text brz-css-rlggv\" data-custom-id=\"xsdbwepnmvhtjfwmfsugejjxtnxtdapnocpf\"><p class=\"brz-fs-xs-im-22 brz-fs-sm-im-22 brz-fs-lg-22 brz-fw-xs-im-400 brz-fw-sm-im-400 brz-fw-lg-400 brz-ft-google brz-ff-playfair_display brz-text-lg-center brz-lh-lg-1_9 brz-lh-sm-im-1_6 brz-lh-xs-im-1_6 brz-ls-lg-1_5 brz-ls-sm-im-3 brz-ls-xs-im-3\">Spiegel sind viel mehr als nur Dekoration, sie sind eine T\u00fcr in eine Welt voller Z\u00e4rtlichkeit, unausgesprochener Liebesgeschichten und langer Kuschelstunden mit nur einem Wunsch: Zu beobachten, wie die ersten Lichtstrahlen durch die Vorh\u00e4nge des \u00f6stlichen Fensters dringen, um sp\u00e4ter auf der gegen\u00fcberliegenden Seite der Suite den Sonnenuntergang zu betrachten.<\/p><p class=\"brz-fs-xs-im-22 brz-fs-sm-im-22 brz-fs-lg-22 brz-fw-xs-im-400 brz-fw-sm-im-400 brz-fw-lg-400 brz-ft-google brz-ff-playfair_display brz-text-lg-center brz-lh-lg-1_9 brz-lh-sm-im-1_6 brz-lh-xs-im-1_6 brz-ls-lg-1_5 brz-ls-sm-im-3 brz-ls-xs-im-3\"><span style=\"font-size: 1rem;\">This beautiful 44m\u00b2 suite, in the upper floor of the central part of the house, is entered by a cosy private loggia which leads to the living room, with kitchen corner with dishwasher and a comfortable sofa-bed to provide accommodation for another couple if required. The large bathroom has two showers. The bedroom overlooking the swimming pool has a double bed 1.8m wide, so also suitable for a Thruple.  <\/span><\/p><\/div><\/div><\/div><\/div><\/div><\/div><\/div>\n        \t\t\t\t<\/div>\n\t\t\t\t<\/div>\n\t\t\t\t<div class=\"elementor-element elementor-element-bc7f126 elementor-align-left elementor-mobile-align-left elementor-button-secondary elementor-invisible elementor-widget elementor-widget-button\" data-id=\"bc7f126\" data-element_type=\"widget\" data-settings=\"{&quot;_animation&quot;:&quot;opal-move-up&quot;}\" data-widget_type=\"button.default\">\n\t\t\t\t<div class=\"elementor-widget-container\">\n\t\t\t\t\t        <div class=\"elementor-button-wrapper\">\n            <a href=\"https:\/\/bellaugello.com\/bookinglink\" class=\"elementor-button-link elementor-button elementor-size-lg\" role=\"button\">\n                \t\t<span class=\"elementor-button-content-wrapper\">\n\t\t\t\t\t\t\t\t\t<span class=\"elementor-button-text\">Jetzt buchen!<\/span>\n\t\t\t\t\t<\/span>\n\t\t            <\/a>\n        <\/div>\n        \t\t\t\t<\/div>\n\t\t\t\t<\/div>\n\t\t\t\t<div class=\"elementor-element elementor-element-4525d57 elementor-invisible elementor-widget elementor-widget-text-editor\" data-id=\"4525d57\" data-element_type=\"widget\" data-settings=\"{&quot;_animation&quot;:&quot;opal-move-up&quot;}\" data-widget_type=\"text-editor.default\">\n\t\t\t\t<div class=\"elementor-widget-container\">\n\t\t\t\t\t        <div class=\"elementor-text-editor elementor-clearfix\"><p>Wenn Du Schwierigkeiten hast, deine genauen Daten zu finden, nimm bitte Kontakt mit uns auf.<\/p><\/div>\n        \t\t\t\t<\/div>\n\t\t\t\t<\/div>\n\t\t\t\t\t<\/div>\n\t\t<\/div>\n\t\t\t\t\t<\/div>\n\t\t<\/section>\n\t\t\t\t<section class=\"elementor-section elementor-top-section elementor-element elementor-element-8b58f15 elementor-section-stretched elementor-section-boxed elementor-section-height-default elementor-section-height-default\" data-id=\"8b58f15\" data-element_type=\"section\" data-settings=\"{&quot;stretch_section&quot;:&quot;section-stretched&quot;,&quot;background_background&quot;:&quot;classic&quot;}\">\n\t\t\t\t\t\t<div class=\"elementor-container elementor-column-gap-no\">\n\t\t\t\t\t<div class=\"elementor-column elementor-col-50 elementor-top-column elementor-element elementor-element-273d186\" data-id=\"273d186\" data-element_type=\"column\">\n\t\t\t<div class=\"elementor-widget-wrap elementor-element-populated\">\n\t\t\t\t\t\t<div class=\"elementor-element elementor-element-d1d74ef gallery-spacing-custom elementor-invisible elementor-widget elementor-widget-image-gallery\" data-id=\"d1d74ef\" data-element_type=\"widget\" data-settings=\"{&quot;_animation&quot;:&quot;opal-move-up&quot;}\" data-widget_type=\"image-gallery.default\">\n\t\t\t\t<div class=\"elementor-widget-container\">\n\t\t\t\t\t\t\t<div class=\"elementor-image-gallery\">\n\t\t\t<div id='gallery-1' class='gallery galleryid-43006 gallery-columns-2 gallery-size-rehomes-single-portfolio-gallery'><figure class='gallery-item'>\n\t\t\t<div class='gallery-icon landscape'>\n\t\t\t\t<a data-elementor-open-lightbox=\"yes\" data-elementor-lightbox-slideshow=\"d1d74ef\" data-e-action-hash=\"#elementor-action%3Aaction%3Dlightbox%26settings%3DeyJpZCI6NDM0NjAsInVybCI6Imh0dHBzOlwvXC9iZWxsYXVnZWxsby5jb21cL3dwLWNvbnRlbnRcL3VwbG9hZHNcLzIwMjVcLzA1XC9JTUdfNDQwNS1zY2FsZWQuanBlZyIsInNsaWRlc2hvdyI6ImQxZDc0ZWYifQ%3D%3D\" href='https:\/\/bellaugello.com\/wp-content\/uploads\/2025\/05\/IMG_4405-scaled.jpeg'><img fetchpriority=\"high\" decoding=\"async\" width=\"885\" height=\"675\" src=\"https:\/\/bellaugello.com\/wp-content\/uploads\/2025\/05\/IMG_4405-885x675.jpeg\" class=\"attachment-rehomes-single-portfolio-gallery size-rehomes-single-portfolio-gallery\" alt=\"\" \/><\/a>\n\t\t\t<\/div><\/figure><figure class='gallery-item'>\n\t\t\t<div class='gallery-icon landscape'>\n\t\t\t\t<a data-elementor-open-lightbox=\"yes\" data-elementor-lightbox-slideshow=\"d1d74ef\" data-e-action-hash=\"#elementor-action%3Aaction%3Dlightbox%26settings%3DeyJpZCI6NDM0NjMsInVybCI6Imh0dHBzOlwvXC9iZWxsYXVnZWxsby5jb21cL3dwLWNvbnRlbnRcL3VwbG9hZHNcLzIwMjVcLzA1XC9JTUdfNDQwMC1zY2FsZWQuanBlZyIsInNsaWRlc2hvdyI6ImQxZDc0ZWYifQ%3D%3D\" href='https:\/\/bellaugello.com\/wp-content\/uploads\/2025\/05\/IMG_4400-scaled.jpeg'><img decoding=\"async\" width=\"885\" height=\"675\" src=\"https:\/\/bellaugello.com\/wp-content\/uploads\/2025\/05\/IMG_4400-885x675.jpeg\" class=\"attachment-rehomes-single-portfolio-gallery size-rehomes-single-portfolio-gallery\" alt=\"\" \/><\/a>\n\t\t\t<\/div><\/figure><figure class='gallery-item'>\n\t\t\t<div class='gallery-icon landscape'>\n\t\t\t\t<a data-elementor-open-lightbox=\"yes\" data-elementor-lightbox-slideshow=\"d1d74ef\" data-e-action-hash=\"#elementor-action%3Aaction%3Dlightbox%26settings%3DeyJpZCI6NDM0NjYsInVybCI6Imh0dHBzOlwvXC9iZWxsYXVnZWxsby5jb21cL3dwLWNvbnRlbnRcL3VwbG9hZHNcLzIwMjVcLzA1XC9JTUdfNDQwMy1zY2FsZWQuanBlZyIsInNsaWRlc2hvdyI6ImQxZDc0ZWYifQ%3D%3D\" href='https:\/\/bellaugello.com\/wp-content\/uploads\/2025\/05\/IMG_4403-scaled.jpeg'><img decoding=\"async\" width=\"885\" height=\"675\" src=\"https:\/\/bellaugello.com\/wp-content\/uploads\/2025\/05\/IMG_4403-885x675.jpeg\" class=\"attachment-rehomes-single-portfolio-gallery size-rehomes-single-portfolio-gallery\" alt=\"\" \/><\/a>\n\t\t\t<\/div><\/figure><figure class='gallery-item'>\n\t\t\t<div class='gallery-icon landscape'>\n\t\t\t\t<a data-elementor-open-lightbox=\"yes\" data-elementor-lightbox-slideshow=\"d1d74ef\" data-e-action-hash=\"#elementor-action%3Aaction%3Dlightbox%26settings%3DeyJpZCI6NDM0NjksInVybCI6Imh0dHBzOlwvXC9iZWxsYXVnZWxsby5jb21cL3dwLWNvbnRlbnRcL3VwbG9hZHNcLzIwMjVcLzA1XC9JTUdfNDQwNi1zY2FsZWQuanBlZyIsInNsaWRlc2hvdyI6ImQxZDc0ZWYifQ%3D%3D\" href='https:\/\/bellaugello.com\/wp-content\/uploads\/2025\/05\/IMG_4406-scaled.jpeg'><img loading=\"lazy\" decoding=\"async\" width=\"885\" height=\"675\" src=\"https:\/\/bellaugello.com\/wp-content\/uploads\/2025\/05\/IMG_4406-885x675.jpeg\" class=\"attachment-rehomes-single-portfolio-gallery size-rehomes-single-portfolio-gallery\" alt=\"\" \/><\/a>\n\t\t\t<\/div><\/figure>\n\t\t<\/div>\n\t\t<\/div>\n\t\t\t\t\t\t<\/div>\n\t\t\t\t<\/div>\n\t\t\t\t\t<\/div>\n\t\t<\/div>\n\t\t\t\t<div class=\"elementor-column elementor-col-50 elementor-top-column elementor-element elementor-element-2fe843b opmaaksuites\" data-id=\"2fe843b\" data-element_type=\"column\" data-settings=\"{&quot;background_background&quot;:&quot;classic&quot;}\">\n\t\t\t<div class=\"elementor-widget-wrap elementor-element-populated\">\n\t\t\t\t\t\t<section class=\"elementor-section elementor-inner-section elementor-element elementor-element-85d2f2f elementor-section-full_width elementor-section-height-default elementor-section-height-default\" data-id=\"85d2f2f\" data-element_type=\"section\">\n\t\t\t\t\t\t<div class=\"elementor-container elementor-column-gap-no\">\n\t\t\t\t\t<div class=\"elementor-column elementor-col-100 elementor-inner-column elementor-element elementor-element-e6988a9\" data-id=\"e6988a9\" data-element_type=\"column\">\n\t\t\t<div class=\"elementor-widget-wrap elementor-element-populated\">\n\t\t\t\t\t\t<div class=\"elementor-element elementor-element-55420a6 elementor-invisible elementor-widget elementor-widget-heading\" data-id=\"55420a6\" data-element_type=\"widget\" data-settings=\"{&quot;_animation&quot;:&quot;opal-move-up&quot;}\" data-widget_type=\"heading.default\">\n\t\t\t\t<div class=\"elementor-widget-container\">\n\t\t\t\t\t<div class=\"elementor-heading-wrapper\" ><div class=\"elementor-heading-wrapper-inner\"><h2 class=\"elementor-heading-title elementor-size-default\">Einrichtung<\/h2><\/div><\/div>\t\t\t\t<\/div>\n\t\t\t\t<\/div>\n\t\t\t\t<div class=\"elementor-element elementor-element-81ec366 icon-list-style1 elementor-icon-list--layout-traditional elementor-list-item-link-full_width elementor-invisible elementor-widget elementor-widget-icon-list\" data-id=\"81ec366\" data-element_type=\"widget\" data-settings=\"{&quot;_animation&quot;:&quot;opal-move-up&quot;}\" data-widget_type=\"icon-list.default\">\n\t\t\t\t<div class=\"elementor-widget-container\">\n\t\t\t\t\t\t\t<ul class=\"elementor-icon-list-items\">\n\t\t\t\t\t\t\t<li class=\"elementor-icon-list-item\">\n\t\t\t\t\t\t\t\t\t\t\t<span class=\"elementor-icon-list-icon\">\n\t\t\t\t\t\t\t<svg aria-hidden=\"true\" class=\"e-font-icon-svg e-fas-home\" viewBox=\"0 0 576 512\" xmlns=\"http:\/\/www.w3.org\/2000\/svg\"><path d=\"M280.37 148.26L96 300.11V464a16 16 0 0 0 16 16l112.06-.29a16 16 0 0 0 15.92-16V368a16 16 0 0 1 16-16h64a16 16 0 0 1 16 16v95.64a16 16 0 0 0 16 16.05L464 480a16 16 0 0 0 16-16V300L295.67 148.26a12.19 12.19 0 0 0-15.3 0zM571.6 251.47L488 182.56V44.05a12 12 0 0 0-12-12h-56a12 12 0 0 0-12 12v72.61L318.47 43a48 48 0 0 0-61 0L4.34 251.47a12 12 0 0 0-1.6 16.9l25.5 31A12 12 0 0 0 45.15 301l235.22-193.74a12.19 12.19 0 0 1 15.3 0L530.9 301a12 12 0 0 0 16.9-1.6l25.5-31a12 12 0 0 0-1.7-16.93z\"><\/path><\/svg>\t\t\t\t\t\t<\/span>\n\t\t\t\t\t\t\t\t\t\t<span class=\"elementor-icon-list-text\">Diese Suite ist 44 m\u00b2 gro\u00df.<\/span>\n\t\t\t\t\t\t\t\t\t<\/li>\n\t\t\t\t\t\t\t\t<li class=\"elementor-icon-list-item\">\n\t\t\t\t\t\t\t\t\t\t\t<span class=\"elementor-icon-list-icon\">\n\t\t\t\t\t\t\t<svg aria-hidden=\"true\" class=\"e-font-icon-svg e-fas-bed\" viewBox=\"0 0 640 512\" xmlns=\"http:\/\/www.w3.org\/2000\/svg\"><path d=\"M176 256c44.11 0 80-35.89 80-80s-35.89-80-80-80-80 35.89-80 80 35.89 80 80 80zm352-128H304c-8.84 0-16 7.16-16 16v144H64V80c0-8.84-7.16-16-16-16H16C7.16 64 0 71.16 0 80v352c0 8.84 7.16 16 16 16h32c8.84 0 16-7.16 16-16v-48h512v48c0 8.84 7.16 16 16 16h32c8.84 0 16-7.16 16-16V240c0-61.86-50.14-112-112-112z\"><\/path><\/svg>\t\t\t\t\t\t<\/span>\n\t\t\t\t\t\t\t\t\t\t<span class=\"elementor-icon-list-text\">Das Doppelbett ist 1.8 m breit.<\/span>\n\t\t\t\t\t\t\t\t\t<\/li>\n\t\t\t\t\t\t\t\t<li class=\"elementor-icon-list-item\">\n\t\t\t\t\t\t\t\t\t\t\t<span class=\"elementor-icon-list-icon\">\n\t\t\t\t\t\t\t<svg aria-hidden=\"true\" class=\"e-font-icon-svg e-fas-bath\" viewBox=\"0 0 512 512\" xmlns=\"http:\/\/www.w3.org\/2000\/svg\"><path d=\"M32,384a95.4,95.4,0,0,0,32,71.09V496a16,16,0,0,0,16,16h32a16,16,0,0,0,16-16V480H384v16a16,16,0,0,0,16,16h32a16,16,0,0,0,16-16V455.09A95.4,95.4,0,0,0,480,384V336H32ZM496,256H80V69.25a21.26,21.26,0,0,1,36.28-15l19.27,19.26c-13.13,29.88-7.61,59.11,8.62,79.73l-.17.17A16,16,0,0,0,144,176l11.31,11.31a16,16,0,0,0,22.63,0L283.31,81.94a16,16,0,0,0,0-22.63L272,48a16,16,0,0,0-22.62,0l-.17.17c-20.62-16.23-49.83-21.75-79.73-8.62L150.22,20.28A69.25,69.25,0,0,0,32,69.25V256H16A16,16,0,0,0,0,272v16a16,16,0,0,0,16,16H496a16,16,0,0,0,16-16V272A16,16,0,0,0,496,256Z\"><\/path><\/svg>\t\t\t\t\t\t<\/span>\n\t\t\t\t\t\t\t\t\t\t<span class=\"elementor-icon-list-text\">Gro\u00dfes Badezimmer mit 2 Duschen<\/span>\n\t\t\t\t\t\t\t\t\t<\/li>\n\t\t\t\t\t\t\t\t<li class=\"elementor-icon-list-item\">\n\t\t\t\t\t\t\t\t\t\t\t<span class=\"elementor-icon-list-icon\">\n\t\t\t\t\t\t\t<svg aria-hidden=\"true\" class=\"e-font-icon-svg e-fas-euro-sign\" viewBox=\"0 0 320 512\" xmlns=\"http:\/\/www.w3.org\/2000\/svg\"><path d=\"M310.706 413.765c-1.314-6.63-7.835-10.872-14.424-9.369-10.692 2.439-27.422 5.413-45.426 5.413-56.763 0-101.929-34.79-121.461-85.449h113.689a12 12 0 0 0 11.708-9.369l6.373-28.36c1.686-7.502-4.019-14.631-11.708-14.631H115.22c-1.21-14.328-1.414-28.287.137-42.245H261.95a12 12 0 0 0 11.723-9.434l6.512-29.755c1.638-7.484-4.061-14.566-11.723-14.566H130.184c20.633-44.991 62.69-75.03 117.619-75.03 14.486 0 28.564 2.25 37.851 4.145 6.216 1.268 12.347-2.498 14.002-8.623l11.991-44.368c1.822-6.741-2.465-13.616-9.326-14.917C290.217 34.912 270.71 32 249.635 32 152.451 32 74.03 92.252 45.075 176H12c-6.627 0-12 5.373-12 12v29.755c0 6.627 5.373 12 12 12h21.569c-1.009 13.607-1.181 29.287-.181 42.245H12c-6.627 0-12 5.373-12 12v28.36c0 6.627 5.373 12 12 12h30.114C67.139 414.692 145.264 480 249.635 480c26.301 0 48.562-4.544 61.101-7.788 6.167-1.595 10.027-7.708 8.788-13.957l-8.818-44.49z\"><\/path><\/svg>\t\t\t\t\t\t<\/span>\n\t\t\t\t\t\t\t\t\t\t<span class=\"elementor-icon-list-text\">230 \u20ac (einzeln) \u2013&nbsp;285 \u20ac (doppelt) <\/span>\n\t\t\t\t\t\t\t\t\t<\/li>\n\t\t\t\t\t\t<\/ul>\n\t\t\t\t\t\t<\/div>\n\t\t\t\t<\/div>\n\t\t\t\t\t<\/div>\n\t\t<\/div>\n\t\t\t\t\t<\/div>\n\t\t<\/section>\n\t\t\t\t<div class=\"elementor-element elementor-element-1357638 elementor-invisible elementor-widget elementor-widget-text-editor\" data-id=\"1357638\" data-element_type=\"widget\" data-settings=\"{&quot;_animation&quot;:&quot;opal-move-up&quot;}\" data-widget_type=\"text-editor.default\">\n\t\t\t\t<div class=\"elementor-widget-container\">\n\t\t\t\t\t        <div class=\"elementor-text-editor elementor-clearfix\"><p>Jede Suite ist in einem einzigartigen, unverwechselbaren Stil eingerichtet, so dass unsere G\u00e4ste f\u00fcnf verschiedene Erlebnisse genie\u00dfen k\u00f6nnen. Alle sind mit ausgesuchten M\u00f6belst\u00fccken, Doppelbetten mit feiner Baumwollw\u00e4sche und einer K\u00fcchenecke mit Kochutensilien und Geschirr sowie einer Caff\u00e8 Italy Espressomaschine ausgestattet. Au\u00dferdem mit Esstischen sowohl in den Suiten als auch auf den privaten Terrassen, ger\u00e4umigen B\u00e4dern und Fu\u00dfbodenheizung, einige haben auch eine Au\u00dfendusche. Alle verf\u00fcgen \u00fcber WLAN und einen Bose Soundlink. Es gibt keine Klimaanlage, denn wir haben die beste der Welt: die frische umbrische Sommerbrise.<\/p><\/div>\n        \t\t\t\t<\/div>\n\t\t\t\t<\/div>\n\t\t\t\t\t<\/div>\n\t\t<\/div>\n\t\t\t\t\t<\/div>\n\t\t<\/section>\n\t\t\t\t<section class=\"elementor-section elementor-top-section elementor-element elementor-element-217b6b0 elementor-section-stretched elementor-section-content-middle elementor-section-boxed elementor-section-height-default elementor-section-height-default\" data-id=\"217b6b0\" data-element_type=\"section\" data-settings=\"{&quot;stretch_section&quot;:&quot;section-stretched&quot;,&quot;background_background&quot;:&quot;classic&quot;}\">\n\t\t\t\t\t\t<div class=\"elementor-container elementor-column-gap-default\">\n\t\t\t\t\t<div class=\"elementor-column elementor-col-66 elementor-top-column elementor-element elementor-element-7e3e11d\" data-id=\"7e3e11d\" data-element_type=\"column\">\n\t\t\t<div class=\"elementor-widget-wrap elementor-element-populated\">\n\t\t\t\t\t\t<div class=\"elementor-element elementor-element-f80e9f4 elementor-invisible elementor-widget elementor-widget-heading\" data-id=\"f80e9f4\" data-element_type=\"widget\" data-settings=\"{&quot;_animation&quot;:&quot;opal-move-up&quot;}\" data-widget_type=\"heading.default\">\n\t\t\t\t<div class=\"elementor-widget-container\">\n\t\t\t\t\t<div class=\"elementor-heading-wrapper\" ><span class=\"sub-title\">Breathe, relax, unwind and most of all enjoy life<\/span><div class=\"elementor-heading-wrapper-inner\"><h2 class=\"elementor-heading-title elementor-size-default\">Jetzt einfach buchen!<\/h2><\/div><\/div>\t\t\t\t<\/div>\n\t\t\t\t<\/div>\n\t\t\t\t\t<\/div>\n\t\t<\/div>\n\t\t\t\t<div class=\"elementor-column elementor-col-33 elementor-top-column elementor-element elementor-element-2548e6e\" data-id=\"2548e6e\" data-element_type=\"column\">\n\t\t\t<div class=\"elementor-widget-wrap elementor-element-populated\">\n\t\t\t\t\t\t<div class=\"elementor-element elementor-element-78d839e elementor-align-right elementor-mobile-align-left elementor-button-primary elementor-invisible elementor-widget elementor-widget-button\" data-id=\"78d839e\" data-element_type=\"widget\" data-settings=\"{&quot;_animation&quot;:&quot;opal-move-up&quot;}\" data-widget_type=\"button.default\">\n\t\t\t\t<div class=\"elementor-widget-container\">\n\t\t\t\t\t        <div class=\"elementor-button-wrapper\">\n            <a href=\"https:\/\/bellaugello.com\/bookinglink\" class=\"elementor-button-link elementor-button elementor-size-lg\" role=\"button\">\n                \t\t<span class=\"elementor-button-content-wrapper\">\n\t\t\t\t\t\t\t\t\t<span class=\"elementor-button-text\">Jetzt buchen!<\/span>\n\t\t\t\t\t<\/span>\n\t\t            <\/a>\n        <\/div>\n        \t\t\t\t<\/div>\n\t\t\t\t<\/div>\n\t\t\t\t\t<\/div>\n\t\t<\/div>\n\t\t\t\t\t<\/div>\n\t\t<\/section>\n\t\t\t\t<\/div>\n\t\t","protected":false},"excerpt":{"rendered":"<p>Suite 3 Die Specchio-Suite Spiegel sind viel mehr als nur Dekoration, sie sind eine T\u00fcr in eine Welt voller Z\u00e4rtlichkeit, unausgesprochener Liebesgeschichten und langer Kuschelstunden mit nur einem Wunsch: Zu beobachten, wie die ersten Lichtstrahlen durch die Vorh\u00e4nge des \u00f6stlichen Fensters dringen, um sp\u00e4ter auf der gegen\u00fcberliegenden Seite der Suite den Sonnenuntergang zu betrachten. This &hellip; <\/p>\n<p class=\"link-more\"><a href=\"https:\/\/bellaugello.com\/de\/suiten\/die-specchio-suite\/\" class=\"more-link\">Read More <span class=\"screen-reader-text\"> &#8222;Die Specchio-Suite&#8220;<\/span><\/a><\/p>\n","protected":false},"author":8,"featured_media":0,"parent":42990,"menu_order":0,"comment_status":"closed","ping_status":"closed","template":"","meta":{"footnotes":""},"class_list":["post-43006","page","type-page","status-publish","hentry"],"_links":{"self":[{"href":"https:\/\/bellaugello.com\/de\/wp-json\/wp\/v2\/pages\/43006","targetHints":{"allow":["GET"]}}],"collection":[{"href":"https:\/\/bellaugello.com\/de\/wp-json\/wp\/v2\/pages"}],"about":[{"href":"https:\/\/bellaugello.com\/de\/wp-json\/wp\/v2\/types\/page"}],"author":[{"embeddable":true,"href":"https:\/\/bellaugello.com\/de\/wp-json\/wp\/v2\/users\/8"}],"replies":[{"embeddable":true,"href":"https:\/\/bellaugello.com\/de\/wp-json\/wp\/v2\/comments?post=43006"}],"version-history":[{"count":3,"href":"https:\/\/bellaugello.com\/de\/wp-json\/wp\/v2\/pages\/43006\/revisions"}],"predecessor-version":[{"id":43474,"href":"https:\/\/bellaugello.com\/de\/wp-json\/wp\/v2\/pages\/43006\/revisions\/43474"}],"up":[{"embeddable":true,"href":"https:\/\/bellaugello.com\/de\/wp-json\/wp\/v2\/pages\/42990"}],"wp:attachment":[{"href":"https:\/\/bellaugello.com\/de\/wp-json\/wp\/v2\/media?parent=43006"}],"curies":[{"name":"wp","href":"https:\/\/api.w.org\/{rel}","templated":true}]}}