{"id":43004,"date":"2022-03-11T08:09:52","date_gmt":"2022-03-11T08:09:52","guid":{"rendered":"https:\/\/bellaugello.com\/suiten\/die-giardino-suite\/"},"modified":"2025-03-27T11:49:58","modified_gmt":"2025-03-27T11:49:58","slug":"die-giardino-suite","status":"publish","type":"page","link":"https:\/\/bellaugello.com\/de\/suiten\/die-giardino-suite\/","title":{"rendered":"Die Giardino-Suite"},"content":{"rendered":"\t\t<div data-elementor-type=\"wp-page\" data-elementor-id=\"43004\" class=\"elementor elementor-43004 elementor-21966\">\n\t\t\t\t\t\t<section class=\"elementor-section elementor-top-section elementor-element elementor-element-9999ed7 elementor-section-stretched elementor-section-boxed elementor-section-height-default elementor-section-height-default\" data-id=\"9999ed7\" data-element_type=\"section\" data-settings=\"{&quot;stretch_section&quot;:&quot;section-stretched&quot;}\">\n\t\t\t\t\t\t<div class=\"elementor-container elementor-column-gap-default\">\n\t\t\t\t\t<div class=\"elementor-column elementor-col-100 elementor-top-column elementor-element elementor-element-b85625d\" data-id=\"b85625d\" data-element_type=\"column\">\n\t\t\t<div class=\"elementor-widget-wrap elementor-element-populated\">\n\t\t\t\t\t\t<div class=\"elementor-element elementor-element-1b96187 elementor-invisible elementor-widget elementor-widget-heading\" data-id=\"1b96187\" data-element_type=\"widget\" data-settings=\"{&quot;_animation&quot;:&quot;opal-move-up&quot;}\" data-widget_type=\"heading.default\">\n\t\t\t\t<div class=\"elementor-widget-container\">\n\t\t\t\t\t<div class=\"elementor-heading-wrapper\" ><span class=\"sub-title\">Suite 5<\/span><div class=\"elementor-heading-wrapper-inner\"><h2 class=\"elementor-heading-title elementor-size-default\">Die Giardino-Suite<\/h2><\/div><\/div>\t\t\t\t<\/div>\n\t\t\t\t<\/div>\n\t\t\t\t<div class=\"elementor-element elementor-element-868b0a4 elementor-invisible elementor-widget elementor-widget-text-editor\" data-id=\"868b0a4\" data-element_type=\"widget\" data-settings=\"{&quot;_animation&quot;:&quot;opal-move-up&quot;}\" data-widget_type=\"text-editor.default\">\n\t\t\t\t<div class=\"elementor-widget-container\">\n\t\t\t\t\t        <div class=\"elementor-text-editor elementor-clearfix\"><div class=\"brz-css-vppbw brz-wrapper brz-animated brz-css-qzslg brz-css-jgziy brz-initialized brz-animate-opacity\" data-iteration-count=\"1\" data-iteration-completed=\"2\">\n<div class=\"brz-rich-text brz-css-rlggv\" data-custom-id=\"wdoxgaiagaiziycswgeiollntpsmpoujvdeh\">\n<div class=\"brz-css-vppbw brz-wrapper brz-animated brz-css-qzslg brz-css-rwzlr brz-initialized brz-animate-opacity\" data-iteration-count=\"1\" data-iteration-completed=\"2\">\n<div class=\"brz-rich-text brz-css-rlggv\" data-custom-id=\"iapljgmxtqannrvctwurkpqjuqtdgccetrob\">\n<div class=\"brz-css-vppbw brz-wrapper brz-animated brz-css-qzslg brz-css-wbopf brz-initialized brz-animate-opacity\" data-iteration-count=\"1\" data-iteration-completed=\"2\">\n<div class=\"brz-rich-text brz-css-rlggv\" data-custom-id=\"xsdbwepnmvhtjfwmfsugejjxtnxtdapnocpf\">\n<div class=\"brz-css-vppbw brz-wrapper brz-animated brz-css-qzslg brz-css-ihyeg brz-initialized brz-animate-opacity\" data-iteration-count=\"1\" data-iteration-completed=\"2\">\n<div class=\"brz-rich-text brz-css-rlggv\" data-custom-id=\"nseivrmoqepsxazuiuehlswsjahqsukgkifb\">\n<div class=\"brz-css-vppbw brz-wrapper brz-animated brz-css-qzslg brz-css-mlzaf brz-initialized brz-animate-opacity\" data-iteration-count=\"1\" data-iteration-completed=\"2\">\n<div class=\"brz-rich-text brz-css-rlggv\" data-custom-id=\"rizavreddwihdouohallvunuksvtxzuhznoc\">\n<p class=\"brz-fs-xs-im-22 brz-fs-sm-im-22 brz-fs-lg-22 brz-fw-xs-im-400 brz-fw-sm-im-400 brz-fw-lg-400 brz-ft-google brz-ff-playfair_display brz-text-lg-center brz-lh-lg-1_9 brz-lh-sm-im-1_6 brz-lh-xs-im-1_6 brz-ls-lg-1_5 brz-ls-sm-im-3 brz-ls-xs-im-3\">Ein Zufluchtsort f\u00fcr alle, die mit der Natur und der Au\u00dfenwelt in Kontakt bleiben wollen, um gleich morgens die umbrische Brise einzuatmen und sich dem Boden, in dem das Bellaugello wurzelt, nahe zu f\u00fchlen. Die beste Art, der Natur dankbar zu sein ist, ihre Sch\u00f6nheit in aller Ruhe zu bewundern.<\/p>\n<p class=\"brz-fs-xs-im-22 brz-fs-sm-im-22 brz-fs-lg-22 brz-fw-xs-im-400 brz-fw-sm-im-400 brz-fw-lg-400 brz-ft-google brz-ff-playfair_display brz-text-lg-center brz-lh-lg-1_9 brz-lh-sm-im-1_6 brz-lh-xs-im-1_6 brz-ls-lg-1_5 brz-ls-sm-im-3 brz-ls-xs-im-3\"><span style=\"font-size: 1rem;\">Diese Duplex-Suite (46 m\u00b2) ist mit allem Luxus ausgestattet, den Du Dir ertr\u00e4umen kannst, und sie hat einen ganz eigenen Stil: Im Obergeschoss findest Du das romantisch gestaltete Schlafzimmer mit einem wundersch\u00f6nen antiken sizilianischen Himmelbett, gro\u00dfz\u00fcgigen Fenstern mit bester Aussicht und direktem Zugang zum Hauptgarten. Gehst Du die Treppe nach unten, gelangst Du in den Ess-\/Wohnbereich mit Sp\u00fclmaschine in der K\u00fcche und in das Badezimmer mit Dusche, aus dem Du auf die private Terrasse mit einer weiteren Dusche und Sonnenliegen gelangst und den Panoramablick auf das Chiascio-Tal genie\u00dfen kannst. Verw\u00f6hne Dich im gr\u00f6\u00dften Badezimmer der Welt!<\/span><\/p>\n<\/div>\n<\/div>\n<\/div>\n<\/div>\n<\/div>\n<\/div>\n<\/div>\n<\/div>\n<\/div>\n<\/div>\n<\/div>\n        \t\t\t\t<\/div>\n\t\t\t\t<\/div>\n\t\t\t\t<div class=\"elementor-element elementor-element-5f927f8 elementor-align-left elementor-mobile-align-left elementor-button-secondary elementor-invisible elementor-widget elementor-widget-button\" data-id=\"5f927f8\" data-element_type=\"widget\" data-settings=\"{&quot;_animation&quot;:&quot;opal-move-up&quot;}\" data-widget_type=\"button.default\">\n\t\t\t\t<div class=\"elementor-widget-container\">\n\t\t\t\t\t        <div class=\"elementor-button-wrapper\">\n            <a href=\"https:\/\/bellaugello.com\/bookinglink\" class=\"elementor-button-link elementor-button elementor-size-lg\" role=\"button\">\n                \t\t<span class=\"elementor-button-content-wrapper\">\n\t\t\t\t\t\t\t\t\t<span class=\"elementor-button-text\">Jetzt buchen!<\/span>\n\t\t\t\t\t<\/span>\n\t\t            <\/a>\n        <\/div>\n        \t\t\t\t<\/div>\n\t\t\t\t<\/div>\n\t\t\t\t<div class=\"elementor-element elementor-element-c1f6dd8 elementor-invisible elementor-widget elementor-widget-text-editor\" data-id=\"c1f6dd8\" data-element_type=\"widget\" data-settings=\"{&quot;_animation&quot;:&quot;opal-move-up&quot;}\" data-widget_type=\"text-editor.default\">\n\t\t\t\t<div class=\"elementor-widget-container\">\n\t\t\t\t\t        <div class=\"elementor-text-editor elementor-clearfix\"><p>Wenn Du Schwierigkeiten hast, deine genauen Daten zu finden, nimm bitte Kontakt mit uns auf.<\/p>\n<\/div>\n        \t\t\t\t<\/div>\n\t\t\t\t<\/div>\n\t\t\t\t\t<\/div>\n\t\t<\/div>\n\t\t\t\t\t<\/div>\n\t\t<\/section>\n\t\t\t\t<section class=\"elementor-section elementor-top-section elementor-element elementor-element-dcc0403 elementor-section-stretched elementor-section-boxed elementor-section-height-default elementor-section-height-default\" data-id=\"dcc0403\" data-element_type=\"section\" data-settings=\"{&quot;stretch_section&quot;:&quot;section-stretched&quot;,&quot;background_background&quot;:&quot;classic&quot;}\">\n\t\t\t\t\t\t<div class=\"elementor-container elementor-column-gap-no\">\n\t\t\t\t\t<div class=\"elementor-column elementor-col-50 elementor-top-column elementor-element elementor-element-9cef75b\" data-id=\"9cef75b\" data-element_type=\"column\">\n\t\t\t<div class=\"elementor-widget-wrap elementor-element-populated\">\n\t\t\t\t\t\t<div class=\"elementor-element elementor-element-197ede0 gallery-spacing-custom elementor-invisible elementor-widget elementor-widget-image-gallery\" data-id=\"197ede0\" data-element_type=\"widget\" data-settings=\"{&quot;_animation&quot;:&quot;opal-move-up&quot;}\" data-widget_type=\"image-gallery.default\">\n\t\t\t\t<div class=\"elementor-widget-container\">\n\t\t\t\t\t\t\t<div class=\"elementor-image-gallery\">\n\t\t\t<div id='gallery-1' class='gallery galleryid-43004 gallery-columns-2 gallery-size-rehomes-single-portfolio-gallery'><figure class='gallery-item'>\n\t\t\t<div class='gallery-icon landscape'>\n\t\t\t\t<a data-elementor-open-lightbox=\"yes\" data-elementor-lightbox-slideshow=\"197ede0\" data-e-action-hash=\"#elementor-action%3Aaction%3Dlightbox%26settings%3DeyJpZCI6NDM0OTMsInVybCI6Imh0dHBzOlwvXC9iZWxsYXVnZWxsby5jb21cL3dwLWNvbnRlbnRcL3VwbG9hZHNcLzIwMjJcLzAzXC9iZWxsYXVnZWxsby10aGUtZ2lhcmRpbm8tc3VpdGUtNC5qcGciLCJzbGlkZXNob3ciOiIxOTdlZGUwIn0%3D\" href='https:\/\/bellaugello.com\/wp-content\/uploads\/2022\/03\/bellaugello-the-giardino-suite-4.jpg'><img fetchpriority=\"high\" decoding=\"async\" width=\"885\" height=\"675\" src=\"https:\/\/bellaugello.com\/wp-content\/uploads\/2022\/03\/bellaugello-the-giardino-suite-4-885x675.jpg\" class=\"attachment-rehomes-single-portfolio-gallery size-rehomes-single-portfolio-gallery\" alt=\"\" \/><\/a>\n\t\t\t<\/div><\/figure><figure class='gallery-item'>\n\t\t\t<div class='gallery-icon landscape'>\n\t\t\t\t<a data-elementor-open-lightbox=\"yes\" data-elementor-lightbox-slideshow=\"197ede0\" data-e-action-hash=\"#elementor-action%3Aaction%3Dlightbox%26settings%3DeyJpZCI6NDM0OTUsInVybCI6Imh0dHBzOlwvXC9iZWxsYXVnZWxsby5jb21cL3dwLWNvbnRlbnRcL3VwbG9hZHNcLzIwMjJcLzAzXC9iZWxsYXVnZWxsby10aGUtZ2lhcmRpbm8tc3VpdGUtNi5qcGciLCJzbGlkZXNob3ciOiIxOTdlZGUwIn0%3D\" href='https:\/\/bellaugello.com\/wp-content\/uploads\/2022\/03\/bellaugello-the-giardino-suite-6.jpg'><img decoding=\"async\" width=\"885\" height=\"675\" src=\"https:\/\/bellaugello.com\/wp-content\/uploads\/2022\/03\/bellaugello-the-giardino-suite-6-885x675.jpg\" class=\"attachment-rehomes-single-portfolio-gallery size-rehomes-single-portfolio-gallery\" alt=\"\" \/><\/a>\n\t\t\t<\/div><\/figure><figure class='gallery-item'>\n\t\t\t<div class='gallery-icon landscape'>\n\t\t\t\t<a data-elementor-open-lightbox=\"yes\" data-elementor-lightbox-slideshow=\"197ede0\" data-e-action-hash=\"#elementor-action%3Aaction%3Dlightbox%26settings%3DeyJpZCI6NDM0OTQsInVybCI6Imh0dHBzOlwvXC9iZWxsYXVnZWxsby5jb21cL3dwLWNvbnRlbnRcL3VwbG9hZHNcLzIwMjJcLzAzXC9iZWxsYXVnZWxsby10aGUtZ2lhcmRpbm8tc3VpdGUtNS5qcGciLCJzbGlkZXNob3ciOiIxOTdlZGUwIn0%3D\" href='https:\/\/bellaugello.com\/wp-content\/uploads\/2022\/03\/bellaugello-the-giardino-suite-5.jpg'><img decoding=\"async\" width=\"885\" height=\"675\" src=\"https:\/\/bellaugello.com\/wp-content\/uploads\/2022\/03\/bellaugello-the-giardino-suite-5-885x675.jpg\" class=\"attachment-rehomes-single-portfolio-gallery size-rehomes-single-portfolio-gallery\" alt=\"\" \/><\/a>\n\t\t\t<\/div><\/figure><figure class='gallery-item'>\n\t\t\t<div class='gallery-icon portrait'>\n\t\t\t\t<a data-elementor-open-lightbox=\"yes\" data-elementor-lightbox-slideshow=\"197ede0\" data-e-action-hash=\"#elementor-action%3Aaction%3Dlightbox%26settings%3DeyJpZCI6NDM1NjEsInVybCI6Imh0dHBzOlwvXC9iZWxsYXVnZWxsby5jb21cL3dwLWNvbnRlbnRcL3VwbG9hZHNcLzIwMjRcLzA2XC9JTUdfMjI2OS5qcGciLCJzbGlkZXNob3ciOiIxOTdlZGUwIn0%3D\" href='https:\/\/bellaugello.com\/wp-content\/uploads\/2024\/06\/IMG_2269.jpg'><img loading=\"lazy\" decoding=\"async\" width=\"885\" height=\"675\" src=\"https:\/\/bellaugello.com\/wp-content\/uploads\/2024\/06\/IMG_2269-885x675.jpg\" class=\"attachment-rehomes-single-portfolio-gallery size-rehomes-single-portfolio-gallery\" alt=\"\" \/><\/a>\n\t\t\t<\/div><\/figure>\n\t\t<\/div>\n\t\t<\/div>\n\t\t\t\t\t\t<\/div>\n\t\t\t\t<\/div>\n\t\t\t\t\t<\/div>\n\t\t<\/div>\n\t\t\t\t<div class=\"elementor-column elementor-col-50 elementor-top-column elementor-element elementor-element-4aff163 opmaaksuites\" data-id=\"4aff163\" data-element_type=\"column\" data-settings=\"{&quot;background_background&quot;:&quot;classic&quot;}\">\n\t\t\t<div class=\"elementor-widget-wrap elementor-element-populated\">\n\t\t\t\t\t\t<section class=\"elementor-section elementor-inner-section elementor-element elementor-element-21ecfb4 elementor-section-full_width elementor-section-height-default elementor-section-height-default\" data-id=\"21ecfb4\" data-element_type=\"section\">\n\t\t\t\t\t\t<div class=\"elementor-container elementor-column-gap-no\">\n\t\t\t\t\t<div class=\"elementor-column elementor-col-100 elementor-inner-column elementor-element elementor-element-38131ca\" data-id=\"38131ca\" data-element_type=\"column\">\n\t\t\t<div class=\"elementor-widget-wrap elementor-element-populated\">\n\t\t\t\t\t\t<div class=\"elementor-element elementor-element-cce9b9a elementor-invisible elementor-widget elementor-widget-heading\" data-id=\"cce9b9a\" data-element_type=\"widget\" data-settings=\"{&quot;_animation&quot;:&quot;opal-move-up&quot;}\" data-widget_type=\"heading.default\">\n\t\t\t\t<div class=\"elementor-widget-container\">\n\t\t\t\t\t<div class=\"elementor-heading-wrapper\" ><div class=\"elementor-heading-wrapper-inner\"><h2 class=\"elementor-heading-title elementor-size-default\">Einrichtung<\/h2><\/div><\/div>\t\t\t\t<\/div>\n\t\t\t\t<\/div>\n\t\t\t\t<div class=\"elementor-element elementor-element-f3b26e0 icon-list-style1 elementor-icon-list--layout-traditional elementor-list-item-link-full_width elementor-invisible elementor-widget elementor-widget-icon-list\" data-id=\"f3b26e0\" data-element_type=\"widget\" data-settings=\"{&quot;_animation&quot;:&quot;opal-move-up&quot;}\" data-widget_type=\"icon-list.default\">\n\t\t\t\t<div class=\"elementor-widget-container\">\n\t\t\t\t\t\t\t<ul class=\"elementor-icon-list-items\">\n\t\t\t\t\t\t\t<li class=\"elementor-icon-list-item\">\n\t\t\t\t\t\t\t\t\t\t\t<span class=\"elementor-icon-list-icon\">\n\t\t\t\t\t\t\t<svg aria-hidden=\"true\" class=\"e-font-icon-svg e-fas-home\" viewBox=\"0 0 576 512\" xmlns=\"http:\/\/www.w3.org\/2000\/svg\"><path d=\"M280.37 148.26L96 300.11V464a16 16 0 0 0 16 16l112.06-.29a16 16 0 0 0 15.92-16V368a16 16 0 0 1 16-16h64a16 16 0 0 1 16 16v95.64a16 16 0 0 0 16 16.05L464 480a16 16 0 0 0 16-16V300L295.67 148.26a12.19 12.19 0 0 0-15.3 0zM571.6 251.47L488 182.56V44.05a12 12 0 0 0-12-12h-56a12 12 0 0 0-12 12v72.61L318.47 43a48 48 0 0 0-61 0L4.34 251.47a12 12 0 0 0-1.6 16.9l25.5 31A12 12 0 0 0 45.15 301l235.22-193.74a12.19 12.19 0 0 1 15.3 0L530.9 301a12 12 0 0 0 16.9-1.6l25.5-31a12 12 0 0 0-1.7-16.93z\"><\/path><\/svg>\t\t\t\t\t\t<\/span>\n\t\t\t\t\t\t\t\t\t\t<span class=\"elementor-icon-list-text\">Die Suite ist 46 m\u00b2 gro\u00df.<\/span>\n\t\t\t\t\t\t\t\t\t<\/li>\n\t\t\t\t\t\t\t\t<li class=\"elementor-icon-list-item\">\n\t\t\t\t\t\t\t\t\t\t\t<span class=\"elementor-icon-list-icon\">\n\t\t\t\t\t\t\t<svg aria-hidden=\"true\" class=\"e-font-icon-svg e-fas-bed\" viewBox=\"0 0 640 512\" xmlns=\"http:\/\/www.w3.org\/2000\/svg\"><path d=\"M176 256c44.11 0 80-35.89 80-80s-35.89-80-80-80-80 35.89-80 80 35.89 80 80 80zm352-128H304c-8.84 0-16 7.16-16 16v144H64V80c0-8.84-7.16-16-16-16H16C7.16 64 0 71.16 0 80v352c0 8.84 7.16 16 16 16h32c8.84 0 16-7.16 16-16v-48h512v48c0 8.84 7.16 16 16 16h32c8.84 0 16-7.16 16-16V240c0-61.86-50.14-112-112-112z\"><\/path><\/svg>\t\t\t\t\t\t<\/span>\n\t\t\t\t\t\t\t\t\t\t<span class=\"elementor-icon-list-text\">Das Doppelbett ist 1.6 m breit.<\/span>\n\t\t\t\t\t\t\t\t\t<\/li>\n\t\t\t\t\t\t\t\t<li class=\"elementor-icon-list-item\">\n\t\t\t\t\t\t\t\t\t\t\t<span class=\"elementor-icon-list-icon\">\n\t\t\t\t\t\t\t<svg aria-hidden=\"true\" class=\"e-font-icon-svg e-fas-bath\" viewBox=\"0 0 512 512\" xmlns=\"http:\/\/www.w3.org\/2000\/svg\"><path d=\"M32,384a95.4,95.4,0,0,0,32,71.09V496a16,16,0,0,0,16,16h32a16,16,0,0,0,16-16V480H384v16a16,16,0,0,0,16,16h32a16,16,0,0,0,16-16V455.09A95.4,95.4,0,0,0,480,384V336H32ZM496,256H80V69.25a21.26,21.26,0,0,1,36.28-15l19.27,19.26c-13.13,29.88-7.61,59.11,8.62,79.73l-.17.17A16,16,0,0,0,144,176l11.31,11.31a16,16,0,0,0,22.63,0L283.31,81.94a16,16,0,0,0,0-22.63L272,48a16,16,0,0,0-22.62,0l-.17.17c-20.62-16.23-49.83-21.75-79.73-8.62L150.22,20.28A69.25,69.25,0,0,0,32,69.25V256H16A16,16,0,0,0,0,272v16a16,16,0,0,0,16,16H496a16,16,0,0,0,16-16V272A16,16,0,0,0,496,256Z\"><\/path><\/svg>\t\t\t\t\t\t<\/span>\n\t\t\t\t\t\t\t\t\t\t<span class=\"elementor-icon-list-text\">Lila Badezimmer mit Dusche und Au\u00dfendusche<\/span>\n\t\t\t\t\t\t\t\t\t<\/li>\n\t\t\t\t\t\t\t\t<li class=\"elementor-icon-list-item\">\n\t\t\t\t\t\t\t\t\t\t\t<span class=\"elementor-icon-list-icon\">\n\t\t\t\t\t\t\t<svg aria-hidden=\"true\" class=\"e-font-icon-svg e-fas-euro-sign\" viewBox=\"0 0 320 512\" xmlns=\"http:\/\/www.w3.org\/2000\/svg\"><path d=\"M310.706 413.765c-1.314-6.63-7.835-10.872-14.424-9.369-10.692 2.439-27.422 5.413-45.426 5.413-56.763 0-101.929-34.79-121.461-85.449h113.689a12 12 0 0 0 11.708-9.369l6.373-28.36c1.686-7.502-4.019-14.631-11.708-14.631H115.22c-1.21-14.328-1.414-28.287.137-42.245H261.95a12 12 0 0 0 11.723-9.434l6.512-29.755c1.638-7.484-4.061-14.566-11.723-14.566H130.184c20.633-44.991 62.69-75.03 117.619-75.03 14.486 0 28.564 2.25 37.851 4.145 6.216 1.268 12.347-2.498 14.002-8.623l11.991-44.368c1.822-6.741-2.465-13.616-9.326-14.917C290.217 34.912 270.71 32 249.635 32 152.451 32 74.03 92.252 45.075 176H12c-6.627 0-12 5.373-12 12v29.755c0 6.627 5.373 12 12 12h21.569c-1.009 13.607-1.181 29.287-.181 42.245H12c-6.627 0-12 5.373-12 12v28.36c0 6.627 5.373 12 12 12h30.114C67.139 414.692 145.264 480 249.635 480c26.301 0 48.562-4.544 61.101-7.788 6.167-1.595 10.027-7.708 8.788-13.957l-8.818-44.49z\"><\/path><\/svg>\t\t\t\t\t\t<\/span>\n\t\t\t\t\t\t\t\t\t\t<span class=\"elementor-icon-list-text\">240 \u20ac (Einzelzimmer) - 300 \u20ac (Doppelzimmer), reduziert im Apr\/Okt.  <\/span>\n\t\t\t\t\t\t\t\t\t<\/li>\n\t\t\t\t\t\t<\/ul>\n\t\t\t\t\t\t<\/div>\n\t\t\t\t<\/div>\n\t\t\t\t\t<\/div>\n\t\t<\/div>\n\t\t\t\t\t<\/div>\n\t\t<\/section>\n\t\t\t\t<div class=\"elementor-element elementor-element-88b6ab6 elementor-invisible elementor-widget elementor-widget-text-editor\" data-id=\"88b6ab6\" data-element_type=\"widget\" data-settings=\"{&quot;_animation&quot;:&quot;opal-move-up&quot;}\" data-widget_type=\"text-editor.default\">\n\t\t\t\t<div class=\"elementor-widget-container\">\n\t\t\t\t\t        <div class=\"elementor-text-editor elementor-clearfix\"><p>Jede Suite ist in einem einzigartigen, unverwechselbaren Stil eingerichtet, so dass unsere G\u00e4ste f\u00fcnf verschiedene Erlebnisse genie\u00dfen k\u00f6nnen. Alle sind mit ausgesuchten M\u00f6belst\u00fccken, Doppelbetten mit feiner Baumwollw\u00e4sche und einer K\u00fcchenecke mit Kochutensilien und Geschirr sowie einer Caff\u00e8 Italy Espressomaschine ausgestattet. Au\u00dferdem mit Esstischen sowohl in den Suiten als auch auf den privaten Terrassen, ger\u00e4umigen B\u00e4dern und Fu\u00dfbodenheizung, einige haben auch eine Au\u00dfendusche. Alle verf\u00fcgen \u00fcber WLAN und einen Bose Soundlink. Es gibt keine Klimaanlage, denn wir haben die beste der Welt: die frische umbrische Sommerbrise.<\/p>\n<\/div>\n        \t\t\t\t<\/div>\n\t\t\t\t<\/div>\n\t\t\t\t\t<\/div>\n\t\t<\/div>\n\t\t\t\t\t<\/div>\n\t\t<\/section>\n\t\t\t\t<section class=\"elementor-section elementor-top-section elementor-element elementor-element-c043ccb elementor-section-stretched elementor-section-content-middle elementor-section-boxed elementor-section-height-default elementor-section-height-default\" data-id=\"c043ccb\" data-element_type=\"section\" data-settings=\"{&quot;stretch_section&quot;:&quot;section-stretched&quot;,&quot;background_background&quot;:&quot;classic&quot;}\">\n\t\t\t\t\t\t<div class=\"elementor-container elementor-column-gap-default\">\n\t\t\t\t\t<div class=\"elementor-column elementor-col-66 elementor-top-column elementor-element elementor-element-a19edd4\" data-id=\"a19edd4\" data-element_type=\"column\">\n\t\t\t<div class=\"elementor-widget-wrap elementor-element-populated\">\n\t\t\t\t\t\t<div class=\"elementor-element elementor-element-b6c883a elementor-invisible elementor-widget elementor-widget-heading\" data-id=\"b6c883a\" data-element_type=\"widget\" data-settings=\"{&quot;_animation&quot;:&quot;opal-move-up&quot;}\" data-widget_type=\"heading.default\">\n\t\t\t\t<div class=\"elementor-widget-container\">\n\t\t\t\t\t<div class=\"elementor-heading-wrapper\" ><span class=\"sub-title\">Breathe, relax, unwind and most of all enjoy life<\/span><div class=\"elementor-heading-wrapper-inner\"><h2 class=\"elementor-heading-title elementor-size-default\">Jetzt einfach buchen!<\/h2><\/div><\/div>\t\t\t\t<\/div>\n\t\t\t\t<\/div>\n\t\t\t\t<div class=\"elementor-element elementor-element-702f1cc elementor-widget elementor-widget-spacer\" data-id=\"702f1cc\" data-element_type=\"widget\" data-widget_type=\"spacer.default\">\n\t\t\t\t<div class=\"elementor-widget-container\">\n\t\t\t\t\t        <div class=\"elementor-spacer\">\n            <div class=\"elementor-spacer-inner\"><\/div>\n        <\/div>\n\t\t\t\t\t\t<\/div>\n\t\t\t\t<\/div>\n\t\t\t\t\t<\/div>\n\t\t<\/div>\n\t\t\t\t<div class=\"elementor-column elementor-col-33 elementor-top-column elementor-element elementor-element-715f776\" data-id=\"715f776\" data-element_type=\"column\">\n\t\t\t<div class=\"elementor-widget-wrap elementor-element-populated\">\n\t\t\t\t\t\t<div class=\"elementor-element elementor-element-295b465 elementor-align-right elementor-mobile-align-left elementor-button-primary elementor-invisible elementor-widget elementor-widget-button\" data-id=\"295b465\" data-element_type=\"widget\" data-settings=\"{&quot;_animation&quot;:&quot;opal-move-up&quot;}\" data-widget_type=\"button.default\">\n\t\t\t\t<div class=\"elementor-widget-container\">\n\t\t\t\t\t        <div class=\"elementor-button-wrapper\">\n            <a href=\"https:\/\/bellaugello.com\/bookinglink\" class=\"elementor-button-link elementor-button elementor-size-lg\" role=\"button\">\n                \t\t<span class=\"elementor-button-content-wrapper\">\n\t\t\t\t\t\t\t\t\t<span class=\"elementor-button-text\">Jetzt buchen!<\/span>\n\t\t\t\t\t<\/span>\n\t\t            <\/a>\n        <\/div>\n        \t\t\t\t<\/div>\n\t\t\t\t<\/div>\n\t\t\t\t\t<\/div>\n\t\t<\/div>\n\t\t\t\t\t<\/div>\n\t\t<\/section>\n\t\t\t\t<\/div>\n\t\t","protected":false},"excerpt":{"rendered":"<p>Suite 5 Die Giardino-Suite Ein Zufluchtsort f\u00fcr alle, die mit der Natur und der Au\u00dfenwelt in Kontakt bleiben wollen, um gleich morgens die umbrische Brise einzuatmen und sich dem Boden, in dem das Bellaugello wurzelt, nahe zu f\u00fchlen. Die beste Art, der Natur dankbar zu sein ist, ihre Sch\u00f6nheit in aller Ruhe zu bewundern. Diese &hellip; <\/p>\n<p class=\"link-more\"><a href=\"https:\/\/bellaugello.com\/de\/suiten\/die-giardino-suite\/\" class=\"more-link\">Read More <span class=\"screen-reader-text\"> &#8222;Die Giardino-Suite&#8220;<\/span><\/a><\/p>\n","protected":false},"author":8,"featured_media":0,"parent":42990,"menu_order":0,"comment_status":"closed","ping_status":"closed","template":"","meta":{"footnotes":""},"class_list":["post-43004","page","type-page","status-publish","hentry"],"_links":{"self":[{"href":"https:\/\/bellaugello.com\/de\/wp-json\/wp\/v2\/pages\/43004","targetHints":{"allow":["GET"]}}],"collection":[{"href":"https:\/\/bellaugello.com\/de\/wp-json\/wp\/v2\/pages"}],"about":[{"href":"https:\/\/bellaugello.com\/de\/wp-json\/wp\/v2\/types\/page"}],"author":[{"embeddable":true,"href":"https:\/\/bellaugello.com\/de\/wp-json\/wp\/v2\/users\/8"}],"replies":[{"embeddable":true,"href":"https:\/\/bellaugello.com\/de\/wp-json\/wp\/v2\/comments?post=43004"}],"version-history":[{"count":2,"href":"https:\/\/bellaugello.com\/de\/wp-json\/wp\/v2\/pages\/43004\/revisions"}],"predecessor-version":[{"id":43310,"href":"https:\/\/bellaugello.com\/de\/wp-json\/wp\/v2\/pages\/43004\/revisions\/43310"}],"up":[{"embeddable":true,"href":"https:\/\/bellaugello.com\/de\/wp-json\/wp\/v2\/pages\/42990"}],"wp:attachment":[{"href":"https:\/\/bellaugello.com\/de\/wp-json\/wp\/v2\/media?parent=43004"}],"curies":[{"name":"wp","href":"https:\/\/api.w.org\/{rel}","templated":true}]}}