{"id":42971,"date":"2022-03-04T08:53:35","date_gmt":"2022-03-04T08:53:35","guid":{"rendered":"https:\/\/bellaugello.com\/kueche\/"},"modified":"2025-03-27T15:45:26","modified_gmt":"2025-03-27T15:45:26","slug":"kueche","status":"publish","type":"page","link":"https:\/\/bellaugello.com\/de\/kueche\/","title":{"rendered":"K\u00fcche"},"content":{"rendered":"\t\t<div data-elementor-type=\"wp-page\" data-elementor-id=\"42971\" class=\"elementor elementor-42971 elementor-31\">\n\t\t\t\t\t\t<section class=\"elementor-section elementor-top-section elementor-element elementor-element-8a019c5 elementor-section-stretched elementor-section-content-middle elementor-reverse-tablet elementor-reverse-mobile elementor-section-boxed elementor-section-height-default elementor-section-height-default\" data-id=\"8a019c5\" data-element_type=\"section\" data-settings=\"{&quot;stretch_section&quot;:&quot;section-stretched&quot;,&quot;background_background&quot;:&quot;classic&quot;}\">\n\t\t\t\t\t\t<div class=\"elementor-container elementor-column-gap-default\">\n\t\t\t\t\t<div class=\"elementor-column elementor-col-50 elementor-top-column elementor-element elementor-element-d6e4279\" data-id=\"d6e4279\" data-element_type=\"column\">\n\t\t\t<div class=\"elementor-widget-wrap elementor-element-populated\">\n\t\t\t\t\t\t<div class=\"elementor-element elementor-element-932d50e elementor-widget elementor-widget-heading\" data-id=\"932d50e\" data-element_type=\"widget\" data-widget_type=\"heading.default\">\n\t\t\t\t<div class=\"elementor-widget-container\">\n\t\t\t\t\t<div class=\"elementor-heading-wrapper\" ><div class=\"elementor-heading-wrapper-inner\"><h2 class=\"elementor-heading-title elementor-size-default\"><span class=\"elementor-heading-title elementor-size-default elementor-inline-editing pen\" data-elementor-setting-key=\"title\" data-pen-placeholder=\"Type Here...\" style=\"font-family: Alkatra; font-size: 2.66667rem; max-width: 100%; clear: both; outline-color: currentcolor; outline-style: none;\">\u201cA tavola!\u201d<\/span><\/h2><\/div><\/div>\t\t\t\t<\/div>\n\t\t\t\t<\/div>\n\t\t\t\t<div class=\"elementor-element elementor-element-6b905b5 elementor-widget elementor-widget-text-editor\" data-id=\"6b905b5\" data-element_type=\"widget\" data-widget_type=\"text-editor.default\">\n\t\t\t\t<div class=\"elementor-widget-container\">\n\t\t\t\t\t        <div class=\"elementor-text-editor elementor-clearfix\"><p>So rufen M\u00fctter in ganz Italien ihre Familien zu Tisch. Einen Tisch zu teilen und gemeinsam gut zu essen, hat hier einen besonderen Stellenwert. Wir achten auf uns und unsere G\u00e4ste, indem wir die besten Zutaten verwenden, die wir bekommen k\u00f6nnen. Deshalb bewirtschaften wir unseren eigenen kleinen Bio-Garten, in dem wir saisonales Gem\u00fcse und Salate anbauen. \u00dcberall in unserem weitl\u00e4ufigen Garten st\u00f6\u00dft du auf duftende Kr\u00e4uter wie Rosmarin, Lavendel und Salbei. Ihre berauschenden Aromen durchdringen die sommerliche Luft. Da wir auch einen kleinen Olivenhain bewirtschaften, stellen wir unser eigenes natives Bio-Oliven\u00f6l her &#8211; eine entspannende T\u00e4tigkeit, die Dich das Leben mit anderen Augen sehen l\u00e4sst.<\/p>\n<\/div>\n        \t\t\t\t<\/div>\n\t\t\t\t<\/div>\n\t\t\t\t\t<\/div>\n\t\t<\/div>\n\t\t\t\t<div class=\"elementor-column elementor-col-50 elementor-top-column elementor-element elementor-element-d5e850e paddingactivitiesright\" data-id=\"d5e850e\" data-element_type=\"column\">\n\t\t\t<div class=\"elementor-widget-wrap elementor-element-populated\">\n\t\t\t\t\t\t<div class=\"elementor-element elementor-element-24fbf13 gallery-spacing-custom elementor-invisible elementor-widget elementor-widget-image-gallery\" data-id=\"24fbf13\" data-element_type=\"widget\" data-settings=\"{&quot;_animation&quot;:&quot;opal-move-up&quot;}\" data-widget_type=\"image-gallery.default\">\n\t\t\t\t<div class=\"elementor-widget-container\">\n\t\t\t\t\t\t\t<div class=\"elementor-image-gallery\">\n\t\t\t<div id='gallery-1' class='gallery galleryid-42971 gallery-columns-2 gallery-size-rehomes-featured-image-large'><figure class='gallery-item'>\n\t\t\t<div class='gallery-icon portrait'>\n\t\t\t\t<a data-elementor-open-lightbox=\"yes\" data-elementor-lightbox-slideshow=\"24fbf13\" data-e-action-hash=\"#elementor-action%3Aaction%3Dlightbox%26settings%3DeyJpZCI6NDI5NzYsInVybCI6Imh0dHBzOlwvXC9iZWxsYXVnZWxsby5jb21cL3dwLWNvbnRlbnRcL3VwbG9hZHNcLzIwMjRcLzAzXC9EU0NfNDIwNS1zY2FsZWQuanBnIiwic2xpZGVzaG93IjoiMjRmYmYxMyJ9\" href='https:\/\/bellaugello.com\/wp-content\/uploads\/2024\/03\/DSC_4205-scaled.jpg'><img fetchpriority=\"high\" decoding=\"async\" width=\"850\" height=\"480\" src=\"https:\/\/bellaugello.com\/wp-content\/uploads\/2024\/03\/DSC_4205-850x480.jpg\" class=\"attachment-rehomes-featured-image-large size-rehomes-featured-image-large\" alt=\"\" \/><\/a>\n\t\t\t<\/div><\/figure><figure class='gallery-item'>\n\t\t\t<div class='gallery-icon landscape'>\n\t\t\t\t<a data-elementor-open-lightbox=\"yes\" data-elementor-lightbox-slideshow=\"24fbf13\" data-e-action-hash=\"#elementor-action%3Aaction%3Dlightbox%26settings%3DeyJpZCI6NDM1MzIsInVybCI6Imh0dHBzOlwvXC9iZWxsYXVnZWxsby5jb21cL3dwLWNvbnRlbnRcL3VwbG9hZHNcLzIwMjRcLzAzXC9LaXRjaGVuX0EtdGF2b2xhMS5qcGVnIiwic2xpZGVzaG93IjoiMjRmYmYxMyJ9\" href='https:\/\/bellaugello.com\/wp-content\/uploads\/2024\/03\/Kitchen_A-tavola1.jpeg'><img decoding=\"async\" width=\"850\" height=\"480\" src=\"https:\/\/bellaugello.com\/wp-content\/uploads\/2024\/03\/Kitchen_A-tavola1-850x480.jpeg\" class=\"attachment-rehomes-featured-image-large size-rehomes-featured-image-large\" alt=\"\" \/><\/a>\n\t\t\t<\/div><\/figure><figure class='gallery-item'>\n\t\t\t<div class='gallery-icon landscape'>\n\t\t\t\t<a data-elementor-open-lightbox=\"yes\" data-elementor-lightbox-slideshow=\"24fbf13\" data-e-action-hash=\"#elementor-action%3Aaction%3Dlightbox%26settings%3DeyJpZCI6NDM1MzMsInVybCI6Imh0dHBzOlwvXC9iZWxsYXVnZWxsby5jb21cL3dwLWNvbnRlbnRcL3VwbG9hZHNcLzIwMjRcLzAzXC9LaXRjaGVuX0EtdGF2b2xhMi1zY2FsZWQuanBnIiwic2xpZGVzaG93IjoiMjRmYmYxMyJ9\" href='https:\/\/bellaugello.com\/wp-content\/uploads\/2024\/03\/Kitchen_A-tavola2-scaled.jpg'><img decoding=\"async\" width=\"850\" height=\"480\" src=\"https:\/\/bellaugello.com\/wp-content\/uploads\/2024\/03\/Kitchen_A-tavola2-850x480.jpg\" class=\"attachment-rehomes-featured-image-large size-rehomes-featured-image-large\" alt=\"\" srcset=\"https:\/\/bellaugello.com\/wp-content\/uploads\/2024\/03\/Kitchen_A-tavola2-850x480.jpg 850w, https:\/\/bellaugello.com\/wp-content\/uploads\/2024\/03\/Kitchen_A-tavola2-300x169.jpg 300w, https:\/\/bellaugello.com\/wp-content\/uploads\/2024\/03\/Kitchen_A-tavola2-700x394.jpg 700w\" sizes=\"(max-width: 850px) 100vw, 850px\" \/><\/a>\n\t\t\t<\/div><\/figure><figure class='gallery-item'>\n\t\t\t<div class='gallery-icon landscape'>\n\t\t\t\t<a data-elementor-open-lightbox=\"yes\" data-elementor-lightbox-slideshow=\"24fbf13\" data-e-action-hash=\"#elementor-action%3Aaction%3Dlightbox%26settings%3DeyJpZCI6NDMyOTksInVybCI6Imh0dHBzOlwvXC9iZWxsYXVnZWxsby5jb21cL3dwLWNvbnRlbnRcL3VwbG9hZHNcLzIwMjVcLzAzXC9JTUdfMjY5OS1zY2FsZWQuanBlZyIsInNsaWRlc2hvdyI6IjI0ZmJmMTMifQ%3D%3D\" href='https:\/\/bellaugello.com\/wp-content\/uploads\/2025\/03\/IMG_2699-scaled.jpeg'><img loading=\"lazy\" decoding=\"async\" width=\"850\" height=\"480\" src=\"https:\/\/bellaugello.com\/wp-content\/uploads\/2025\/03\/IMG_2699-850x480.jpeg\" class=\"attachment-rehomes-featured-image-large size-rehomes-featured-image-large\" alt=\"\" \/><\/a>\n\t\t\t<\/div><\/figure>\n\t\t<\/div>\n\t\t<\/div>\n\t\t\t\t\t\t<\/div>\n\t\t\t\t<\/div>\n\t\t\t\t\t<\/div>\n\t\t<\/div>\n\t\t\t\t\t<\/div>\n\t\t<\/section>\n\t\t<div class=\"elementor-element elementor-element-f36f99a e-flex e-con-boxed e-con e-parent\" data-id=\"f36f99a\" data-element_type=\"container\">\n\t\t\t\t\t<div class=\"e-con-inner\">\n\t\t\t\t<div class=\"elementor-element elementor-element-f32ee3e elementor-invisible elementor-widget elementor-widget-heading\" data-id=\"f32ee3e\" data-element_type=\"widget\" data-settings=\"{&quot;_animation&quot;:&quot;opal-move-up&quot;}\" data-widget_type=\"heading.default\">\n\t\t\t\t<div class=\"elementor-widget-container\">\n\t\t\t\t\t<div class=\"elementor-heading-wrapper\" ><span class=\"sub-title\">BREAKFAST AT BELLAUGELLO<\/span><div class=\"elementor-heading-wrapper-inner\"><h1 class=\"elementor-heading-title elementor-size-default\">Freundschaft wird im Handumdrehen geboren<\/h1><\/div><\/div>\t\t\t\t<\/div>\n\t\t\t\t<\/div>\n\t\t\t\t\t<\/div>\n\t\t\t\t<\/div>\n\t\t<div class=\"elementor-element elementor-element-668122b e-grid e-con-boxed e-con e-parent\" data-id=\"668122b\" data-element_type=\"container\">\n\t\t\t\t\t<div class=\"e-con-inner\">\n\t\t\t\t<div class=\"elementor-element elementor-element-066fd5c elementor-widget elementor-widget-text-editor\" data-id=\"066fd5c\" data-element_type=\"widget\" data-widget_type=\"text-editor.default\">\n\t\t\t\t<div class=\"elementor-widget-container\">\n\t\t\t\t\t        <div class=\"elementor-text-editor elementor-clearfix\"><p>Wir lieben entspannte und vielf\u00e4ltige Mahlzeiten am Morgen, deshalb wird das Fr\u00fchst\u00fcck t\u00e4glich entweder auf der Terrasse oder im Kaminsaal serviert. Es ist eine angenehme Art, den Tag zu begr\u00fc\u00dfen. Stell Dir vor, sieben oder acht andere Jungs wie Du teilen ihre Pl\u00e4ne miteinander und in dem Moment, in dem sie merken, dass sie an diesem Tag den gleichen beschreiten, werden sie Freunde. Stell dir vor, dass das vor dem bestm\u00f6glichen Hintergrund passiert: ein langer Tisch voller leckerer umbrischer Produkte, hausgemachter Marmeladen, Brot und Kuchen; K\u00e4se und Aufschnitt aus der Region, frischem Obst, M\u00fcsli und hausgemachten Joghurts, Honig, eine reiche Auswahl an Tees und nat\u00fcrlich frisch gebr\u00fchter italienischer Kaffee.<\/p>\n<\/div>\n        \t\t\t\t<\/div>\n\t\t\t\t<\/div>\n\t\t\t\t<div class=\"elementor-element elementor-element-df53d07 elementor-widget elementor-widget-image\" data-id=\"df53d07\" data-element_type=\"widget\" data-widget_type=\"image.default\">\n\t\t\t\t<div class=\"elementor-widget-container\">\n\t\t\t\t\t\t\t\t\t\t\t\t\t\t\t<img loading=\"lazy\" decoding=\"async\" width=\"850\" height=\"480\" src=\"https:\/\/bellaugello.com\/wp-content\/uploads\/2024\/03\/Kitchen_Friendship-850x480.jpg\" class=\"attachment-rehomes-featured-image-large size-rehomes-featured-image-large wp-image-42979\" alt=\"\" \/>\t\t\t\t\t\t\t\t\t\t\t\t\t\t\t<\/div>\n\t\t\t\t<\/div>\n\t\t\t\t\t<\/div>\n\t\t\t\t<\/div>\n\t\t<div class=\"elementor-element elementor-element-ad53567 e-flex e-con-boxed e-con e-parent\" data-id=\"ad53567\" data-element_type=\"container\">\n\t\t\t\t\t<div class=\"e-con-inner\">\n\t\t\t\t<div class=\"elementor-element elementor-element-69e1381 elementor-widget elementor-widget-heading\" data-id=\"69e1381\" data-element_type=\"widget\" data-widget_type=\"heading.default\">\n\t\t\t\t<div class=\"elementor-widget-container\">\n\t\t\t\t\t<div class=\"elementor-heading-wrapper\" ><div class=\"elementor-heading-wrapper-inner\"><h2 class=\"elementor-heading-title elementor-size-default\">Teilen ist liebevoll, aber f\u00fchl dich wie zu Hause<\/h2><\/div><\/div>\t\t\t\t<\/div>\n\t\t\t\t<\/div>\n\t\t\t\t\t<\/div>\n\t\t\t\t<\/div>\n\t\t<div class=\"elementor-element elementor-element-5049757 e-grid e-con-boxed e-con e-parent\" data-id=\"5049757\" data-element_type=\"container\">\n\t\t\t\t\t<div class=\"e-con-inner\">\n\t\t\t\t<div class=\"elementor-element elementor-element-5d1786f elementor-widget elementor-widget-text-editor\" data-id=\"5d1786f\" data-element_type=\"widget\" data-widget_type=\"text-editor.default\">\n\t\t\t\t<div class=\"elementor-widget-container\">\n\t\t\t\t\t        <div class=\"elementor-text-editor elementor-clearfix\"><p>Es gibt nichts Sch\u00f6neres als einen Tisch voller Essen und Menschen um ihn herum. Unsere Liebe zu langen, herzerw\u00e4rmenden Mahlzeiten bringt uns dazu, sie mit unseren G\u00e4sten zu teilen. Wenn Du aber lieber etwas Intimeres mit Deinem Partner genie\u00dfen m\u00f6chtest, gibt es tief im Garten einen privateren Ort f\u00fcr ein Abendessen zu zweit bei Kerzenschein. Ihr k\u00f6nnt es auch selbst machen: Alle Suiten sind mit einer kleinen K\u00fcche ausgestattet, so dass Ihr jederzeit kochen k\u00f6nnt, was Ihr frisch auf dem Markt gekauft habt, um ein romantisches Abendessen auf Eurer eigenen Terrasse zu genie\u00dfen! Wir k\u00f6nnen f\u00fcr Deine Ankunft einen Lebensmittelkorb mit einer Auswahl hervorragender italienischer Produkte einkaufen, die alle umweltfreundlich sind und viele davon von Libera Terra oder der Fattoria La Vialla stammen. Nicht zuletzt kommen einige der Produkte direkt aus dem Garten des Bellaugello! Sieh dir unseren &#8222;Startkorb&#8220; an und sag uns, was Du davon h\u00e4ltst!<\/p>\n<\/div>\n        \t\t\t\t<\/div>\n\t\t\t\t<\/div>\n\t\t\t\t<div class=\"elementor-element elementor-element-594a3fd elementor-widget elementor-widget-image\" data-id=\"594a3fd\" data-element_type=\"widget\" data-widget_type=\"image.default\">\n\t\t\t\t<div class=\"elementor-widget-container\">\n\t\t\t\t\t\t\t\t\t\t\t\t\t\t\t<img loading=\"lazy\" decoding=\"async\" width=\"600\" height=\"800\" src=\"https:\/\/bellaugello.com\/wp-content\/uploads\/2025\/03\/IMG_1871-768x1024.jpeg\" class=\"attachment-large size-large wp-image-43314\" alt=\"\" srcset=\"https:\/\/bellaugello.com\/wp-content\/uploads\/2025\/03\/IMG_1871-768x1024.jpeg 768w, https:\/\/bellaugello.com\/wp-content\/uploads\/2025\/03\/IMG_1871-225x300.jpeg 225w, https:\/\/bellaugello.com\/wp-content\/uploads\/2025\/03\/IMG_1871-1152x1536.jpeg 1152w, https:\/\/bellaugello.com\/wp-content\/uploads\/2025\/03\/IMG_1871-700x933.jpeg 700w, https:\/\/bellaugello.com\/wp-content\/uploads\/2025\/03\/IMG_1871.jpeg 1500w\" sizes=\"(max-width: 600px) 100vw, 600px\" \/>\t\t\t\t\t\t\t\t\t\t\t\t\t\t\t<\/div>\n\t\t\t\t<\/div>\n\t\t\t\t\t<\/div>\n\t\t\t\t<\/div>\n\t\t\t\t<section class=\"elementor-section elementor-top-section elementor-element elementor-element-ad2d7e2 elementor-section-stretched elementor-section-content-middle elementor-reverse-tablet elementor-reverse-mobile elementor-section-boxed elementor-section-height-default elementor-section-height-default\" data-id=\"ad2d7e2\" data-element_type=\"section\" data-settings=\"{&quot;stretch_section&quot;:&quot;section-stretched&quot;,&quot;background_background&quot;:&quot;classic&quot;}\">\n\t\t\t\t\t\t<div class=\"elementor-container elementor-column-gap-default\">\n\t\t\t\t\t<div class=\"elementor-column elementor-col-50 elementor-top-column elementor-element elementor-element-065a363\" data-id=\"065a363\" data-element_type=\"column\">\n\t\t\t<div class=\"elementor-widget-wrap elementor-element-populated\">\n\t\t\t\t\t\t<div class=\"elementor-element elementor-element-ed6ad86 elementor-widget elementor-widget-image\" data-id=\"ed6ad86\" data-element_type=\"widget\" data-widget_type=\"image.default\">\n\t\t\t\t<div class=\"elementor-widget-container\">\n\t\t\t\t\t\t\t\t\t\t\t\t\t\t\t<img loading=\"lazy\" decoding=\"async\" width=\"600\" height=\"620\" src=\"https:\/\/bellaugello.com\/wp-content\/uploads\/2024\/03\/Kitchen_What-will-it-be1-991x1024.jpg\" class=\"attachment-large size-large wp-image-42980\" alt=\"\" srcset=\"https:\/\/bellaugello.com\/wp-content\/uploads\/2024\/03\/Kitchen_What-will-it-be1-991x1024.jpg 991w, https:\/\/bellaugello.com\/wp-content\/uploads\/2024\/03\/Kitchen_What-will-it-be1-290x300.jpg 290w, https:\/\/bellaugello.com\/wp-content\/uploads\/2024\/03\/Kitchen_What-will-it-be1-768x794.jpg 768w, https:\/\/bellaugello.com\/wp-content\/uploads\/2024\/03\/Kitchen_What-will-it-be1-1487x1536.jpg 1487w, https:\/\/bellaugello.com\/wp-content\/uploads\/2024\/03\/Kitchen_What-will-it-be1-1982x2048.jpg 1982w, https:\/\/bellaugello.com\/wp-content\/uploads\/2024\/03\/Kitchen_What-will-it-be1-700x723.jpg 700w\" sizes=\"(max-width: 600px) 100vw, 600px\" \/>\t\t\t\t\t\t\t\t\t\t\t\t\t\t\t<\/div>\n\t\t\t\t<\/div>\n\t\t\t\t\t<\/div>\n\t\t<\/div>\n\t\t\t\t<div class=\"elementor-column elementor-col-50 elementor-top-column elementor-element elementor-element-65d750d\" data-id=\"65d750d\" data-element_type=\"column\">\n\t\t\t<div class=\"elementor-widget-wrap elementor-element-populated\">\n\t\t\t\t\t\t<div class=\"elementor-element elementor-element-4ca2f92 elementor-invisible elementor-widget elementor-widget-heading\" data-id=\"4ca2f92\" data-element_type=\"widget\" data-settings=\"{&quot;_animation&quot;:&quot;opal-move-up&quot;}\" data-widget_type=\"heading.default\">\n\t\t\t\t<div class=\"elementor-widget-container\">\n\t\t\t\t\t<div class=\"elementor-heading-wrapper\" ><span class=\"sub-title\"> WHAT WILL IT BE TONIGHT?<\/span><div class=\"elementor-heading-wrapper-inner\"><h2 class=\"elementor-heading-title elementor-size-default\">Wir lieben die Aufregung vor dem Unbekannten.<\/h2><\/div><\/div>\t\t\t\t<\/div>\n\t\t\t\t<\/div>\n\t\t\t\t<div class=\"elementor-element elementor-element-eee376b elementor-widget elementor-widget-text-editor\" data-id=\"eee376b\" data-element_type=\"widget\" data-widget_type=\"text-editor.default\">\n\t\t\t\t<div class=\"elementor-widget-container\">\n\t\t\t\t\t        <div class=\"elementor-text-editor elementor-clearfix\"><p>Wir wissen es nicht und, ehrlich gesagt, ist es uns auch egal, dass wir es nicht wissen! Wir verwenden nur die besten saisonalen Produkte, deshalb ist es unm\u00f6glich, ein festes Men\u00fc f\u00fcr die zwei oder drei Abendessen pro Woche zu erstellen, die wir im Sommer anbieten. Aber auch hier gilt: Wen interessiert das schon? Was wird es heute Abend sein: Wilder Spargel oder frisch geerntete Sommertr\u00fcffel? S\u00fc\u00dfe Tomaten aus unserem Garten oder intensiver umbrischer K\u00e4se vom Markt? Wir lieben die Aufregung vor dem Unbekannten! Au\u00dferdem veranstalten wir im Sommer gerne Grillabende. Wir laden unsere G\u00e4ste ein, uns bei der Zubereitung des Fleischs auf dem Grill zu helfen und echte BBQ-Meister zu werden! Wir genie\u00dfen auch gerne einen richtig guten Wein zu unseren Mahlzeiten. Deshalb haben wir in unserer Trustbar eine sorgf\u00e4ltig ausgew\u00e4hlte Wein- und Spirituosenauswahl, die unsere G\u00e4ste ausw\u00e4hlen und genie\u00dfen k\u00f6nnen. Cin cin!<\/p>\n<\/div>\n        \t\t\t\t<\/div>\n\t\t\t\t<\/div>\n\t\t\t\t\t<\/div>\n\t\t<\/div>\n\t\t\t\t\t<\/div>\n\t\t<\/section>\n\t\t<div class=\"elementor-element elementor-element-dc0e03a e-flex e-con-boxed e-con e-parent\" data-id=\"dc0e03a\" data-element_type=\"container\">\n\t\t\t\t\t<div class=\"e-con-inner\">\n\t\t\t\t\t<\/div>\n\t\t\t\t<\/div>\n\t\t\t\t<\/div>\n\t\t","protected":false},"excerpt":{"rendered":"<p>\u201cA tavola!\u201d So rufen M\u00fctter in ganz Italien ihre Familien zu Tisch. Einen Tisch zu teilen und gemeinsam gut zu essen, hat hier einen besonderen Stellenwert. Wir achten auf uns und unsere G\u00e4ste, indem wir die besten Zutaten verwenden, die wir bekommen k\u00f6nnen. Deshalb bewirtschaften wir unseren eigenen kleinen Bio-Garten, in dem wir saisonales Gem\u00fcse &hellip; <\/p>\n<p class=\"link-more\"><a href=\"https:\/\/bellaugello.com\/de\/kueche\/\" class=\"more-link\">Read More <span class=\"screen-reader-text\"> &#8222;K\u00fcche&#8220;<\/span><\/a><\/p>\n","protected":false},"author":8,"featured_media":0,"parent":0,"menu_order":0,"comment_status":"closed","ping_status":"open","template":"","meta":{"footnotes":""},"class_list":["post-42971","page","type-page","status-publish","hentry"],"_links":{"self":[{"href":"https:\/\/bellaugello.com\/de\/wp-json\/wp\/v2\/pages\/42971","targetHints":{"allow":["GET"]}}],"collection":[{"href":"https:\/\/bellaugello.com\/de\/wp-json\/wp\/v2\/pages"}],"about":[{"href":"https:\/\/bellaugello.com\/de\/wp-json\/wp\/v2\/types\/page"}],"author":[{"embeddable":true,"href":"https:\/\/bellaugello.com\/de\/wp-json\/wp\/v2\/users\/8"}],"replies":[{"embeddable":true,"href":"https:\/\/bellaugello.com\/de\/wp-json\/wp\/v2\/comments?post=42971"}],"version-history":[{"count":3,"href":"https:\/\/bellaugello.com\/de\/wp-json\/wp\/v2\/pages\/42971\/revisions"}],"predecessor-version":[{"id":43346,"href":"https:\/\/bellaugello.com\/de\/wp-json\/wp\/v2\/pages\/42971\/revisions\/43346"}],"wp:attachment":[{"href":"https:\/\/bellaugello.com\/de\/wp-json\/wp\/v2\/media?parent=42971"}],"curies":[{"name":"wp","href":"https:\/\/api.w.org\/{rel}","templated":true}]}}