{"id":42956,"date":"2024-02-09T10:55:00","date_gmt":"2024-02-09T10:55:00","guid":{"rendered":"https:\/\/bellaugello.com\/ueber-uns\/"},"modified":"2026-01-23T09:34:50","modified_gmt":"2026-01-23T09:34:50","slug":"ueber-uns","status":"publish","type":"page","link":"https:\/\/bellaugello.com\/de\/ueber-uns\/","title":{"rendered":"\u00dcber uns"},"content":{"rendered":"\t\t<div data-elementor-type=\"wp-page\" data-elementor-id=\"42956\" class=\"elementor elementor-42956 elementor-38367\">\n\t\t\t\t\t\t<section class=\"elementor-section elementor-top-section elementor-element elementor-element-ae10d0e elementor-section-stretched elementor-section-boxed elementor-section-height-default elementor-section-height-default\" data-id=\"ae10d0e\" data-element_type=\"section\" data-settings=\"{&quot;stretch_section&quot;:&quot;section-stretched&quot;,&quot;background_background&quot;:&quot;classic&quot;}\">\n\t\t\t\t\t\t\t<div class=\"elementor-background-overlay\"><\/div>\n\t\t\t\t\t\t\t<div class=\"elementor-container elementor-column-gap-default\">\n\t\t\t\t\t<div class=\"elementor-column elementor-col-50 elementor-top-column elementor-element elementor-element-80480ab\" data-id=\"80480ab\" data-element_type=\"column\">\n\t\t\t<div class=\"elementor-widget-wrap elementor-element-populated\">\n\t\t\t\t\t\t<div class=\"elementor-element elementor-element-7d0e1b3 elementor-widget elementor-widget-image\" data-id=\"7d0e1b3\" data-element_type=\"widget\" data-widget_type=\"image.default\">\n\t\t\t\t<div class=\"elementor-widget-container\">\n\t\t\t\t\t\t\t\t\t\t\t\t\t\t\t<img fetchpriority=\"high\" decoding=\"async\" width=\"600\" height=\"800\" src=\"https:\/\/bellaugello.com\/wp-content\/uploads\/2024\/04\/IMG_0372-768x1024.png\" class=\"attachment-medium_large size-medium_large wp-image-42959\" alt=\"\" srcset=\"https:\/\/bellaugello.com\/wp-content\/uploads\/2024\/04\/IMG_0372-768x1024.png 768w, https:\/\/bellaugello.com\/wp-content\/uploads\/2024\/04\/IMG_0372-225x300.png 225w, https:\/\/bellaugello.com\/wp-content\/uploads\/2024\/04\/IMG_0372-1152x1536.png 1152w, https:\/\/bellaugello.com\/wp-content\/uploads\/2024\/04\/IMG_0372-1536x2048.png 1536w, https:\/\/bellaugello.com\/wp-content\/uploads\/2024\/04\/IMG_0372-700x933.png 700w\" sizes=\"(max-width: 600px) 100vw, 600px\" \/>\t\t\t\t\t\t\t\t\t\t\t\t\t\t\t<\/div>\n\t\t\t\t<\/div>\n\t\t\t\t\t<\/div>\n\t\t<\/div>\n\t\t\t\t<div class=\"elementor-column elementor-col-50 elementor-top-column elementor-element elementor-element-4c1d6b1\" data-id=\"4c1d6b1\" data-element_type=\"column\">\n\t\t\t<div class=\"elementor-widget-wrap elementor-element-populated\">\n\t\t\t\t\t\t<div class=\"elementor-element elementor-element-7489e6f elementor-invisible elementor-widget elementor-widget-heading\" data-id=\"7489e6f\" data-element_type=\"widget\" data-settings=\"{&quot;_animation&quot;:&quot;opal-move-up&quot;}\" data-widget_type=\"heading.default\">\n\t\t\t\t<div class=\"elementor-widget-container\">\n\t\t\t\t\t<div class=\"elementor-heading-wrapper\" ><span class=\"sub-title\">A new start to settle in<\/span><div class=\"elementor-heading-wrapper-inner\"><h2 class=\"elementor-heading-title elementor-size-default\">Wir sind Eure Gastgeber<\/h2><\/div><\/div>\t\t\t\t<\/div>\n\t\t\t\t<\/div>\n\t\t\t\t<div class=\"elementor-element elementor-element-643f88b elementor-invisible elementor-widget elementor-widget-text-editor\" data-id=\"643f88b\" data-element_type=\"widget\" data-settings=\"{&quot;_animation&quot;:&quot;opal-move-up&quot;}\" data-widget_type=\"text-editor.default\">\n\t\t\t\t<div class=\"elementor-widget-container\">\n\t\t\t\t\t        <div class=\"elementor-text-editor elementor-clearfix\"><p>D\u00fcrfen wir uns vorstellen? Wir sind Jochen und Kai, Eure Gastgeber im Bellaugello seit 2024. Wir reisen leidenschaftlich gern: Andere Kulturen, neue Orte und spannende Menschen kennenzulernen, begeistert uns. Natur und Landschaft \u2013 zu Fu\u00df, per Rad, per Hundeschlitten oder auf Skiern \u2013 zu erleben, reizt uns besonders. So haben wir auch Umbrien, diese vom Apennin durchzogene, wilde und urspr\u00fcngliche Region Italiens, kennen und lieben gelernt.    <\/p><p><span style=\"font-family: \"Be Vietnam\", -apple-system, BlinkMacSystemFont, \"Segoe UI\", Roboto, \"Helvetica Neue\", Arial, sans-serif; font-size: 1rem;\">Fr\u00fcher haben wir vor allem in Geb\u00e4uden gearbeitet: Jochen ist Diplom-Kaufmann und war fast 25 Jahre in der Unternehmensberatung, zun\u00e4chst als reisender Berater auf deutschen und europ\u00e4ischen Projekten, dann in leitender Funktion in der Personalabteilung einer internationalen Wirtschaftspr\u00fcfungsgesellschaft, t\u00e4tig. Kai ist urspr\u00fcnglich Lehrer, war Abgeordneter, Staatssekret\u00e4r und Minister in Hessen. Ein roter Faden seiner politischen Arbeit ist der Kampf f\u00fcr die Gleichberechtigung und Akzeptanz von LSBT*IQ. Klar, dass wir hier auch die umbrische queere Community unterst\u00fctzen.   <\/span><\/p>\n<p>Seit fast zehn Jahren waren wir immer wieder zu Gast im Bellaugello, das uns ein Sehnsuchtsort geworden ist: Ein zweites Zuhause an den H\u00e4ngen des friedlichen Valdichiascio, dem wir uns vom ersten Augenblick an tief verbunden f\u00fchlten. Ein Ort geschaffen f\u00fcr schwule Reisende, an dem die Zeit anders zu verlaufen scheint.  <br>Aus begeisterten G\u00e4sten wurden leidenschaftliche Gastgeber und nun folgen wir dem bestehenden Weg auf unsere eigene Weise und sind neugierig, wohin er uns f\u00fchrt. Nur zu gut wissen wir, wie viele Menschen aus aller Welt dieses Juwel lieben und warum es sie immer wieder hierher zur\u00fcckzieht. <\/p>\n<p><strong>Wir freuen uns darauf, Euch kennenzulernen und hier willkommen zu hei\u00dfen!<\/strong><\/p>\n<p>Interessiert Euch, wie die Geschichte des modernen Bellaugello begann?<br>Sein Gr\u00fcnder erz\u00e4hlt es hier: <\/p><\/div>\n        \t\t\t\t<\/div>\n\t\t\t\t<\/div>\n\t\t\t\t\t<\/div>\n\t\t<\/div>\n\t\t\t\t\t<\/div>\n\t\t<\/section>\n\t\t\t\t<section class=\"elementor-section elementor-top-section elementor-element elementor-element-fb5590a elementor-section-stretched elementor-section-boxed elementor-section-height-default elementor-section-height-default\" data-id=\"fb5590a\" data-element_type=\"section\" data-settings=\"{&quot;stretch_section&quot;:&quot;section-stretched&quot;,&quot;background_background&quot;:&quot;classic&quot;}\">\n\t\t\t\t\t\t\t<div class=\"elementor-background-overlay\"><\/div>\n\t\t\t\t\t\t\t<div class=\"elementor-container elementor-column-gap-default\">\n\t\t\t\t\t<div class=\"elementor-column elementor-col-50 elementor-top-column elementor-element elementor-element-7d8e4ae\" data-id=\"7d8e4ae\" data-element_type=\"column\">\n\t\t\t<div class=\"elementor-widget-wrap elementor-element-populated\">\n\t\t\t\t\t\t<div class=\"elementor-element elementor-element-c24b5b8 elementor-invisible elementor-widget elementor-widget-heading\" data-id=\"c24b5b8\" data-element_type=\"widget\" data-settings=\"{&quot;_animation&quot;:&quot;opal-move-up&quot;}\" data-widget_type=\"heading.default\">\n\t\t\t\t<div class=\"elementor-widget-container\">\n\t\t\t\t\t<div class=\"elementor-heading-wrapper\" ><span class=\"sub-title\">Alec's Memory<\/span><div class=\"elementor-heading-wrapper-inner\"><h2 class=\"elementor-heading-title elementor-size-default\">Die Geschichte des Bellaugello<\/h2><\/div><\/div>\t\t\t\t<\/div>\n\t\t\t\t<\/div>\n\t\t\t\t<div class=\"elementor-element elementor-element-bf9e920 elementor-invisible elementor-widget elementor-widget-text-editor\" data-id=\"bf9e920\" data-element_type=\"widget\" data-settings=\"{&quot;_animation&quot;:&quot;opal-move-up&quot;}\" data-widget_type=\"text-editor.default\">\n\t\t\t\t<div class=\"elementor-widget-container\">\n\t\t\t\t\t        <div class=\"elementor-text-editor elementor-clearfix\"><p>Als Alec im Jahr 2007 ankam, schrieb er:<br><br><\/p><p>&#8222;Sich in Umbrien zu verlieben ist einfach, vielleicht zu einfach f\u00fcr einen Typen wie mich. Schwieriger ist, dar\u00fcber hinwegzukommen, aber ich glaube nicht, dass das jemals passiert. Meine Liebesaff\u00e4re mit diesem magischen Land begann vor vielen Jahren. Damals, in Gro\u00dfbritannien, war ich Hotelier und tr\u00e4umte lange davon, Umbrien zu meinem Zuhause zu machen, einem Zuhause, das offen daf\u00fcr ist, jeden aufzunehmen, unabh\u00e4ngig von seiner Herkunft oder seiner Sexualit\u00e4t. Ein schwules Landhaus, in dem schwule Jungs wie ich sie selbst sein konnten: instinktiv, nat\u00fcrlich und frei. Die Suche nach dem richtigen Ort hat mich viel Zeit gekostet, denn ich brauchte ein altes und einladendes Haus, das genug Platz f\u00fcr f\u00fcnf einzigartige Suiten und einen Speisesaal mit Trustbar bietet. Es musste auf einem Grundst\u00fcck in den H\u00fcgeln liegen, nach S\u00fcden ausgerichtet sein, mit toller Aussicht, ohne neugierige Nachbarn, kreischende Kinder oder rasende Autos. Stattdessen Frieden und Sch\u00f6nheit. Ich wollte Platz f\u00fcr einen Garten voller Geheimnisse und D\u00fcfte, f\u00fcr einen Infinity-Pool mit endlosem Blick, f\u00fcr einen Whirlpool und einen Saunabereich. Eine Terrasse, deren R\u00fcckseite eine Sandsteinmauer bildet, die von der Sonne aufgheizt wird, mit einem gro\u00dfen Tisch, an dem wir alle gemeinsam essen, lachen und gut gelaunte Gespr\u00e4che f\u00fchren k\u00f6nnen. Oh, und ich brauchte Platz f\u00fcr einen Gem\u00fcsegarten, ein paar alte Olivenb\u00e4ume und schattige Wege zum Spazierengehen. All das sollte nicht weit von einer gr\u00f6\u00dferen Stadt entfernt sein&#8230; Im Laufe der Jahre habe ich diese Liebesbeziehung erf\u00fcllt. Der Garten ist gereift, genau wie ich. Umbrien begeistert mich immer mehr, die Harmonie und die Ruhe werden immer mehr gesch\u00e4tzt. Ich habe so viele beeindruckende Leute aus der ganzen Welt willkommen gehei\u00dfen. Sehr viele von Euch kommen wieder, viele sind zu wichtigen Freunden geworden. Nat\u00fcrlich freue ich mich auch jedes Jahr darauf, Neuank\u00f6mmlinge zu begr\u00fc\u00dfen. Das Bellaugello ist ein Ort, an dem Freundschaften geschlossen werden, die Magie hier ist stark. Ich bin so gl\u00fccklich, ich liebe meinen Job. Ja, Bellaugello ist der Name des Hofes, und das schon seit \u00fcber 400 Jahren. Nat\u00fcrlich hat der Name noch eine zweite Bedeutung, aber das kann ich Euch nur pers\u00f6nlich sagen, wenn wir uns treffen.&#8220;<\/p><p>Dieser Geist hat uns immer wieder ins Bellaugello zur\u00fcckgef\u00fchrt, und ihn wollen wir mit Dir teilen.<\/p><\/div>\n        \t\t\t\t<\/div>\n\t\t\t\t<\/div>\n\t\t\t\t\t<\/div>\n\t\t<\/div>\n\t\t\t\t<div class=\"elementor-column elementor-col-50 elementor-top-column elementor-element elementor-element-74c8472\" data-id=\"74c8472\" data-element_type=\"column\" data-settings=\"{&quot;background_background&quot;:&quot;gradient&quot;}\">\n\t\t\t<div class=\"elementor-widget-wrap elementor-element-populated\">\n\t\t\t\t\t\t<div class=\"elementor-element elementor-element-f6bf858 elementor-widget__width-auto elementor-widget elementor-widget-image\" data-id=\"f6bf858\" data-element_type=\"widget\" data-widget_type=\"image.default\">\n\t\t\t\t<div class=\"elementor-widget-container\">\n\t\t\t\t\t\t\t\t\t\t\t\t\t\t\t<img decoding=\"async\" src=\"https:\/\/2ragazzi.com\/wp-content\/uploads\/2022\/03\/bellaugello-home-history.jpg\" title=\"\" alt=\"\" loading=\"lazy\" \/>\t\t\t\t\t\t\t\t\t\t\t\t\t\t\t<\/div>\n\t\t\t\t<\/div>\n\t\t\t\t\t<\/div>\n\t\t<\/div>\n\t\t\t\t\t<\/div>\n\t\t<\/section>\n\t\t\t\t<section class=\"elementor-section elementor-top-section elementor-element elementor-element-77a13e1 elementor-section-stretched elementor-section-content-middle elementor-section-boxed elementor-section-height-default elementor-section-height-default\" data-id=\"77a13e1\" data-element_type=\"section\" data-settings=\"{&quot;stretch_section&quot;:&quot;section-stretched&quot;}\">\n\t\t\t\t\t\t<div class=\"elementor-container elementor-column-gap-default\">\n\t\t\t\t\t<div class=\"elementor-column elementor-col-50 elementor-top-column elementor-element elementor-element-ee41826\" data-id=\"ee41826\" data-element_type=\"column\">\n\t\t\t<div class=\"elementor-widget-wrap elementor-element-populated\">\n\t\t\t\t\t\t<div class=\"elementor-element elementor-element-ae1f6c5 elementor-invisible elementor-widget elementor-widget-heading\" data-id=\"ae1f6c5\" data-element_type=\"widget\" data-settings=\"{&quot;_animation&quot;:&quot;opal-move-up&quot;}\" data-widget_type=\"heading.default\">\n\t\t\t\t<div class=\"elementor-widget-container\">\n\t\t\t\t\t<div class=\"elementor-heading-wrapper\" ><span class=\"sub-title\">BELLAUGELLO is sustainable<\/span><div class=\"elementor-heading-wrapper-inner\"><h2 class=\"elementor-heading-title elementor-size-default\">Gr\u00fcn macht gl\u00fccklicher!<\/h2><\/div><\/div>\t\t\t\t<\/div>\n\t\t\t\t<\/div>\n\t\t\t\t<div class=\"elementor-element elementor-element-21b5dba elementor-invisible elementor-widget elementor-widget-text-editor\" data-id=\"21b5dba\" data-element_type=\"widget\" data-settings=\"{&quot;_animation&quot;:&quot;opal-move-up&quot;}\" data-widget_type=\"text-editor.default\">\n\t\t\t\t<div class=\"elementor-widget-container\">\n\t\t\t\t\t        <div class=\"elementor-text-editor elementor-clearfix\"><p>Wir sind sehr darauf bedacht, so umweltvertr\u00e4glich wie m\u00f6glich zu arbeiten. Unser Strom stammt zu 100% aus erneuerbaren Energien und wir stellen eine Ladem\u00f6glichkeit f\u00fcr Elektrofahrzeuge zur Verf\u00fcgung. Unsere Lebensmittel kommen entweder aus unserem eigenen Anbau oder werden von lokalen Erzeugern bezogen. Wir stellen zertifizierte &#8222;Trehs&#8220;-Naturkosmetikprodukte f\u00fcr die B\u00e4der zur Verf\u00fcgung. Wo immer m\u00f6glich, verwenden wir umweltfreundliche Reinigungsmittel. Unser Pool wird mit Salz behandelt, das ein haut- und umweltfreundlicheres Chlor bereitstellt. Das Warmwasser wird durch Solarthermie erzeugt und unsere wohltuende Fu\u00dfbodenheizung wird von einem Biomassekessel betrieben.<\/p><\/div>\n        \t\t\t\t<\/div>\n\t\t\t\t<\/div>\n\t\t\t\t\t<\/div>\n\t\t<\/div>\n\t\t\t\t<div class=\"elementor-column elementor-col-50 elementor-top-column elementor-element elementor-element-e2c3ed2\" data-id=\"e2c3ed2\" data-element_type=\"column\">\n\t\t\t<div class=\"elementor-widget-wrap elementor-element-populated\">\n\t\t\t\t\t\t<div class=\"elementor-element elementor-element-ef02b00 elementor-invisible elementor-widget elementor-widget-image\" data-id=\"ef02b00\" data-element_type=\"widget\" data-settings=\"{&quot;_animation&quot;:&quot;opal-move-up&quot;}\" data-widget_type=\"image.default\">\n\t\t\t\t<div class=\"elementor-widget-container\">\n\t\t\t\t\t\t\t\t\t\t\t\t\t\t\t<img decoding=\"async\" width=\"555\" height=\"548\" src=\"https:\/\/bellaugello.com\/wp-content\/uploads\/2022\/03\/bellaugello-green-ecological.jpg\" class=\"attachment-large size-large wp-image-42983\" alt=\"\" srcset=\"https:\/\/bellaugello.com\/wp-content\/uploads\/2022\/03\/bellaugello-green-ecological.jpg 555w, https:\/\/bellaugello.com\/wp-content\/uploads\/2022\/03\/bellaugello-green-ecological-300x296.jpg 300w\" sizes=\"(max-width: 555px) 100vw, 555px\" \/>\t\t\t\t\t\t\t\t\t\t\t\t\t\t\t<\/div>\n\t\t\t\t<\/div>\n\t\t\t\t\t<\/div>\n\t\t<\/div>\n\t\t\t\t\t<\/div>\n\t\t<\/section>\n\t\t\t\t<\/div>\n\t\t","protected":false},"excerpt":{"rendered":"<p>A new start to settle in Wir sind Eure Gastgeber D\u00fcrfen wir uns vorstellen? Wir sind Jochen und Kai, Eure Gastgeber im Bellaugello seit 2024. Wir reisen leidenschaftlich gern: Andere Kulturen, neue Orte und spannende Menschen kennenzulernen, begeistert uns. Natur und Landschaft \u2013 zu Fu\u00df, per Rad, per Hundeschlitten oder auf Skiern \u2013 zu erleben, &hellip; <\/p>\n<p class=\"link-more\"><a href=\"https:\/\/bellaugello.com\/de\/ueber-uns\/\" class=\"more-link\">Read More <span class=\"screen-reader-text\"> &#8222;\u00dcber uns&#8220;<\/span><\/a><\/p>\n","protected":false},"author":8,"featured_media":0,"parent":0,"menu_order":0,"comment_status":"closed","ping_status":"closed","template":"","meta":{"footnotes":""},"class_list":["post-42956","page","type-page","status-publish","hentry"],"_links":{"self":[{"href":"https:\/\/bellaugello.com\/de\/wp-json\/wp\/v2\/pages\/42956","targetHints":{"allow":["GET"]}}],"collection":[{"href":"https:\/\/bellaugello.com\/de\/wp-json\/wp\/v2\/pages"}],"about":[{"href":"https:\/\/bellaugello.com\/de\/wp-json\/wp\/v2\/types\/page"}],"author":[{"embeddable":true,"href":"https:\/\/bellaugello.com\/de\/wp-json\/wp\/v2\/users\/8"}],"replies":[{"embeddable":true,"href":"https:\/\/bellaugello.com\/de\/wp-json\/wp\/v2\/comments?post=42956"}],"version-history":[{"count":10,"href":"https:\/\/bellaugello.com\/de\/wp-json\/wp\/v2\/pages\/42956\/revisions"}],"predecessor-version":[{"id":43679,"href":"https:\/\/bellaugello.com\/de\/wp-json\/wp\/v2\/pages\/42956\/revisions\/43679"}],"wp:attachment":[{"href":"https:\/\/bellaugello.com\/de\/wp-json\/wp\/v2\/media?parent=42956"}],"curies":[{"name":"wp","href":"https:\/\/api.w.org\/{rel}","templated":true}]}}