{"id":42932,"date":"2022-03-04T09:00:01","date_gmt":"2022-03-04T09:00:01","guid":{"rendered":"https:\/\/bellaugello.com\/home\/"},"modified":"2025-07-23T08:27:38","modified_gmt":"2025-07-23T08:27:38","slug":"home","status":"publish","type":"page","link":"https:\/\/bellaugello.com\/de\/","title":{"rendered":"Home"},"content":{"rendered":"\t\t<div data-elementor-type=\"wp-page\" data-elementor-id=\"42932\" class=\"elementor elementor-42932 elementor-2397\">\n\t\t\t\t\t\t<section class=\"elementor-section elementor-top-section elementor-element elementor-element-14807f9 elementor-section-stretched elementor-section-height-min-height elementor-section-boxed elementor-section-height-default elementor-section-items-middle\" data-id=\"14807f9\" data-element_type=\"section\" data-settings=\"{&quot;stretch_section&quot;:&quot;section-stretched&quot;,&quot;background_background&quot;:&quot;slideshow&quot;,&quot;background_slideshow_gallery&quot;:[{&quot;id&quot;:43072,&quot;url&quot;:&quot;https:\\\/\\\/bellaugello.com\\\/wp-content\\\/uploads\\\/2024\\\/11\\\/Activities_on-site-2-1536x1152-1.jpg&quot;},{&quot;id&quot;:43069,&quot;url&quot;:&quot;https:\\\/\\\/bellaugello.com\\\/wp-content\\\/uploads\\\/2024\\\/11\\\/Unknown-1000x700-1.jpg&quot;},{&quot;id&quot;:43277,&quot;url&quot;:&quot;https:\\\/\\\/bellaugello.com\\\/wp-content\\\/uploads\\\/2025\\\/03\\\/IMG_6159.jpeg&quot;},{&quot;id&quot;:43271,&quot;url&quot;:&quot;https:\\\/\\\/bellaugello.com\\\/wp-content\\\/uploads\\\/2025\\\/03\\\/Poolspiegelung.jpg&quot;}],&quot;background_slideshow_loop&quot;:&quot;yes&quot;,&quot;background_slideshow_slide_duration&quot;:5000,&quot;background_slideshow_slide_transition&quot;:&quot;fade&quot;,&quot;background_slideshow_transition_duration&quot;:500}\">\n\t\t\t\t\t\t\t<div class=\"elementor-background-overlay\"><\/div>\n\t\t\t\t\t\t\t<div class=\"elementor-container elementor-column-gap-no\">\n\t\t\t\t\t<div class=\"elementor-column elementor-col-100 elementor-top-column elementor-element elementor-element-ba47f63\" data-id=\"ba47f63\" data-element_type=\"column\">\n\t\t\t<div class=\"elementor-widget-wrap elementor-element-populated\">\n\t\t\t\t\t\t<div class=\"elementor-element elementor-element-6f7b99c elementor-widget__width-auto elementor-invisible elementor-widget elementor-widget-heading\" data-id=\"6f7b99c\" data-element_type=\"widget\" data-settings=\"{&quot;_animation&quot;:&quot;opal-move-up&quot;}\" data-widget_type=\"heading.default\">\n\t\t\t\t<div class=\"elementor-widget-container\">\n\t\t\t\t\t<div class=\"elementor-heading-wrapper\" ><span class=\"sub-title\">Your gay country house in Umbria\u200b<\/span><div class=\"elementor-heading-wrapper-inner\"><h1 class=\"elementor-heading-title elementor-size-default\">Willkommen im Bellaugello <\/h1><\/div><\/div>\t\t\t\t<\/div>\n\t\t\t\t<\/div>\n\t\t\t\t<div class=\"elementor-element elementor-element-7d5f9fa elementor-mobile-align-center elementor-button-secondary elementor-widget elementor-widget-button\" data-id=\"7d5f9fa\" data-element_type=\"widget\" data-widget_type=\"button.default\">\n\t\t\t\t<div class=\"elementor-widget-container\">\n\t\t\t\t\t        <div class=\"elementor-button-wrapper\">\n            <a href=\"https:\/\/2ragazzi.com\/bookinglink\" class=\"elementor-button-link elementor-button elementor-size-sm\" role=\"button\">\n                \t\t<span class=\"elementor-button-content-wrapper\">\n\t\t\t\t\t\t\t\t\t<span class=\"elementor-button-text\">Buchen Sie Ihre Suite jetzt<\/span>\n\t\t\t\t\t<\/span>\n\t\t            <\/a>\n        <\/div>\n        \t\t\t\t<\/div>\n\t\t\t\t<\/div>\n\t\t\t\t\t<\/div>\n\t\t<\/div>\n\t\t\t\t\t<\/div>\n\t\t<\/section>\n\t\t<div class=\"elementor-element elementor-element-6928acb e-flex e-con-boxed e-con e-parent\" data-id=\"6928acb\" data-element_type=\"container\">\n\t\t\t\t\t<div class=\"e-con-inner\">\n\t\t<div class=\"elementor-element elementor-element-cd83748 e-con-full e-flex e-con e-child\" data-id=\"cd83748\" data-element_type=\"container\">\n\t\t\t\t<div class=\"elementor-element elementor-element-71fd33f elementor-invisible elementor-widget elementor-widget-heading\" data-id=\"71fd33f\" data-element_type=\"widget\" data-settings=\"{&quot;_animation&quot;:&quot;opal-move-up&quot;}\" data-widget_type=\"heading.default\">\n\t\t\t\t<div class=\"elementor-widget-container\">\n\t\t\t\t\t<div class=\"elementor-heading-wrapper\" ><span class=\"sub-title\">Our Vision: <\/span><div class=\"elementor-heading-wrapper-inner\"><h1 class=\"elementor-heading-title elementor-size-default\">Sei Du selbst<\/h1><\/div><\/div>\t\t\t\t<\/div>\n\t\t\t\t<\/div>\n\t\t\t\t<div class=\"elementor-element elementor-element-7893c25 elementor-widget elementor-widget-text-editor\" data-id=\"7893c25\" data-element_type=\"widget\" data-widget_type=\"text-editor.default\">\n\t\t\t\t<div class=\"elementor-widget-container\">\n\t\t\t\t\t        <div class=\"elementor-text-editor elementor-clearfix\"><p style=\"caret-color: rgba(0, 0, 0, 0.86); color: rgba(0, 0, 0, 0.86);\">Wir bitten unsere G\u00e4ste nur um eines: <strong>sie selbst zu sein<\/strong>. Als vor einigen Jahren das Bellaugello er\u00f6ffnet wurde, war dies die Verwirklichung eines Traums: Ein einzigartiges Urlaubskonzept f\u00fcr schwule M\u00e4nner. Ein Ort, an dem es keine missbilligenden Blicke gibt, keine Notwendigkeit, die instinktive Geste, die oft gew\u00fcnschte Z\u00e4rtlichkeit zu verbergen. Ein Ort, an dem man l\u00e4cheln und gl\u00fccklich sein kann, an dem Gleichgesinnte den erhobenen Zeigefinger und das missbilligende Gefl\u00fcster vergessen k\u00f6nnen. Ein Ort, an dem sich alle wohlf\u00fchlen und Teil einer Familie werden, die stetig w\u00e4chst.      <\/p><p style=\"caret-color: rgba(0, 0, 0, 0.86); color: rgba(0, 0, 0, 0.86);\">Als uns das gelang, waren wir schon seit vielen Jahren Stammg\u00e4ste. Wir teilten die Liebe f\u00fcr den Duft der frischen umbrischen Luft, das gesunde, mit Liebe zubereitete Fr\u00fchst\u00fcck, die endlosen Sommervormittage am Swimmingpool, die unerwarteten kleinen Stra\u00dfen, die eine Alternative zu den ausgetretenen Pfaden verbergen, die goldenen Sonnenunterg\u00e4nge von der Spitze eines H\u00fcgels. Wir m\u00f6chten, dass Du hierher kommst, inneh\u00e4llst, dich entspannst und der Stille lauschst, die Dir etwas zu sagen hat. Wir m\u00f6chten, dass Du in dem Moment, in dem wir uns verabschieden, unbedingt wiederkommen willst. Wir m\u00f6chten nat\u00fcrlich, dass Du zur\u00fcckkehrst, durch das Tor gehst und das Gespr\u00e4ch genau dort fortsetzt, wo wir es verlassen haben.     <\/p><p style=\"caret-color: rgba(0, 0, 0, 0.86); color: rgba(0, 0, 0, 0.86);\"><strong>Im Bellaugello teilen wir diese Sicht auf das Leben mit immer mehr Menschen auf der Suche nach dem gleichen simplen Ideal: wir selbst zu sein.<\/strong><\/p><\/div>\n        \t\t\t\t<\/div>\n\t\t\t\t<\/div>\n\t\t\t\t<\/div>\n\t\t<div class=\"elementor-element elementor-element-83f547c e-con-full e-flex e-con e-child\" data-id=\"83f547c\" data-element_type=\"container\">\n\t\t\t\t<div class=\"elementor-element elementor-element-aa678a1 elementor-widget elementor-widget-image\" data-id=\"aa678a1\" data-element_type=\"widget\" data-widget_type=\"image.default\">\n\t\t\t\t<div class=\"elementor-widget-container\">\n\t\t\t\t\t\t\t\t\t\t\t\t\t\t\t<img fetchpriority=\"high\" decoding=\"async\" width=\"600\" height=\"600\" src=\"https:\/\/bellaugello.com\/wp-content\/uploads\/2025\/03\/IMG_2404-small-768x768.jpeg\" class=\"attachment-medium_large size-medium_large wp-image-43284\" alt=\"\" srcset=\"https:\/\/bellaugello.com\/wp-content\/uploads\/2025\/03\/IMG_2404-small-768x768.jpeg 768w, https:\/\/bellaugello.com\/wp-content\/uploads\/2025\/03\/IMG_2404-small-300x300.jpeg 300w, https:\/\/bellaugello.com\/wp-content\/uploads\/2025\/03\/IMG_2404-small-150x150.jpeg 150w, https:\/\/bellaugello.com\/wp-content\/uploads\/2025\/03\/IMG_2404-small-700x700.jpeg 700w, https:\/\/bellaugello.com\/wp-content\/uploads\/2025\/03\/IMG_2404-small.jpeg 1000w\" sizes=\"(max-width: 600px) 100vw, 600px\" \/>\t\t\t\t\t\t\t\t\t\t\t\t\t\t\t<\/div>\n\t\t\t\t<\/div>\n\t\t\t\t<\/div>\n\t\t\t\t\t<\/div>\n\t\t\t\t<\/div>\n\t\t<div class=\"elementor-element elementor-element-f731065 e-flex e-con-boxed e-con e-parent\" data-id=\"f731065\" data-element_type=\"container\">\n\t\t\t\t\t<div class=\"e-con-inner\">\n\t\t\t\t<div class=\"elementor-element elementor-element-7682d13 elementor-widget elementor-widget-heading\" data-id=\"7682d13\" data-element_type=\"widget\" data-widget_type=\"heading.default\">\n\t\t\t\t<div class=\"elementor-widget-container\">\n\t\t\t\t\t<div class=\"elementor-heading-wrapper\" ><div class=\"elementor-heading-wrapper-inner\"><h2 class=\"elementor-heading-title elementor-size-default\">Unser Service<\/h2><\/div><\/div>\t\t\t\t<\/div>\n\t\t\t\t<\/div>\n\t\t\t\t\t<\/div>\n\t\t\t\t<\/div>\n\t\t\t\t<section class=\"elementor-section elementor-top-section elementor-element elementor-element-4fb4a75 elementor-section-stretched elementor-section-boxed elementor-section-height-default elementor-section-height-default elementor-invisible\" data-id=\"4fb4a75\" data-element_type=\"section\" data-settings=\"{&quot;stretch_section&quot;:&quot;section-stretched&quot;,&quot;background_background&quot;:&quot;classic&quot;,&quot;animation&quot;:&quot;opal-move-up&quot;}\">\n\t\t\t\t\t\t\t<div class=\"elementor-background-overlay\"><\/div>\n\t\t\t\t\t\t\t<div class=\"elementor-container elementor-column-gap-default\">\n\t\t\t\t\t<div class=\"elementor-column elementor-col-25 elementor-top-column elementor-element elementor-element-e2b0368\" data-id=\"e2b0368\" data-element_type=\"column\">\n\t\t\t<div class=\"elementor-widget-wrap elementor-element-populated\">\n\t\t\t\t\t\t<div class=\"elementor-element elementor-element-e06f5c9 elementor-position-top elementor-vertical-align-top elementor-invisible elementor-widget elementor-widget-image-box\" data-id=\"e06f5c9\" data-element_type=\"widget\" data-settings=\"{&quot;_animation&quot;:&quot;opal-move-up&quot;}\" data-widget_type=\"image-box.default\">\n\t\t\t\t<div class=\"elementor-widget-container\">\n\t\t\t\t\t<div class=\"elementor-image-box-wrapper elementor-button-\"><div class=\"elementor-image-framed\"><figure class=\"elementor-image-box-img\"><a href=\"https:\/\/2ragazzi.com\/suites\/\"><img decoding=\"async\" src=\"https:\/\/bellaugello.com\/wp-content\/uploads\/elementor\/thumbs\/Bett-e1710231338805-qwa2w8aa3991tn6160wcwhu8304tef0pjxyj8n8mni.png\" title=\"Bett\" alt=\"Bett\" loading=\"lazy\" \/><\/a><\/figure><\/div><div class=\"elementor-image-box-content\"><h3 class=\"elementor-image-box-title\"><a href=\"https:\/\/2ragazzi.com\/suites\/\">Suiten<\/a><\/h3><p class=\"elementor-image-box-description\">Lass Dich von unseren Luxus-Suiten verw\u00f6hnen! Jede Suite ist in einem einzigartigen, originellen Stil eingerichtet, so dass unsere G\u00e4ste f\u00fcnf verschiedene Erlebnisse genie\u00dfen k\u00f6nnen. <\/p><\/div><\/div>\t\t\t\t<\/div>\n\t\t\t\t<\/div>\n\t\t\t\t\t<\/div>\n\t\t<\/div>\n\t\t\t\t<div class=\"elementor-column elementor-col-25 elementor-top-column elementor-element elementor-element-6979b2d\" data-id=\"6979b2d\" data-element_type=\"column\">\n\t\t\t<div class=\"elementor-widget-wrap elementor-element-populated\">\n\t\t\t\t\t\t<div class=\"elementor-element elementor-element-689729c elementor-position-top elementor-vertical-align-top elementor-invisible elementor-widget elementor-widget-image-box\" data-id=\"689729c\" data-element_type=\"widget\" data-settings=\"{&quot;_animation&quot;:&quot;opal-move-up&quot;}\" data-widget_type=\"image-box.default\">\n\t\t\t\t<div class=\"elementor-widget-container\">\n\t\t\t\t\t<div class=\"elementor-image-box-wrapper elementor-button-\"><div class=\"elementor-image-framed\"><figure class=\"elementor-image-box-img\"><a href=\"https:\/\/2ragazzi.com\/relax\/\"><img decoding=\"async\" src=\"https:\/\/bellaugello.com\/wp-content\/uploads\/elementor\/thumbs\/releax-e1710231328122-qwa2w8aa3991tn6160wcwhu8304tef0pjxyj8n8mni.png\" title=\"releax\" alt=\"releax\" loading=\"lazy\" \/><\/a><\/figure><\/div><div class=\"elementor-image-box-content\"><h3 class=\"elementor-image-box-title\"><a href=\"https:\/\/2ragazzi.com\/relax\/\">Entspannen<\/a><\/h3><p class=\"elementor-image-box-description\">Im Bellaugello ist es unser Hauptaugenmerk, Dich und Deinen Partner von allem fernzuhalten, das nicht Freizeit, Spa\u00df oder Entspannung dient.<\/p><\/div><\/div>\t\t\t\t<\/div>\n\t\t\t\t<\/div>\n\t\t\t\t\t<\/div>\n\t\t<\/div>\n\t\t\t\t<div class=\"elementor-column elementor-col-25 elementor-top-column elementor-element elementor-element-04fd9a0\" data-id=\"04fd9a0\" data-element_type=\"column\">\n\t\t\t<div class=\"elementor-widget-wrap elementor-element-populated\">\n\t\t\t\t\t\t<div class=\"elementor-element elementor-element-ef3e0b0 elementor-position-top elementor-vertical-align-top elementor-invisible elementor-widget elementor-widget-image-box\" data-id=\"ef3e0b0\" data-element_type=\"widget\" data-settings=\"{&quot;_animation&quot;:&quot;opal-move-up&quot;}\" data-widget_type=\"image-box.default\">\n\t\t\t\t<div class=\"elementor-widget-container\">\n\t\t\t\t\t<div class=\"elementor-image-box-wrapper elementor-button-\"><div class=\"elementor-image-framed\"><figure class=\"elementor-image-box-img\"><a href=\"https:\/\/2ragazzi.com\/de\/kueche\/\"><img decoding=\"async\" src=\"https:\/\/bellaugello.com\/wp-content\/uploads\/elementor\/thumbs\/Essen-e1710231319117-qwa2w8aa3991tn6160wcwhu8304tef0pjxyj8n8mni.png\" title=\"Essen\" alt=\"Essen\" loading=\"lazy\" \/><\/a><\/figure><\/div><div class=\"elementor-image-box-content\"><h3 class=\"elementor-image-box-title\"><a href=\"https:\/\/2ragazzi.com\/de\/kueche\/\">K\u00fcche<\/a><\/h3><p class=\"elementor-image-box-description\">Essen ist eines der wertvollsten Vergn\u00fcgen im Leben, deshalb wollen wir uns und unsere G\u00e4ste m\u00f6glichst gut versorgen, indem wir die besten Zutaten verwenden, die wir bekommen k\u00f6nnen.<\/p><\/div><\/div>\t\t\t\t<\/div>\n\t\t\t\t<\/div>\n\t\t\t\t\t<\/div>\n\t\t<\/div>\n\t\t\t\t<div class=\"elementor-column elementor-col-25 elementor-top-column elementor-element elementor-element-62d65f1\" data-id=\"62d65f1\" data-element_type=\"column\">\n\t\t\t<div class=\"elementor-widget-wrap elementor-element-populated\">\n\t\t\t\t\t\t<div class=\"elementor-element elementor-element-98b1d22 elementor-position-top elementor-vertical-align-top elementor-invisible elementor-widget elementor-widget-image-box\" data-id=\"98b1d22\" data-element_type=\"widget\" data-settings=\"{&quot;_animation&quot;:&quot;opal-move-up&quot;}\" data-widget_type=\"image-box.default\">\n\t\t\t\t<div class=\"elementor-widget-container\">\n\t\t\t\t\t<div class=\"elementor-image-box-wrapper elementor-button-\"><div class=\"elementor-image-framed\"><figure class=\"elementor-image-box-img\"><a href=\"https:\/\/2ragazzi.com\/de\/aktivitaeten\/\"><img decoding=\"async\" src=\"https:\/\/bellaugello.com\/wp-content\/uploads\/elementor\/thumbs\/Wandern-e1710764282109-qwa2w8aa3991tn6160wcwhu8304tef0pjxyj8n8mni.png\" title=\"Wandern\" alt=\"Wandern\" loading=\"lazy\" \/><\/a><\/figure><\/div><div class=\"elementor-image-box-content\"><h3 class=\"elementor-image-box-title\"><a href=\"https:\/\/2ragazzi.com\/de\/aktivitaeten\/\">Aktivit\u00e4ten<\/a><\/h3><p class=\"elementor-image-box-description\">Versuche das Wort \"Langeweile\" aus Deinem Kopf zu streichen, denn es gibt eine Vielzahl spannender Aktivit\u00e4ten hier und in unserer Region.<br><br><\/p><\/div><\/div>\t\t\t\t<\/div>\n\t\t\t\t<\/div>\n\t\t\t\t\t<\/div>\n\t\t<\/div>\n\t\t\t\t\t<\/div>\n\t\t<\/section>\n\t\t\t\t<\/div>\n\t\t","protected":false},"excerpt":{"rendered":"<p>Your gay country house in Umbria\u200b Willkommen im Bellaugello Buchen Sie Ihre Suite jetzt Our Vision: Sei Du selbst Wir bitten unsere G\u00e4ste nur um eines: sie selbst zu sein. Als vor einigen Jahren das Bellaugello er\u00f6ffnet wurde, war dies die Verwirklichung eines Traums: Ein einzigartiges Urlaubskonzept f\u00fcr schwule M\u00e4nner. Ein Ort, an dem es &hellip; <\/p>\n<p class=\"link-more\"><a href=\"https:\/\/bellaugello.com\/de\/\" class=\"more-link\">Read More <span class=\"screen-reader-text\"> &#8222;Home&#8220;<\/span><\/a><\/p>\n","protected":false},"author":8,"featured_media":0,"parent":0,"menu_order":0,"comment_status":"closed","ping_status":"closed","template":"page-elementor.php","meta":{"footnotes":""},"class_list":["post-42932","page","type-page","status-publish","hentry"],"_links":{"self":[{"href":"https:\/\/bellaugello.com\/de\/wp-json\/wp\/v2\/pages\/42932","targetHints":{"allow":["GET"]}}],"collection":[{"href":"https:\/\/bellaugello.com\/de\/wp-json\/wp\/v2\/pages"}],"about":[{"href":"https:\/\/bellaugello.com\/de\/wp-json\/wp\/v2\/types\/page"}],"author":[{"embeddable":true,"href":"https:\/\/bellaugello.com\/de\/wp-json\/wp\/v2\/users\/8"}],"replies":[{"embeddable":true,"href":"https:\/\/bellaugello.com\/de\/wp-json\/wp\/v2\/comments?post=42932"}],"version-history":[{"count":10,"href":"https:\/\/bellaugello.com\/de\/wp-json\/wp\/v2\/pages\/42932\/revisions"}],"predecessor-version":[{"id":43619,"href":"https:\/\/bellaugello.com\/de\/wp-json\/wp\/v2\/pages\/42932\/revisions\/43619"}],"wp:attachment":[{"href":"https:\/\/bellaugello.com\/de\/wp-json\/wp\/v2\/media?parent=42932"}],"curies":[{"name":"wp","href":"https:\/\/api.w.org\/{rel}","templated":true}]}}