{"id":39592,"date":"2024-05-29T08:42:59","date_gmt":"2024-05-29T08:42:59","guid":{"rendered":"https:\/\/bellaugello.com\/informazioni-sui-tuoi-ospiti\/"},"modified":"2024-06-10T14:12:19","modified_gmt":"2024-06-10T14:12:19","slug":"informazioni-sui-tuoi-ospiti","status":"publish","type":"page","link":"https:\/\/bellaugello.com\/de\/informazioni-sui-tuoi-ospiti\/","title":{"rendered":"Informazioni sui tuoi ospiti"},"content":{"rendered":"\t\t<div data-elementor-type=\"wp-page\" data-elementor-id=\"39592\" class=\"elementor elementor-39592\">\n\t\t\t\t\t\t<section class=\"elementor-section elementor-top-section elementor-element elementor-element-ae10d0e elementor-section-stretched elementor-section-boxed elementor-section-height-default elementor-section-height-default\" data-id=\"ae10d0e\" data-element_type=\"section\" data-settings=\"{&quot;stretch_section&quot;:&quot;section-stretched&quot;,&quot;background_background&quot;:&quot;classic&quot;}\">\n\t\t\t\t\t\t\t<div class=\"elementor-background-overlay\"><\/div>\n\t\t\t\t\t\t\t<div class=\"elementor-container elementor-column-gap-default\">\n\t\t\t\t\t<div class=\"elementor-column elementor-col-50 elementor-top-column elementor-element elementor-element-80480ab\" data-id=\"80480ab\" data-element_type=\"column\">\n\t\t\t<div class=\"elementor-widget-wrap elementor-element-populated\">\n\t\t\t\t\t\t<div class=\"elementor-element elementor-element-7d0e1b3 elementor-widget elementor-widget-image\" data-id=\"7d0e1b3\" data-element_type=\"widget\" data-widget_type=\"image.default\">\n\t\t\t\t<div class=\"elementor-widget-container\">\n\t\t\t\t\t\t\t\t\t\t\t\t\t\t\t<img fetchpriority=\"high\" decoding=\"async\" width=\"1152\" height=\"1536\" src=\"https:\/\/bellaugello.com\/wp-content\/uploads\/2024\/04\/IMG_0372-1152x1536.png\" class=\"attachment-1536x1536 size-1536x1536 wp-image-39511\" alt=\"\" srcset=\"https:\/\/bellaugello.com\/wp-content\/uploads\/2024\/04\/IMG_0372-1152x1536.png 1152w, https:\/\/bellaugello.com\/wp-content\/uploads\/2024\/04\/IMG_0372-225x300.png 225w, https:\/\/bellaugello.com\/wp-content\/uploads\/2024\/04\/IMG_0372-768x1024.png 768w, https:\/\/bellaugello.com\/wp-content\/uploads\/2024\/04\/IMG_0372-1536x2048.png 1536w, https:\/\/bellaugello.com\/wp-content\/uploads\/2024\/04\/IMG_0372-700x933.png 700w\" sizes=\"(max-width: 1152px) 100vw, 1152px\" \/>\t\t\t\t\t\t\t\t\t\t\t\t\t\t\t<\/div>\n\t\t\t\t<\/div>\n\t\t\t\t\t<\/div>\n\t\t<\/div>\n\t\t\t\t<div class=\"elementor-column elementor-col-50 elementor-top-column elementor-element elementor-element-4c1d6b1\" data-id=\"4c1d6b1\" data-element_type=\"column\">\n\t\t\t<div class=\"elementor-widget-wrap elementor-element-populated\">\n\t\t\t\t\t\t<div class=\"elementor-element elementor-element-7489e6f elementor-invisible elementor-widget elementor-widget-heading\" data-id=\"7489e6f\" data-element_type=\"widget\" data-settings=\"{&quot;_animation&quot;:&quot;opal-move-up&quot;}\" data-widget_type=\"heading.default\">\n\t\t\t\t<div class=\"elementor-widget-container\">\n\t\t\t\t\t<div class=\"elementor-heading-wrapper\" ><span class=\"sub-title\">About your hosts<\/span><div class=\"elementor-heading-wrapper-inner\"><h2 class=\"elementor-heading-title elementor-size-default\">La vita \u00e8 adesso<\/h2><\/div><\/div>\t\t\t\t<\/div>\n\t\t\t\t<\/div>\n\t\t\t\t<div class=\"elementor-element elementor-element-643f88b elementor-invisible elementor-widget elementor-widget-text-editor\" data-id=\"643f88b\" data-element_type=\"widget\" data-settings=\"{&quot;_animation&quot;:&quot;opal-move-up&quot;}\" data-widget_type=\"text-editor.default\">\n\t\t\t\t<div class=\"elementor-widget-container\">\n\t\t\t\t\t        <div class=\"elementor-text-editor elementor-clearfix\"><p>Dopo pi\u00f9 di 20 anni di lavoro in vari settori, abbiamo deciso di trasferirci dove parti delle nostre anime sono rimaste per qualche anno: a Bellaugello in Umbria, questo luogo magico sulle colline della tranquilla Valdichiascio, dove, fin dal primo sguardo, ci siamo sentiti profondamente legati. La nostra intenzione \u00e8 quella di seguire il percorso esistente a modo nostro e vedere dove ci porta. Sappiamo bene che molti ragazzi di tutto il mondo amano questo gioiello e non vediamo l&#8217;ora di conoscerti e accoglierti. Se ti interessa sapere come \u00e8 iniziata la storia del moderno Bellaugello, qui di seguito te la racconta il suo fondatore.<\/p>\n<\/div>\n        \t\t\t\t<\/div>\n\t\t\t\t<\/div>\n\t\t\t\t\t<\/div>\n\t\t<\/div>\n\t\t\t\t\t<\/div>\n\t\t<\/section>\n\t\t\t\t<section class=\"elementor-section elementor-top-section elementor-element elementor-element-fb5590a elementor-section-stretched elementor-section-boxed elementor-section-height-default elementor-section-height-default\" data-id=\"fb5590a\" data-element_type=\"section\" data-settings=\"{&quot;stretch_section&quot;:&quot;section-stretched&quot;,&quot;background_background&quot;:&quot;classic&quot;}\">\n\t\t\t\t\t\t\t<div class=\"elementor-background-overlay\"><\/div>\n\t\t\t\t\t\t\t<div class=\"elementor-container elementor-column-gap-default\">\n\t\t\t\t\t<div class=\"elementor-column elementor-col-50 elementor-top-column elementor-element elementor-element-7d8e4ae\" data-id=\"7d8e4ae\" data-element_type=\"column\">\n\t\t\t<div class=\"elementor-widget-wrap elementor-element-populated\">\n\t\t\t\t\t\t<div class=\"elementor-element elementor-element-c24b5b8 elementor-invisible elementor-widget elementor-widget-heading\" data-id=\"c24b5b8\" data-element_type=\"widget\" data-settings=\"{&quot;_animation&quot;:&quot;opal-move-up&quot;}\" data-widget_type=\"heading.default\">\n\t\t\t\t<div class=\"elementor-widget-container\">\n\t\t\t\t\t<div class=\"elementor-heading-wrapper\" ><span class=\"sub-title\">Alec's Memory<\/span><div class=\"elementor-heading-wrapper-inner\"><h2 class=\"elementor-heading-title elementor-size-default\">Storia di Bellaugello<\/h2><\/div><\/div>\t\t\t\t<\/div>\n\t\t\t\t<\/div>\n\t\t\t\t<div class=\"elementor-element elementor-element-bf9e920 elementor-invisible elementor-widget elementor-widget-text-editor\" data-id=\"bf9e920\" data-element_type=\"widget\" data-settings=\"{&quot;_animation&quot;:&quot;opal-move-up&quot;}\" data-widget_type=\"text-editor.default\">\n\t\t\t\t<div class=\"elementor-widget-container\">\n\t\t\t\t\t        <div class=\"elementor-text-editor elementor-clearfix\"><p>Quando Alec arriv\u00f2 nel 2007, scrisse:<\/p>\n<p>&#8222;Innamorarsi dell&#8217;Umbria \u00e8 facile, forse troppo facile per un ragazzo come me. Ci\u00f2 che \u00e8 pi\u00f9 difficile \u00e8 superarlo, ma non credo che questo accada mai. La mia storia d&#8217;amore con questa terra magica \u00e8 iniziata molti anni fa. All&#8217;epoca, nel Regno Unito, ero un albergatore e sognavo da tempo di fare dell&#8217;Umbria la mia casa, una casa aperta ad accogliere chiunque, indipendentemente dal suo background o dalla sua sessualit\u00e0. Una casa di campagna gay dove i ragazzi gay come me potessero essere se stessi: istintivi, naturali e liberi. Trovare il posto giusto mi ha richiesto tempo perch\u00e9 avevo bisogno di una casa antica e accogliente, con spazio sufficiente per cinque suite uniche e una sala da pranzo con bar self service. Doveva trovarsi in una posizione elevata, esposta a sud, con una vista immensa, senza vicini ficcanaso, bambini che strillano o macchine che rombano. Al contrario, pace e bellezza. Volevo uno spazio per creare un giardino pieno di mistero e profumi, una piscina a sfioro con una vista che si estendeva all&#8217;infinito, una Jacuzzi e un&#8217;area sauna. Una terrazza delimitata da un muretto in pietra riscaldato dal sole, con un grande tavolo per mangiare tutti insieme, risate e conversazioni gioiose. Oh, e avevo bisogno di spazio per un orto, per alcuni vecchi ulivi e per dei viottoli ombreggiati dove passeggiare. Tutto questo a poca distanza da una citt\u00e0 di dimensioni decenti&#8230; Nel corso degli anni ho portato a termine questa storia d&#8217;amore. Il giardino \u00e8 maturato, cos\u00ec come io. L&#8217;Umbria mi delizia sempre di pi\u00f9, l&#8217;armonia e la tranquillit\u00e0 sono sempre pi\u00f9 apprezzate. Ho accolto tanti ragazzi fantastici da tutto il mondo. Molti di voi tornano, molti sono diventati amici importanti. Naturalmente ogni anno non vedo l&#8217;ora di dare il benvenuto a chi si avvicina per la prima volta. Bellaugello \u00e8 un luogo dove si creano amicizie, la magia qui \u00e8 forte. Sono molto fortunato, amo il mio lavoro. S\u00ec, Bellaugello \u00e8 il nome dell&#8217;azienda agricola, da oltre 400 anni. Certo, il nome ha un secondo significato, ma questo te lo posso dire solo di persona quando ci incontreremo&#8220;.<\/p>\n<p>Questo spirito ci ha sempre portato a Bellaugello e vogliamo condividerlo con te.<\/p>\n<\/div>\n        \t\t\t\t<\/div>\n\t\t\t\t<\/div>\n\t\t\t\t\t<\/div>\n\t\t<\/div>\n\t\t\t\t<div class=\"elementor-column elementor-col-50 elementor-top-column elementor-element elementor-element-74c8472\" data-id=\"74c8472\" data-element_type=\"column\" data-settings=\"{&quot;background_background&quot;:&quot;gradient&quot;}\">\n\t\t\t<div class=\"elementor-widget-wrap elementor-element-populated\">\n\t\t\t\t\t\t<div class=\"elementor-element elementor-element-f6bf858 elementor-widget__width-auto elementor-widget elementor-widget-image\" data-id=\"f6bf858\" data-element_type=\"widget\" data-widget_type=\"image.default\">\n\t\t\t\t<div class=\"elementor-widget-container\">\n\t\t\t\t\t\t\t\t\t\t\t\t\t\t\t<img decoding=\"async\" src=\"https:\/\/2ragazzi.com\/wp-content\/uploads\/2022\/03\/bellaugello-home-history.jpg\" title=\"\" alt=\"\" loading=\"lazy\" \/>\t\t\t\t\t\t\t\t\t\t\t\t\t\t\t<\/div>\n\t\t\t\t<\/div>\n\t\t\t\t\t<\/div>\n\t\t<\/div>\n\t\t\t\t\t<\/div>\n\t\t<\/section>\n\t\t\t\t<section class=\"elementor-section elementor-top-section elementor-element elementor-element-77a13e1 elementor-section-stretched elementor-section-content-middle elementor-section-boxed elementor-section-height-default elementor-section-height-default\" data-id=\"77a13e1\" data-element_type=\"section\" data-settings=\"{&quot;stretch_section&quot;:&quot;section-stretched&quot;}\">\n\t\t\t\t\t\t<div class=\"elementor-container elementor-column-gap-default\">\n\t\t\t\t\t<div class=\"elementor-column elementor-col-50 elementor-top-column elementor-element elementor-element-ee41826\" data-id=\"ee41826\" data-element_type=\"column\">\n\t\t\t<div class=\"elementor-widget-wrap elementor-element-populated\">\n\t\t\t\t\t\t<div class=\"elementor-element elementor-element-ae1f6c5 elementor-invisible elementor-widget elementor-widget-heading\" data-id=\"ae1f6c5\" data-element_type=\"widget\" data-settings=\"{&quot;_animation&quot;:&quot;opal-move-up&quot;}\" data-widget_type=\"heading.default\">\n\t\t\t\t<div class=\"elementor-widget-container\">\n\t\t\t\t\t<div class=\"elementor-heading-wrapper\" ><span class=\"sub-title\">BELLAUGELLO is sustainable<\/span><div class=\"elementor-heading-wrapper-inner\"><h2 class=\"elementor-heading-title elementor-size-default\">Verde significa pi\u00f9 felice!<\/h2><\/div><\/div>\t\t\t\t<\/div>\n\t\t\t\t<\/div>\n\t\t\t\t<div class=\"elementor-element elementor-element-21b5dba elementor-invisible elementor-widget elementor-widget-text-editor\" data-id=\"21b5dba\" data-element_type=\"widget\" data-settings=\"{&quot;_animation&quot;:&quot;opal-move-up&quot;}\" data-widget_type=\"text-editor.default\">\n\t\t\t\t<div class=\"elementor-widget-container\">\n\t\t\t\t\t        <div class=\"elementor-text-editor elementor-clearfix\"><p>Siamo molto attenti ad essere il pi\u00f9 ecologici possibile. Il nostro cibo proviene dalla fattoria o da produttori locali. Abbiamo introdotto saponi liquidi certificati &#8222;Trehs&#8220; per i bagni. Dove possibile, utilizziamo prodotti per la pulizia ecologici. La nostra piscina \u00e8 trattata con sale per ottenere un cloro pi\u00f9 ecologico. L&#8217;acqua calda \u00e8 riscaldata da pannelli solari e il nostro delizioso riscaldamento a pavimento \u00e8 gestito da una caldaia a biomassa.<\/p>\n<\/div>\n        \t\t\t\t<\/div>\n\t\t\t\t<\/div>\n\t\t\t\t\t<\/div>\n\t\t<\/div>\n\t\t\t\t<div class=\"elementor-column elementor-col-50 elementor-top-column elementor-element elementor-element-e2c3ed2\" data-id=\"e2c3ed2\" data-element_type=\"column\">\n\t\t\t<div class=\"elementor-widget-wrap elementor-element-populated\">\n\t\t\t\t\t\t<div class=\"elementor-element elementor-element-ef02b00 elementor-invisible elementor-widget elementor-widget-image\" data-id=\"ef02b00\" data-element_type=\"widget\" data-settings=\"{&quot;_animation&quot;:&quot;opal-move-up&quot;}\" data-widget_type=\"image.default\">\n\t\t\t\t<div class=\"elementor-widget-container\">\n\t\t\t\t\t\t\t\t\t\t\t\t\t\t\t<img decoding=\"async\" width=\"555\" height=\"548\" src=\"https:\/\/bellaugello.com\/wp-content\/uploads\/2022\/03\/bellaugello-green-ecological.jpg\" class=\"attachment-large size-large wp-image-21261\" alt=\"bellaugello green ecological\" srcset=\"https:\/\/bellaugello.com\/wp-content\/uploads\/2022\/03\/bellaugello-green-ecological.jpg 555w, https:\/\/bellaugello.com\/wp-content\/uploads\/2022\/03\/bellaugello-green-ecological-300x296.jpg 300w\" sizes=\"(max-width: 555px) 100vw, 555px\" \/>\t\t\t\t\t\t\t\t\t\t\t\t\t\t\t<\/div>\n\t\t\t\t<\/div>\n\t\t\t\t\t<\/div>\n\t\t<\/div>\n\t\t\t\t\t<\/div>\n\t\t<\/section>\n\t\t\t\t<\/div>\n\t\t","protected":false},"excerpt":{"rendered":"<p>About your hosts La vita \u00e8 adesso Dopo pi\u00f9 di 20 anni di lavoro in vari settori, abbiamo deciso di trasferirci dove parti delle nostre anime sono rimaste per qualche anno: a Bellaugello in Umbria, questo luogo magico sulle colline della tranquilla Valdichiascio, dove, fin dal primo sguardo, ci siamo sentiti profondamente legati. La nostra &hellip; <\/p>\n<p class=\"link-more\"><a href=\"https:\/\/bellaugello.com\/de\/informazioni-sui-tuoi-ospiti\/\" class=\"more-link\">Read More <span class=\"screen-reader-text\"> &#8222;Informazioni sui tuoi ospiti&#8220;<\/span><\/a><\/p>\n","protected":false},"author":8,"featured_media":0,"parent":0,"menu_order":0,"comment_status":"closed","ping_status":"closed","template":"","meta":{"footnotes":""},"class_list":["post-39592","page","type-page","status-publish","hentry"],"_links":{"self":[{"href":"https:\/\/bellaugello.com\/de\/wp-json\/wp\/v2\/pages\/39592","targetHints":{"allow":["GET"]}}],"collection":[{"href":"https:\/\/bellaugello.com\/de\/wp-json\/wp\/v2\/pages"}],"about":[{"href":"https:\/\/bellaugello.com\/de\/wp-json\/wp\/v2\/types\/page"}],"author":[{"embeddable":true,"href":"https:\/\/bellaugello.com\/de\/wp-json\/wp\/v2\/users\/8"}],"replies":[{"embeddable":true,"href":"https:\/\/bellaugello.com\/de\/wp-json\/wp\/v2\/comments?post=39592"}],"version-history":[{"count":8,"href":"https:\/\/bellaugello.com\/de\/wp-json\/wp\/v2\/pages\/39592\/revisions"}],"predecessor-version":[{"id":39634,"href":"https:\/\/bellaugello.com\/de\/wp-json\/wp\/v2\/pages\/39592\/revisions\/39634"}],"wp:attachment":[{"href":"https:\/\/bellaugello.com\/de\/wp-json\/wp\/v2\/media?parent=39592"}],"curies":[{"name":"wp","href":"https:\/\/api.w.org\/{rel}","templated":true}]}}